{"id":1252,"date":"2018-02-18T07:50:41","date_gmt":"2018-02-18T07:50:41","guid":{"rendered":"http:\/\/healthcoach.stylemixthemes.com\/demo\/?page_id=1252"},"modified":"2025-04-01T09:23:12","modified_gmt":"2025-04-01T07:23:12","slug":"home","status":"publish","type":"page","link":"https:\/\/licnirazvoj.rs\/ro\/","title":{"rendered":"Po\u010detna strana"},"content":{"rendered":"<div class=\"wpb-content-wrapper\"><p>[vc_row css=&#8221;.vc_custom_1607011486145{margin-bottom: 0px !important;}&#8221;][vc_column][rev_slider_vc alias=&#8221;home_slider&#8221; el_class=&#8221;sliderhp&#8221;][\/vc_column][\/vc_row][vc_section full_width=&#8221;stretch_row&#8221; content_placement=&#8221;middle&#8221; css=&#8221;.vc_custom_1607011835741{margin-top: 0px !important;margin-bottom: 0px !important;padding-top: 0px !important;padding-bottom: 0px !important;background-color: #f7f7f7 !important;}&#8221;][vc_row][vc_column][vc_raw_html]JTVCdGhyaXZlX2xlYWRzJTIwaWQlM0QlMjczNjAwJTI3JTVE[\/vc_raw_html][\/vc_column][\/vc_row][\/vc_section][vc_row show_bump=&#8221;true&#8221; css=&#8221;.vc_custom_1557686127690{margin-top: 60px !important;margin-bottom: 0px !important;padding-bottom: 20px !important;}&#8221; bump_color=&#8221;#ffffff&#8221;][vc_column][vc_custom_heading text=&#8221;Najnoviji tekstovi&#8221; font_container=&#8221;tag:h2|text_align:center&#8221; use_theme_fonts=&#8221;yes&#8221; css=&#8221;.vc_custom_1556186957385{margin-bottom: 54px !important;}&#8221; sep_position=&#8221;bottom&#8221; sep_aligment=&#8221;center&#8221; icon_hc=&#8221;hc-icon-smile&#8221; icon_size=&#8221;17px&#8221; link=&#8221;|||&#8221; sep_spacing_top=&#8221;14px&#8221;][vc_basic_grid post_type=&#8221;post&#8221; max_items=&#8221;100&#8243; style=&#8221;load-more&#8221; items_per_page=&#8221;3&#8243; show_filter=&#8221;yes&#8221; filter_default_title=&#8221;Svi tekstovi&#8221; initial_loading_animation=&#8221;none&#8221; btn_title=&#8221;U\u010ditajte jo\u0161 tekstova&#8221; btn_color=&#8221;green&#8221; grid_id=&#8221;vc_gid:1743492171427-187220fc-244c-7&#8243; filter_source=&#8221;category&#8221; exclude_filter=&#8221;4, 3, 1&#8243;][\/vc_column][\/vc_row][vc_row full_width=&#8221;stretch_row&#8221; gap=&#8221;10&#8243; css=&#8221;.vc_custom_1607012156299{margin-bottom: 0px !important;padding-top: 30px !important;padding-bottom: 30px !important;}&#8221;][vc_column][vc_row_inner][vc_column_inner width=&#8221;1\/6&#8243;][\/vc_column_inner][vc_column_inner width=&#8221;2\/3&#8243;][vc_raw_html]JTVCdGhyaXZlX2xlYWRzJTIwaWQlM0QlMjczNTg0JTI3JTVE[\/vc_raw_html][\/vc_column_inner][vc_column_inner width=&#8221;1\/6&#8243;][\/vc_column_inner][\/vc_row_inner][\/vc_column][\/vc_row][vc_row full_width=&#8221;stretch_row&#8221; content_placement=&#8221;middle&#8221; css=&#8221;.vc_custom_1727986097229{margin-bottom: 0px !important;padding-top: 50px !important;padding-bottom: 50px !important;background: #f5f4f3 url(http:\/\/licnirazvoj.rs\/wp-content\/uploads\/2018\/05\/bela-pozadina.jpg?id=2438) !important;}&#8221;][vc_column css=&#8221;.vc_custom_1527530478803{padding-top: 40px !important;padding-right: 20px !important;padding-bottom: 20px !important;padding-left: 20px !important;background-color: #ffffff !important;}&#8221;][vc_single_image image=&#8221;4262&#8243; img_size=&#8221;full&#8221; alignment=&#8221;center&#8221;][vc_custom_heading text=&#8221;Mora\u0161 malo o\u010dvrsnuti&#8221; font_container=&#8221;tag:h2|text_align:center&#8221; use_theme_fonts=&#8221;yes&#8221; css=&#8221;.vc_custom_1628862837440{margin-bottom: 36px !important;}&#8221; sep_position=&#8221;bottom&#8221; sep_aligment=&#8221;center&#8221; icon_aligment=&#8221;center&#8221; icon=&#8221;&#8221; icon_class=&#8221;hc-icon-smile&#8221; icon_size=&#8221;17px&#8221; icon_hc=&#8221;hc-icon-smile&#8221; link=&#8221;|||&#8221; sep_spacing_top=&#8221;14px&#8221;][vc_column_text css=&#8221;.vc_custom_1628862894640{padding-right: 20px !important;padding-left: 20px !important;}&#8221;]<\/p>\n<p style=\"text-align: center;\"><span style=\"font-size: 22px; line-height: 24px;\"><i>Da li ste, vi i va\u0161e dete, preosetljivi?<\/i><\/span><\/p>\n<p style=\"text-align: left;\"><span style=\"font-size: 22px; line-height: 24px;\"><i>Kada sam bila mala, \u010dinilo mi se da moj do\u017eivljaj situacija i me\u0111uljudskih odnosa ne poklapa sa do\u017eivljajima drugih ljudi, kao da ja tu ne\u0161to ne razumem dobro. Nikako mi nije bilo jasno kako je mogu\u0107e da ljudima bude lako da budu surovi i grubi. \u010cinilo mi se da mora da postoji neko logi\u010dno obja\u0161njenje za njihove postupke do kog ja jo\u0161 nisam do\u0161la. Sve sam jako te\u0161ko pro\u017eivljavala, ne samo ono \u0161to se meni de\u0161ava, ve\u0107 i svima oko mene, dok sam gledala druge kako kroz to prolaze s mnogo vi\u0161e lako\u0107e. Zbog toga sam se ose\u0107ala neuklopljeno i usamljeno.<\/i><\/span><\/p>\n<p style=\"text-align: left;\"><span style=\"font-size: 22px; line-height: 24px; color: #b75b89;\">Da li ste vi mo\u017eda bili takvi? Ili vas to podse\u0107a na va\u0161e dete?<\/span><\/p>\n<p style=\"text-align: right;\"><a href=\"http:\/\/licnirazvoj.rs\/moras-malo-ocvrsnuti\/\"><span style=\"font-size: 18px; line-height: 22px;\">*Pro\u010ditajte tekst u celosti ovde*<\/span><\/a><\/p>\n<p>[\/vc_column_text][\/vc_column][\/vc_row][vc_row full_width=&#8221;stretch_row&#8221; css=&#8221;.vc_custom_1622045924764{padding-top: 40px !important;padding-bottom: 40px !important;}&#8221;][vc_column][vc_custom_heading text=&#8221;Apari\u021bii&#8221; font_container=&#8221;tag:h2|text_align:center&#8221; use_theme_fonts=&#8221;yes&#8221; css=&#8221;.vc_custom_1742681075053{margin-bottom: 36px !important;}&#8221; sep_position=&#8221;bottom&#8221; sep_aligment=&#8221;center&#8221; icon_aligment=&#8221;center&#8221; icon=&#8221;&#8221; icon_class=&#8221;hc-icon-smile&#8221; icon_size=&#8221;17px&#8221; icon_hc=&#8221;hc-icon-smile&#8221; sep_spacing_top=&#8221;14px&#8221;][vc_gallery type=&#8221;image_grid&#8221; images=&#8221;4335,4336,4337,4338,4339,4340,4341,4343&#8243; img_size=&#8221;260&#215;200&#8243;][\/vc_column][\/vc_row][vc_section full_width=&#8221;stretch_row&#8221; css=&#8221;.vc_custom_1557686893389{background-color: #f7f7f7 !important;}&#8221;][vc_row][vc_column][vc_custom_heading text=&#8221;Priru\u010dnik za roditelje&#8221; font_container=&#8221;tag:h2|text_align:center&#8221; use_theme_fonts=&#8221;yes&#8221; css=&#8221;.vc_custom_1622042133111{padding-bottom: 30px !important;}&#8221; sep_position=&#8221;bottom&#8221; sep_aligment=&#8221;center&#8221; icon_hc=&#8221;hc-icon-smile&#8221; icon_size=&#8221;17px&#8221; link=&#8221;|||&#8221; sep_spacing_top=&#8221;14px&#8221;][vc_raw_html css=&#8221;.vc_custom_1622042449775{margin-top: -40px !important;}&#8221;]JTVCeW90dXdwJTIwdHlwZSUzRCUyMnZpZGVvcyUyMiUyMGlkJTNEJTIyeENsZ0QzWEU2b3clMjIlMjBwbGF5ZXIlM0QlMjJ3aWR0aCUzRDgwMCUyMiU1RA==[\/vc_raw_html][vc_row_inner css=&#8221;.vc_custom_1557686724094{margin-top: -30px !important;}&#8221;][vc_column_inner width=&#8221;1\/6&#8243;][\/vc_column_inner][vc_column_inner width=&#8221;2\/3&#8243;][vc_column_text]<\/p>\n<p style=\"text-align: center;\">Ideja priru\u010dnka &#8222;Volim \u0161to sam rodila tebe ba\u0161 takvu\/takvog&#8221; je da vam zaista pojednostavi proces vaspitanja, tako da lako usvojite i primenite pravilne obrasce.<\/p>\n<p>[\/vc_column_text][vc_btn title=&#8221;Saznajte vi\u0161e ili poru\u010dite&#8221; shape=&#8221;round&#8221; color=&#8221;warning&#8221; size=&#8221;lg&#8221; align=&#8221;center&#8221; i_icon_fontawesome=&#8221;fas fa-mouse-pointer&#8221; css=&#8221;.vc_custom_1698246863954{padding-bottom: 40px !important;}&#8221; add_icon=&#8221;true&#8221; link=&#8221;url:http%3A%2F%2Flicnirazvoj.rs%2Fvolim-sto-sam-rodila-bas-tebe-bas-takvu-takvog%2F&#8221;][\/vc_column_inner][vc_column_inner width=&#8221;1\/6&#8243;][\/vc_column_inner][\/vc_row_inner][\/vc_column][\/vc_row][\/vc_section][vc_row full_width=&#8221;stretch_row&#8221; show_bump=&#8221;true&#8221; css=&#8221;.vc_custom_1442836040620{margin-bottom: 0px !important;padding-top: 38px !important;padding-bottom: 74px !important;}&#8221; bump_color=&#8221;#ffffff&#8221;][vc_column][vc_custom_heading text=&#8221;Uspe\u0161ne pri\u010de&#8221; font_container=&#8221;tag:h2|text_align:center&#8221; use_theme_fonts=&#8221;yes&#8221; css=&#8221;.vc_custom_1527180730235{margin-bottom: 54px !important;}&#8221; sep_position=&#8221;bottom&#8221; sep_aligment=&#8221;center&#8221; icon_hc=&#8221;hc-icon-smile&#8221; icon_size=&#8221;17px&#8221; link=&#8221;|||&#8221;][vc_basic_grid post_type=&#8221;jetpack-testimonial&#8221; max_items=&#8221;-1&#8243; style=&#8221;pagination&#8221; items_per_page=&#8221;3&#8243; arrows_design=&#8221;vc_arrow-icon-arrow_04_left&#8221; arrows_position=&#8221;outside&#8221; arrows_color=&#8221;purple&#8221; paging_design=&#8221;round_fill_square_dots&#8221; paging_color=&#8221;purple&#8221; initial_loading_animation=&#8221;none&#8221; grid_id=&#8221;vc_gid:1743492171434-9b80ccf8-0f45-3&#8243;][\/vc_column][\/vc_row][vc_row full_width=&#8221;stretch_row&#8221; show_bump=&#8221;true&#8221; css=&#8221;.vc_custom_1727986404193{padding-top: 50px !important;padding-bottom: 50px !important;background-position: center !important;background-repeat: no-repeat !important;background-size: cover !important;}&#8221;][vc_column][vc_custom_heading text=&#8221;Solicita\u021bi informa\u021bii necesare sau programa\u021bi o consulta\u021bie&#8221; font_container=&#8221;tag:h2|text_align:center&#8221; use_theme_fonts=&#8221;yes&#8221; css=&#8221;.vc_custom_1742681117328{margin-bottom: 54px !important;}&#8221; sep_position=&#8221;bottom&#8221; sep_aligment=&#8221;center&#8221; icon_hc=&#8221;hc-icon-smile&#8221; icon_size=&#8221;17px&#8221; link=&#8221;|||&#8221;][vc_btn title=&#8221;Contacta\u021bi-ne&#8221; shape=&#8221;round&#8221; color=&#8221;purple&#8221; align=&#8221;center&#8221; i_icon_fontawesome=&#8221;far fa-envelope&#8221; css=&#8221;&#8221; add_icon=&#8221;true&#8221; link=&#8221;url:http%3A%2F%2Flicnirazvoj.rs%2Fro%2Fkontakt%2F&#8221;][\/vc_column][\/vc_row]<\/p>\n<\/div>","protected":false},"excerpt":{"rendered":"<p>[vc_row css=&#8221;.vc_custom_1607011486145{margin-bottom: 0px !important;}&#8221;][vc_column][rev_slider_vc alias=&#8221;home_slider&#8221; el_class=&#8221;sliderhp&#8221;][\/vc_column][\/vc_row][vc_section full_width=&#8221;stretch_row&#8221; content_placement=&#8221;middle&#8221; css=&#8221;.vc_custom_1607011835741{margin-top: 0px !important;margin-bottom: 0px !important;padding-top: 0px !important;padding-bottom:&#8230;<\/p>\n","protected":false},"author":1,"featured_media":0,"parent":0,"menu_order":0,"comment_status":"closed","ping_status":"closed","template":"","meta":{"_monsterinsights_skip_tracking":false,"_monsterinsights_sitenote_active":false,"_monsterinsights_sitenote_note":"","_monsterinsights_sitenote_category":0,"footnotes":""},"class_list":["post-1252","page","type-page","status-publish","hentry"],"yoast_head":"<!-- This site is optimized with the Yoast SEO plugin v23.3 - https:\/\/yoast.com\/wordpress\/plugins\/seo\/ -->\n<title>Udru\u017eenje roditelja Matica - Li\u010dni Razvoj - Biljana Grbovi\u0107<\/title>\n<meta name=\"description\" content=\"Cilj Udru\u017eenja roditelja Matica je osna\u017eiti i oplemeniti du\u0161e dece i odraslih tako \u0161to \u0107e zavoleti sebe, postati svesne i odgovorne osobe. Dobrodo\u0161li!\" \/>\n<meta name=\"robots\" content=\"index, follow, max-snippet:-1, max-image-preview:large, max-video-preview:-1\" \/>\n<link rel=\"canonical\" href=\"https:\/\/licnirazvoj.rs\/ro\/\" \/>\n<meta property=\"og:locale\" content=\"ro_RO\" \/>\n<meta property=\"og:locale:alternate\" content=\"sr_RS\" \/>\n<meta property=\"og:type\" content=\"article\" \/>\n<meta property=\"og:title\" content=\"Udru\u017eenje roditelja Matica - Li\u010dni Razvoj - Biljana Grbovi\u0107\" \/>\n<meta property=\"og:description\" content=\"Cilj Udru\u017eenja roditelja Matica je osna\u017eiti i oplemeniti du\u0161e dece i odraslih tako \u0161to \u0107e zavoleti sebe, postati svesne i odgovorne osobe. Dobrodo\u0161li!\" \/>\n<meta property=\"og:url\" content=\"https:\/\/licnirazvoj.rs\/ro\/\" \/>\n<meta property=\"og:site_name\" content=\"Li\u010dni Razvoj - Biljana Grbovi\u0107\" \/>\n<meta property=\"article:publisher\" content=\"https:\/\/www.facebook.com\/maticaudruzenjeroditelja\" \/>\n<meta property=\"article:modified_time\" content=\"2025-04-01T07:23:12+00:00\" \/>\n<meta name=\"twitter:card\" content=\"summary_large_image\" \/>\n<meta name=\"twitter:label1\" content=\"Timp estimat pentru citire\" \/>\n\t<meta name=\"twitter:data1\" content=\"3 minute\" \/>\n<script type=\"application\/ld+json\" class=\"yoast-schema-graph\">{\"@context\":\"https:\/\/schema.org\",\"@graph\":[{\"@type\":\"WebPage\",\"@id\":\"https:\/\/licnirazvoj.rs\/\",\"url\":\"https:\/\/licnirazvoj.rs\/\",\"name\":\"Udru\u017eenje roditelja Matica - Li\u010dni Razvoj - Biljana Grbovi\u0107\",\"isPartOf\":{\"@id\":\"https:\/\/licnirazvoj.rs\/#website\"},\"datePublished\":\"2018-02-18T07:50:41+00:00\",\"dateModified\":\"2025-04-01T07:23:12+00:00\",\"description\":\"Cilj Udru\u017eenja roditelja Matica je osna\u017eiti i oplemeniti du\u0161e dece i odraslih tako \u0161to \u0107e zavoleti sebe, postati svesne i odgovorne osobe. Dobrodo\u0161li!\",\"breadcrumb\":{\"@id\":\"https:\/\/licnirazvoj.rs\/#breadcrumb\"},\"inLanguage\":\"ro-RO\",\"potentialAction\":[{\"@type\":\"ReadAction\",\"target\":[\"https:\/\/licnirazvoj.rs\/\"]}]},{\"@type\":\"BreadcrumbList\",\"@id\":\"https:\/\/licnirazvoj.rs\/#breadcrumb\",\"itemListElement\":[{\"@type\":\"ListItem\",\"position\":1,\"name\":\"Po\u010detna\",\"item\":\"https:\/\/licnirazvoj.rs\/\"},{\"@type\":\"ListItem\",\"position\":2,\"name\":\"Po\u010detna strana\"}]},{\"@type\":\"WebSite\",\"@id\":\"https:\/\/licnirazvoj.rs\/#website\",\"url\":\"https:\/\/licnirazvoj.rs\/\",\"name\":\"Li\u010dni Razvoj - Biljana Grbovi\u0107\",\"description\":\"Udru\u017eenje roditelja Matica\",\"publisher\":{\"@id\":\"https:\/\/licnirazvoj.rs\/#\/schema\/person\/0773d084b790a9bb295bbf04f2e2fc9b\"},\"potentialAction\":[{\"@type\":\"SearchAction\",\"target\":{\"@type\":\"EntryPoint\",\"urlTemplate\":\"https:\/\/licnirazvoj.rs\/?s={search_term_string}\"},\"query-input\":\"required name=search_term_string\"}],\"inLanguage\":\"ro-RO\"},{\"@type\":[\"Person\",\"Organization\"],\"@id\":\"https:\/\/licnirazvoj.rs\/#\/schema\/person\/0773d084b790a9bb295bbf04f2e2fc9b\",\"name\":\"Biljana Grbovi\u0107\",\"image\":{\"@type\":\"ImageObject\",\"inLanguage\":\"ro-RO\",\"@id\":\"https:\/\/licnirazvoj.rs\/#\/schema\/person\/image\/\",\"url\":\"http:\/\/licnirazvoj.rs\/wp-content\/uploads\/2020\/08\/IBI_3240-795x530.jpg\",\"contentUrl\":\"http:\/\/licnirazvoj.rs\/wp-content\/uploads\/2020\/08\/IBI_3240-795x530.jpg\",\"width\":\"795\",\"height\":\"530\",\"caption\":\"Biljana Grbovi\u0107\"},\"logo\":{\"@id\":\"https:\/\/licnirazvoj.rs\/#\/schema\/person\/image\/\"},\"sameAs\":[\"http:\/\/licnirazvoj.rs\/\",\"https:\/\/www.facebook.com\/maticaudruzenjeroditelja\",\"https:\/\/www.instagram.com\/udruzenje_roditelja_matica\/\",\"https:\/\/www.youtube.com\/channel\/UCtoOPZc7FPAXLGna-JaofEQ\/\"]}]}<\/script>\n<!-- \/ Yoast SEO plugin. -->","yoast_head_json":{"title":"Udru\u017eenje roditelja Matica - Li\u010dni Razvoj - Biljana Grbovi\u0107","description":"Cilj Udru\u017eenja roditelja Matica je osna\u017eiti i oplemeniti du\u0161e dece i odraslih tako \u0161to \u0107e zavoleti sebe, postati svesne i odgovorne osobe. Dobrodo\u0161li!","robots":{"index":"index","follow":"follow","max-snippet":"max-snippet:-1","max-image-preview":"max-image-preview:large","max-video-preview":"max-video-preview:-1"},"canonical":"https:\/\/licnirazvoj.rs\/ro\/","og_locale":"ro_RO","og_type":"article","og_title":"Udru\u017eenje roditelja Matica - Li\u010dni Razvoj - Biljana Grbovi\u0107","og_description":"Cilj Udru\u017eenja roditelja Matica je osna\u017eiti i oplemeniti du\u0161e dece i odraslih tako \u0161to \u0107e zavoleti sebe, postati svesne i odgovorne osobe. Dobrodo\u0161li!","og_url":"https:\/\/licnirazvoj.rs\/ro\/","og_site_name":"Li\u010dni Razvoj - Biljana Grbovi\u0107","article_publisher":"https:\/\/www.facebook.com\/maticaudruzenjeroditelja","article_modified_time":"2025-04-01T07:23:12+00:00","twitter_card":"summary_large_image","twitter_misc":{"Timp estimat pentru citire":"3 minute"},"schema":{"@context":"https:\/\/schema.org","@graph":[{"@type":"WebPage","@id":"https:\/\/licnirazvoj.rs\/","url":"https:\/\/licnirazvoj.rs\/","name":"Udru\u017eenje roditelja Matica - Li\u010dni Razvoj - Biljana Grbovi\u0107","isPartOf":{"@id":"https:\/\/licnirazvoj.rs\/#website"},"datePublished":"2018-02-18T07:50:41+00:00","dateModified":"2025-04-01T07:23:12+00:00","description":"Cilj Udru\u017eenja roditelja Matica je osna\u017eiti i oplemeniti du\u0161e dece i odraslih tako \u0161to \u0107e zavoleti sebe, postati svesne i odgovorne osobe. Dobrodo\u0161li!","breadcrumb":{"@id":"https:\/\/licnirazvoj.rs\/#breadcrumb"},"inLanguage":"ro-RO","potentialAction":[{"@type":"ReadAction","target":["https:\/\/licnirazvoj.rs\/"]}]},{"@type":"BreadcrumbList","@id":"https:\/\/licnirazvoj.rs\/#breadcrumb","itemListElement":[{"@type":"ListItem","position":1,"name":"Po\u010detna","item":"https:\/\/licnirazvoj.rs\/"},{"@type":"ListItem","position":2,"name":"Po\u010detna strana"}]},{"@type":"WebSite","@id":"https:\/\/licnirazvoj.rs\/#website","url":"https:\/\/licnirazvoj.rs\/","name":"Li\u010dni Razvoj - Biljana Grbovi\u0107","description":"Udru\u017eenje roditelja Matica","publisher":{"@id":"https:\/\/licnirazvoj.rs\/#\/schema\/person\/0773d084b790a9bb295bbf04f2e2fc9b"},"potentialAction":[{"@type":"SearchAction","target":{"@type":"EntryPoint","urlTemplate":"https:\/\/licnirazvoj.rs\/?s={search_term_string}"},"query-input":"required name=search_term_string"}],"inLanguage":"ro-RO"},{"@type":["Person","Organization"],"@id":"https:\/\/licnirazvoj.rs\/#\/schema\/person\/0773d084b790a9bb295bbf04f2e2fc9b","name":"Biljana Grbovi\u0107","image":{"@type":"ImageObject","inLanguage":"ro-RO","@id":"https:\/\/licnirazvoj.rs\/#\/schema\/person\/image\/","url":"http:\/\/licnirazvoj.rs\/wp-content\/uploads\/2020\/08\/IBI_3240-795x530.jpg","contentUrl":"http:\/\/licnirazvoj.rs\/wp-content\/uploads\/2020\/08\/IBI_3240-795x530.jpg","width":"795","height":"530","caption":"Biljana Grbovi\u0107"},"logo":{"@id":"https:\/\/licnirazvoj.rs\/#\/schema\/person\/image\/"},"sameAs":["http:\/\/licnirazvoj.rs\/","https:\/\/www.facebook.com\/maticaudruzenjeroditelja","https:\/\/www.instagram.com\/udruzenje_roditelja_matica\/","https:\/\/www.youtube.com\/channel\/UCtoOPZc7FPAXLGna-JaofEQ\/"]}]}},"_links":{"self":[{"href":"https:\/\/licnirazvoj.rs\/ro\/wp-json\/wp\/v2\/pages\/1252","targetHints":{"allow":["GET"]}}],"collection":[{"href":"https:\/\/licnirazvoj.rs\/ro\/wp-json\/wp\/v2\/pages"}],"about":[{"href":"https:\/\/licnirazvoj.rs\/ro\/wp-json\/wp\/v2\/types\/page"}],"author":[{"embeddable":true,"href":"https:\/\/licnirazvoj.rs\/ro\/wp-json\/wp\/v2\/users\/1"}],"replies":[{"embeddable":true,"href":"https:\/\/licnirazvoj.rs\/ro\/wp-json\/wp\/v2\/comments?post=1252"}],"version-history":[{"count":9,"href":"https:\/\/licnirazvoj.rs\/ro\/wp-json\/wp\/v2\/pages\/1252\/revisions"}],"predecessor-version":[{"id":5595,"href":"https:\/\/licnirazvoj.rs\/ro\/wp-json\/wp\/v2\/pages\/1252\/revisions\/5595"}],"wp:attachment":[{"href":"https:\/\/licnirazvoj.rs\/ro\/wp-json\/wp\/v2\/media?parent=1252"}],"curies":[{"name":"wp","href":"https:\/\/api.w.org\/{rel}","templated":true}]}}