{"id":2049,"date":"2018-03-13T12:12:14","date_gmt":"2018-03-13T12:12:14","guid":{"rendered":"http:\/\/licnirazvoj.rs\/?page_id=2049"},"modified":"2019-08-30T08:24:19","modified_gmt":"2019-08-30T08:24:19","slug":"programi-za-razvoj-dece","status":"publish","type":"page","link":"https:\/\/licnirazvoj.rs\/ro\/programi-za-razvoj-dece\/","title":{"rendered":"Samopouzdano dete"},"content":{"rendered":"<div class=\"wpb-content-wrapper\"><p>[vc_row css=&#8221;.vc_custom_1530288646659{padding-top: 30px !important;}&#8221;][vc_column][vc_custom_heading text=&#8221;Programi za li\u010dni razvoj dece&#8221; font_container=&#8221;tag:h1|font_size:50px|text_align:center|color:%23444444&#8243; use_theme_fonts=&#8221;yes&#8221; sep_position=&#8221;bottom&#8221; sep_aligment=&#8221;center&#8221; icon_hc=&#8221;hc-icon-smile&#8221; icon_size=&#8221;17px&#8221; css=&#8221;.vc_custom_1530288608178{margin-bottom: 54px !important;}&#8221; link=&#8221;|||&#8221; sep_spacing_top=&#8221;14px&#8221;][vc_column_text css=&#8221;.vc_custom_1567153473200{margin-bottom: 50px !important;}&#8221;]<\/p>\n<h2><\/h2>\n<p><span style=\"font-size: 14pt; color: #000000;\">Razvijte samopouzdanje va\u0161e dece jer \u0107e ono obojiti njihovu budu\u0107nost! Podsti\u010dite njihovu emocionalnu i socijalnu inteligenciju\u00a0 da \u0161to ranije postanu svesni mo\u0107i svojih misli, ose\u0107anja, stavova, da se bolje sna\u0111u me\u0111u vr\u0161njacima, da nau\u010de kako da se opuste&#8230; Osim toga, ovaj program zna\u010dajno uti\u010de na razvoj svesne pa\u017enje \u0161to predstavlja sve \u010des\u0161\u0107i problem savremene dece!<\/span><\/p>\n<p>Ovaj program uklju\u010duje vrlo razli\u010dite aktivnosti kao \u0161to su gluma, pokret, misaone igre, vizuelizacije, afirmativno izra\u017eavanje, verbalne i manipulativne igre, verbalne ve\u017ebe&#8230;Sadr\u017eaji se \u010desto smenjuju tako da radionice budu zanimljive i da omogu\u0107e deci da na razli\u010dite na\u010dine stignu do istog cilja- da se dobro ose\u0107aju takvi kakvi su tj. da razviju zdravo samopouzdanje.<\/p>\n<p><span style=\"font-size: 14pt; color: #000000;\">Vi\u0161e informacija mo\u017eete dobiti na telefon 063 622 900.<\/span><\/p>\n<p>U slu\u010daju da \u017eelite da se prijavite, popunite formular ispod.<\/p>\n<p><img loading=\"lazy\" decoding=\"async\" class=\"alignnone size-medium wp-image-3357\" src=\"http:\/\/licnirazvoj.rs\/wp-content\/uploads\/2019\/08\/20190417_193415-300x225.jpg\" alt=\"\" width=\"300\" height=\"225\" srcset=\"https:\/\/licnirazvoj.rs\/wp-content\/uploads\/2019\/08\/20190417_193415-300x225.jpg 300w, https:\/\/licnirazvoj.rs\/wp-content\/uploads\/2019\/08\/20190417_193415-1024x768.jpg 1024w, https:\/\/licnirazvoj.rs\/wp-content\/uploads\/2019\/08\/20190417_193415-768x576.jpg 768w, https:\/\/licnirazvoj.rs\/wp-content\/uploads\/2019\/08\/20190417_193415-1536x1152.jpg 1536w, https:\/\/licnirazvoj.rs\/wp-content\/uploads\/2019\/08\/20190417_193415-2048x1536.jpg 2048w, https:\/\/licnirazvoj.rs\/wp-content\/uploads\/2019\/08\/20190417_193415-725x544.jpg 725w\" sizes=\"auto, (max-width: 300px) 100vw, 300px\" \/><img loading=\"lazy\" decoding=\"async\" class=\"alignnone size-medium wp-image-3358\" src=\"http:\/\/licnirazvoj.rs\/wp-content\/uploads\/2019\/08\/20190528_193941-300x225.jpg\" alt=\"\" width=\"300\" height=\"225\" srcset=\"https:\/\/licnirazvoj.rs\/wp-content\/uploads\/2019\/08\/20190528_193941-300x225.jpg 300w, https:\/\/licnirazvoj.rs\/wp-content\/uploads\/2019\/08\/20190528_193941-1024x768.jpg 1024w, https:\/\/licnirazvoj.rs\/wp-content\/uploads\/2019\/08\/20190528_193941-768x576.jpg 768w, https:\/\/licnirazvoj.rs\/wp-content\/uploads\/2019\/08\/20190528_193941-1536x1152.jpg 1536w, https:\/\/licnirazvoj.rs\/wp-content\/uploads\/2019\/08\/20190528_193941-2048x1536.jpg 2048w, https:\/\/licnirazvoj.rs\/wp-content\/uploads\/2019\/08\/20190528_193941-725x544.jpg 725w\" sizes=\"auto, (max-width: 300px) 100vw, 300px\" \/><img loading=\"lazy\" decoding=\"async\" class=\"alignnone size-medium wp-image-3356\" src=\"http:\/\/licnirazvoj.rs\/wp-content\/uploads\/2019\/08\/DSC00237-300x225.jpg\" alt=\"\" width=\"300\" height=\"225\" srcset=\"https:\/\/licnirazvoj.rs\/wp-content\/uploads\/2019\/08\/DSC00237-300x225.jpg 300w, https:\/\/licnirazvoj.rs\/wp-content\/uploads\/2019\/08\/DSC00237.jpg 640w\" sizes=\"auto, (max-width: 300px) 100vw, 300px\" \/><img loading=\"lazy\" decoding=\"async\" class=\"alignnone size-medium wp-image-3355\" src=\"http:\/\/licnirazvoj.rs\/wp-content\/uploads\/2019\/08\/DSC00061-300x225.jpg\" alt=\"\" width=\"300\" height=\"225\" srcset=\"https:\/\/licnirazvoj.rs\/wp-content\/uploads\/2019\/08\/DSC00061-300x225.jpg 300w, https:\/\/licnirazvoj.rs\/wp-content\/uploads\/2019\/08\/DSC00061.jpg 640w\" sizes=\"auto, (max-width: 300px) 100vw, 300px\" \/><img loading=\"lazy\" decoding=\"async\" class=\"alignnone size-medium wp-image-3359\" src=\"http:\/\/licnirazvoj.rs\/wp-content\/uploads\/2019\/08\/20190530_195640-300x225.jpg\" alt=\"\" width=\"300\" height=\"225\" \/><img loading=\"lazy\" decoding=\"async\" class=\"alignnone size-medium wp-image-3360\" src=\"http:\/\/licnirazvoj.rs\/wp-content\/uploads\/2019\/08\/IMG-337e05fd51da3dada4117922aa219b55-V-300x169.jpg\" alt=\"\" width=\"300\" height=\"169\" srcset=\"https:\/\/licnirazvoj.rs\/wp-content\/uploads\/2019\/08\/IMG-337e05fd51da3dada4117922aa219b55-V-300x169.jpg 300w, https:\/\/licnirazvoj.rs\/wp-content\/uploads\/2019\/08\/IMG-337e05fd51da3dada4117922aa219b55-V-768x432.jpg 768w, https:\/\/licnirazvoj.rs\/wp-content\/uploads\/2019\/08\/IMG-337e05fd51da3dada4117922aa219b55-V-795x447.jpg 795w, https:\/\/licnirazvoj.rs\/wp-content\/uploads\/2019\/08\/IMG-337e05fd51da3dada4117922aa219b55-V.jpg 1280w\" sizes=\"auto, (max-width: 300px) 100vw, 300px\" \/>[\/vc_column_text][vc_separator][vc_custom_heading text=&#8221;Najnovije objave&#8221; font_container=&#8221;tag:h2|text_align:center&#8221; use_theme_fonts=&#8221;yes&#8221; sep_position=&#8221;bottom&#8221; sep_aligment=&#8221;center&#8221; icon_hc=&#8221;hc-icon-smile&#8221; icon_size=&#8221;17px&#8221; css=&#8221;.vc_custom_1530288956979{margin-bottom: 54px !important;}&#8221; link=&#8221;|||&#8221; sep_spacing_top=&#8221;14px&#8221;][vc_basic_grid post_type=&#8221;post&#8221; max_items=&#8221;4&#8243; element_width=&#8221;3&#8243; grid_id=&#8221;vc_gid:1567153395541-85318e2e-b7fd-6&#8243; taxonomies=&#8221;2&#8243;][\/vc_column][\/vc_row][vc_row][vc_column]\n<div class=\"wpcf7 no-js\" id=\"wpcf7-f168-o1\" lang=\"en-US\" dir=\"ltr\" data-wpcf7-id=\"168\">\n<div class=\"screen-reader-response\"><p role=\"status\" aria-live=\"polite\" aria-atomic=\"true\"><\/p> <ul><\/ul><\/div>\n<form action=\"\/ro\/wp-json\/wp\/v2\/pages\/2049#wpcf7-f168-o1\" method=\"post\" class=\"wpcf7-form init\" aria-label=\"Contact form\" novalidate=\"novalidate\" data-status=\"init\">\n<fieldset class=\"hidden-fields-container\"><input type=\"hidden\" name=\"_wpcf7\" value=\"168\" \/><input type=\"hidden\" name=\"_wpcf7_version\" value=\"6.1.5\" \/><input type=\"hidden\" name=\"_wpcf7_locale\" value=\"en_US\" \/><input type=\"hidden\" name=\"_wpcf7_unit_tag\" value=\"wpcf7-f168-o1\" \/><input type=\"hidden\" name=\"_wpcf7_container_post\" value=\"0\" \/><input type=\"hidden\" name=\"_wpcf7_posted_data_hash\" value=\"\" \/><input type=\"hidden\" name=\"lang\" value=\"ro\" \/><input type=\"hidden\" name=\"_wpcf7_recaptcha_response\" value=\"\" \/>\n<\/fieldset>\n<div class=\"row\">\n\t<div class=\"col-lg-4 col-md-4 col-sm-12 col-xs-12\">\n\t\t<p><span class=\"wpcf7-form-control-wrap\" data-name=\"cf-1-name\"><input size=\"40\" maxlength=\"400\" class=\"wpcf7-form-control wpcf7-text wpcf7-validates-as-required\" aria-required=\"true\" aria-invalid=\"false\" placeholder=\"Va\u0161e ime\" value=\"\" type=\"text\" name=\"cf-1-name\" \/><\/span>\n\t\t<\/p>\n\t<\/div>\n\t<div class=\"col-lg-4 col-md-4 col-sm-12 col-xs-12\">\n\t\t<p><span class=\"wpcf7-form-control-wrap\" data-name=\"cf-1-email\"><input size=\"40\" maxlength=\"400\" class=\"wpcf7-form-control wpcf7-email wpcf7-validates-as-required wpcf7-text wpcf7-validates-as-email\" aria-required=\"true\" aria-invalid=\"false\" placeholder=\"E-mail\" value=\"\" type=\"email\" name=\"cf-1-email\" \/><\/span>\n\t\t<\/p>\n\t<\/div>\n\t<div class=\"col-lg-4 col-md-4 col-sm-12 col-xs-12\">\n\t\t<p><span class=\"wpcf7-form-control-wrap\" data-name=\"cf-1-phone\"><input size=\"40\" maxlength=\"400\" class=\"wpcf7-form-control wpcf7-tel wpcf7-text wpcf7-validates-as-tel\" aria-invalid=\"false\" placeholder=\"Br. telefona\" value=\"\" type=\"tel\" name=\"cf-1-phone\" \/><\/span>\n\t\t<\/p>\n\t<\/div>\n<\/div>\n<div>\n\t<p><span class=\"wpcf7-form-control-wrap\" data-name=\"cf-1-message\"><textarea cols=\"40\" rows=\"10\" maxlength=\"2000\" class=\"wpcf7-form-control wpcf7-textarea\" aria-invalid=\"false\" placeholder=\"Va\u0161a poruka\" name=\"cf-1-message\"><\/textarea><\/span>\n\t<\/p>\n<\/div>\n\n<p>Molimo Vas da potvrdite ovo polje\n<\/p>\n<div class=\"text-center\">\n\t<p><input class=\"wpcf7-form-control wpcf7-submit has-spinner btn btn_view_primary\" type=\"submit\" value=\"Po\u0161alji poruku\" \/>\n\t<\/p>\n<\/div><p style=\"display: none !important;\" class=\"akismet-fields-container\" data-prefix=\"_wpcf7_ak_\"><label>&#916;<textarea name=\"_wpcf7_ak_hp_textarea\" cols=\"45\" rows=\"8\" maxlength=\"100\"><\/textarea><\/label><input type=\"hidden\" id=\"ak_js_1\" name=\"_wpcf7_ak_js\" value=\"31\"\/><script>document.getElementById( \"ak_js_1\" ).setAttribute( \"value\", ( new Date() ).getTime() );<\/script><\/p><div class=\"wpcf7-response-output\" aria-hidden=\"true\"><\/div>\n<\/form>\n<\/div>\n[\/vc_column][\/vc_row]<\/p>\n<\/div>","protected":false},"excerpt":{"rendered":"<p>[vc_row css=&#8221;.vc_custom_1530288646659{padding-top: 30px !important;}&#8221;][vc_column][vc_custom_heading text=&#8221;Programi za li\u010dni razvoj dece&#8221; font_container=&#8221;tag:h1|font_size:50px|text_align:center|color:%23444444&#8243; use_theme_fonts=&#8221;yes&#8221; sep_position=&#8221;bottom&#8221; sep_aligment=&#8221;center&#8221; icon_hc=&#8221;hc-icon-smile&#8221; icon_size=&#8221;17px&#8221;&#8230;<\/p>\n","protected":false},"author":2,"featured_media":2833,"parent":0,"menu_order":0,"comment_status":"closed","ping_status":"closed","template":"","meta":{"_monsterinsights_skip_tracking":false,"_monsterinsights_sitenote_active":false,"_monsterinsights_sitenote_note":"","_monsterinsights_sitenote_category":0,"footnotes":""},"class_list":["post-2049","page","type-page","status-publish","has-post-thumbnail","hentry"],"yoast_head":"<!-- This site is optimized with the Yoast SEO plugin v23.3 - https:\/\/yoast.com\/wordpress\/plugins\/seo\/ -->\n<title>Samopouzdano dete - Li\u010dni Razvoj - Biljana Grbovi\u0107<\/title>\n<meta name=\"description\" content=\"Program koji sprovodimo nastao je pre 15 godina u Velikoj Britaniji. Zove se Relax kids. On ima za cilj da pomogne deci da\u00a0 razviju svoju emocionalnu i socijalnu inteligenciju, da \u0161to ranije postanu sveni mo\u0107i svojih misli, ose\u0107anja, stavova, da se bolje sna\u0111u me\u0111u vr\u0161njacima, da nau\u010de kako da se opuste.\" \/>\n<meta name=\"robots\" content=\"index, follow, max-snippet:-1, max-image-preview:large, max-video-preview:-1\" \/>\n<link rel=\"canonical\" href=\"https:\/\/licnirazvoj.rs\/ro\/programi-za-razvoj-dece\/\" \/>\n<meta property=\"og:locale\" content=\"ro_RO\" \/>\n<meta property=\"og:locale:alternate\" content=\"sr_RS\" \/>\n<meta property=\"og:type\" content=\"article\" \/>\n<meta property=\"og:title\" content=\"Samopouzdano dete - Li\u010dni Razvoj - Biljana Grbovi\u0107\" \/>\n<meta property=\"og:description\" content=\"Program koji sprovodimo nastao je pre 15 godina u Velikoj Britaniji. Zove se Relax kids. On ima za cilj da pomogne deci da\u00a0 razviju svoju emocionalnu i socijalnu inteligenciju, da \u0161to ranije postanu sveni mo\u0107i svojih misli, ose\u0107anja, stavova, da se bolje sna\u0111u me\u0111u vr\u0161njacima, da nau\u010de kako da se opuste.\" \/>\n<meta property=\"og:url\" content=\"https:\/\/licnirazvoj.rs\/ro\/programi-za-razvoj-dece\/\" \/>\n<meta property=\"og:site_name\" content=\"Li\u010dni Razvoj - Biljana Grbovi\u0107\" \/>\n<meta property=\"article:publisher\" content=\"https:\/\/www.facebook.com\/maticaudruzenjeroditelja\" \/>\n<meta property=\"article:modified_time\" content=\"2019-08-30T08:24:19+00:00\" \/>\n<meta property=\"og:image\" content=\"https:\/\/licnirazvoj.rs\/wp-content\/uploads\/2018\/08\/slika-radionica-za-razvoj-dece.jpg\" \/>\n\t<meta property=\"og:image:width\" content=\"795\" \/>\n\t<meta property=\"og:image:height\" content=\"500\" \/>\n\t<meta property=\"og:image:type\" content=\"image\/jpeg\" \/>\n<meta name=\"twitter:card\" content=\"summary_large_image\" \/>\n<meta name=\"twitter:label1\" content=\"Timp estimat pentru citire\" \/>\n\t<meta name=\"twitter:data1\" content=\"1 minut\" \/>\n<script type=\"application\/ld+json\" class=\"yoast-schema-graph\">{\"@context\":\"https:\/\/schema.org\",\"@graph\":[{\"@type\":\"WebPage\",\"@id\":\"https:\/\/licnirazvoj.rs\/programi-za-razvoj-dece\/\",\"url\":\"https:\/\/licnirazvoj.rs\/programi-za-razvoj-dece\/\",\"name\":\"Samopouzdano dete - Li\u010dni Razvoj - Biljana Grbovi\u0107\",\"isPartOf\":{\"@id\":\"https:\/\/licnirazvoj.rs\/#website\"},\"primaryImageOfPage\":{\"@id\":\"https:\/\/licnirazvoj.rs\/programi-za-razvoj-dece\/#primaryimage\"},\"image\":{\"@id\":\"https:\/\/licnirazvoj.rs\/programi-za-razvoj-dece\/#primaryimage\"},\"thumbnailUrl\":\"https:\/\/licnirazvoj.rs\/wp-content\/uploads\/2018\/08\/slika-radionica-za-razvoj-dece.jpg\",\"datePublished\":\"2018-03-13T12:12:14+00:00\",\"dateModified\":\"2019-08-30T08:24:19+00:00\",\"description\":\"Program koji sprovodimo nastao je pre 15 godina u Velikoj Britaniji. Zove se Relax kids. On ima za cilj da pomogne deci da\u00a0 razviju svoju emocionalnu i socijalnu inteligenciju, da \u0161to ranije postanu sveni mo\u0107i svojih misli, ose\u0107anja, stavova, da se bolje sna\u0111u me\u0111u vr\u0161njacima, da nau\u010de kako da se opuste.\",\"breadcrumb\":{\"@id\":\"https:\/\/licnirazvoj.rs\/programi-za-razvoj-dece\/#breadcrumb\"},\"inLanguage\":\"ro-RO\",\"potentialAction\":[{\"@type\":\"ReadAction\",\"target\":[\"https:\/\/licnirazvoj.rs\/programi-za-razvoj-dece\/\"]}]},{\"@type\":\"ImageObject\",\"inLanguage\":\"ro-RO\",\"@id\":\"https:\/\/licnirazvoj.rs\/programi-za-razvoj-dece\/#primaryimage\",\"url\":\"https:\/\/licnirazvoj.rs\/wp-content\/uploads\/2018\/08\/slika-radionica-za-razvoj-dece.jpg\",\"contentUrl\":\"https:\/\/licnirazvoj.rs\/wp-content\/uploads\/2018\/08\/slika-radionica-za-razvoj-dece.jpg\",\"width\":795,\"height\":500},{\"@type\":\"BreadcrumbList\",\"@id\":\"https:\/\/licnirazvoj.rs\/programi-za-razvoj-dece\/#breadcrumb\",\"itemListElement\":[{\"@type\":\"ListItem\",\"position\":1,\"name\":\"Po\u010detna\",\"item\":\"https:\/\/licnirazvoj.rs\/\"},{\"@type\":\"ListItem\",\"position\":2,\"name\":\"Samopouzdano dete\"}]},{\"@type\":\"WebSite\",\"@id\":\"https:\/\/licnirazvoj.rs\/#website\",\"url\":\"https:\/\/licnirazvoj.rs\/\",\"name\":\"Li\u010dni Razvoj - Biljana Grbovi\u0107\",\"description\":\"Udru\u017eenje roditelja Matica\",\"publisher\":{\"@id\":\"https:\/\/licnirazvoj.rs\/#\/schema\/person\/0773d084b790a9bb295bbf04f2e2fc9b\"},\"potentialAction\":[{\"@type\":\"SearchAction\",\"target\":{\"@type\":\"EntryPoint\",\"urlTemplate\":\"https:\/\/licnirazvoj.rs\/?s={search_term_string}\"},\"query-input\":\"required name=search_term_string\"}],\"inLanguage\":\"ro-RO\"},{\"@type\":[\"Person\",\"Organization\"],\"@id\":\"https:\/\/licnirazvoj.rs\/#\/schema\/person\/0773d084b790a9bb295bbf04f2e2fc9b\",\"name\":\"Biljana Grbovi\u0107\",\"image\":{\"@type\":\"ImageObject\",\"inLanguage\":\"ro-RO\",\"@id\":\"https:\/\/licnirazvoj.rs\/#\/schema\/person\/image\/\",\"url\":\"http:\/\/licnirazvoj.rs\/wp-content\/uploads\/2020\/08\/IBI_3240-795x530.jpg\",\"contentUrl\":\"http:\/\/licnirazvoj.rs\/wp-content\/uploads\/2020\/08\/IBI_3240-795x530.jpg\",\"width\":\"795\",\"height\":\"530\",\"caption\":\"Biljana Grbovi\u0107\"},\"logo\":{\"@id\":\"https:\/\/licnirazvoj.rs\/#\/schema\/person\/image\/\"},\"sameAs\":[\"http:\/\/licnirazvoj.rs\/\",\"https:\/\/www.facebook.com\/maticaudruzenjeroditelja\",\"https:\/\/www.instagram.com\/udruzenje_roditelja_matica\/\",\"https:\/\/www.youtube.com\/channel\/UCtoOPZc7FPAXLGna-JaofEQ\/\"]}]}<\/script>\n<!-- \/ Yoast SEO plugin. -->","yoast_head_json":{"title":"Samopouzdano dete - Li\u010dni Razvoj - Biljana Grbovi\u0107","description":"Program koji sprovodimo nastao je pre 15 godina u Velikoj Britaniji. Zove se Relax kids. On ima za cilj da pomogne deci da\u00a0 razviju svoju emocionalnu i socijalnu inteligenciju, da \u0161to ranije postanu sveni mo\u0107i svojih misli, ose\u0107anja, stavova, da se bolje sna\u0111u me\u0111u vr\u0161njacima, da nau\u010de kako da se opuste.","robots":{"index":"index","follow":"follow","max-snippet":"max-snippet:-1","max-image-preview":"max-image-preview:large","max-video-preview":"max-video-preview:-1"},"canonical":"https:\/\/licnirazvoj.rs\/ro\/programi-za-razvoj-dece\/","og_locale":"ro_RO","og_type":"article","og_title":"Samopouzdano dete - Li\u010dni Razvoj - Biljana Grbovi\u0107","og_description":"Program koji sprovodimo nastao je pre 15 godina u Velikoj Britaniji. Zove se Relax kids. On ima za cilj da pomogne deci da\u00a0 razviju svoju emocionalnu i socijalnu inteligenciju, da \u0161to ranije postanu sveni mo\u0107i svojih misli, ose\u0107anja, stavova, da se bolje sna\u0111u me\u0111u vr\u0161njacima, da nau\u010de kako da se opuste.","og_url":"https:\/\/licnirazvoj.rs\/ro\/programi-za-razvoj-dece\/","og_site_name":"Li\u010dni Razvoj - Biljana Grbovi\u0107","article_publisher":"https:\/\/www.facebook.com\/maticaudruzenjeroditelja","article_modified_time":"2019-08-30T08:24:19+00:00","og_image":[{"width":795,"height":500,"url":"https:\/\/licnirazvoj.rs\/wp-content\/uploads\/2018\/08\/slika-radionica-za-razvoj-dece.jpg","type":"image\/jpeg"}],"twitter_card":"summary_large_image","twitter_misc":{"Timp estimat pentru citire":"1 minut"},"schema":{"@context":"https:\/\/schema.org","@graph":[{"@type":"WebPage","@id":"https:\/\/licnirazvoj.rs\/programi-za-razvoj-dece\/","url":"https:\/\/licnirazvoj.rs\/programi-za-razvoj-dece\/","name":"Samopouzdano dete - Li\u010dni Razvoj - Biljana Grbovi\u0107","isPartOf":{"@id":"https:\/\/licnirazvoj.rs\/#website"},"primaryImageOfPage":{"@id":"https:\/\/licnirazvoj.rs\/programi-za-razvoj-dece\/#primaryimage"},"image":{"@id":"https:\/\/licnirazvoj.rs\/programi-za-razvoj-dece\/#primaryimage"},"thumbnailUrl":"https:\/\/licnirazvoj.rs\/wp-content\/uploads\/2018\/08\/slika-radionica-za-razvoj-dece.jpg","datePublished":"2018-03-13T12:12:14+00:00","dateModified":"2019-08-30T08:24:19+00:00","description":"Program koji sprovodimo nastao je pre 15 godina u Velikoj Britaniji. Zove se Relax kids. On ima za cilj da pomogne deci da\u00a0 razviju svoju emocionalnu i socijalnu inteligenciju, da \u0161to ranije postanu sveni mo\u0107i svojih misli, ose\u0107anja, stavova, da se bolje sna\u0111u me\u0111u vr\u0161njacima, da nau\u010de kako da se opuste.","breadcrumb":{"@id":"https:\/\/licnirazvoj.rs\/programi-za-razvoj-dece\/#breadcrumb"},"inLanguage":"ro-RO","potentialAction":[{"@type":"ReadAction","target":["https:\/\/licnirazvoj.rs\/programi-za-razvoj-dece\/"]}]},{"@type":"ImageObject","inLanguage":"ro-RO","@id":"https:\/\/licnirazvoj.rs\/programi-za-razvoj-dece\/#primaryimage","url":"https:\/\/licnirazvoj.rs\/wp-content\/uploads\/2018\/08\/slika-radionica-za-razvoj-dece.jpg","contentUrl":"https:\/\/licnirazvoj.rs\/wp-content\/uploads\/2018\/08\/slika-radionica-za-razvoj-dece.jpg","width":795,"height":500},{"@type":"BreadcrumbList","@id":"https:\/\/licnirazvoj.rs\/programi-za-razvoj-dece\/#breadcrumb","itemListElement":[{"@type":"ListItem","position":1,"name":"Po\u010detna","item":"https:\/\/licnirazvoj.rs\/"},{"@type":"ListItem","position":2,"name":"Samopouzdano dete"}]},{"@type":"WebSite","@id":"https:\/\/licnirazvoj.rs\/#website","url":"https:\/\/licnirazvoj.rs\/","name":"Li\u010dni Razvoj - Biljana Grbovi\u0107","description":"Udru\u017eenje roditelja Matica","publisher":{"@id":"https:\/\/licnirazvoj.rs\/#\/schema\/person\/0773d084b790a9bb295bbf04f2e2fc9b"},"potentialAction":[{"@type":"SearchAction","target":{"@type":"EntryPoint","urlTemplate":"https:\/\/licnirazvoj.rs\/?s={search_term_string}"},"query-input":"required name=search_term_string"}],"inLanguage":"ro-RO"},{"@type":["Person","Organization"],"@id":"https:\/\/licnirazvoj.rs\/#\/schema\/person\/0773d084b790a9bb295bbf04f2e2fc9b","name":"Biljana Grbovi\u0107","image":{"@type":"ImageObject","inLanguage":"ro-RO","@id":"https:\/\/licnirazvoj.rs\/#\/schema\/person\/image\/","url":"http:\/\/licnirazvoj.rs\/wp-content\/uploads\/2020\/08\/IBI_3240-795x530.jpg","contentUrl":"http:\/\/licnirazvoj.rs\/wp-content\/uploads\/2020\/08\/IBI_3240-795x530.jpg","width":"795","height":"530","caption":"Biljana Grbovi\u0107"},"logo":{"@id":"https:\/\/licnirazvoj.rs\/#\/schema\/person\/image\/"},"sameAs":["http:\/\/licnirazvoj.rs\/","https:\/\/www.facebook.com\/maticaudruzenjeroditelja","https:\/\/www.instagram.com\/udruzenje_roditelja_matica\/","https:\/\/www.youtube.com\/channel\/UCtoOPZc7FPAXLGna-JaofEQ\/"]}]}},"_links":{"self":[{"href":"https:\/\/licnirazvoj.rs\/ro\/wp-json\/wp\/v2\/pages\/2049","targetHints":{"allow":["GET"]}}],"collection":[{"href":"https:\/\/licnirazvoj.rs\/ro\/wp-json\/wp\/v2\/pages"}],"about":[{"href":"https:\/\/licnirazvoj.rs\/ro\/wp-json\/wp\/v2\/types\/page"}],"author":[{"embeddable":true,"href":"https:\/\/licnirazvoj.rs\/ro\/wp-json\/wp\/v2\/users\/2"}],"replies":[{"embeddable":true,"href":"https:\/\/licnirazvoj.rs\/ro\/wp-json\/wp\/v2\/comments?post=2049"}],"version-history":[{"count":27,"href":"https:\/\/licnirazvoj.rs\/ro\/wp-json\/wp\/v2\/pages\/2049\/revisions"}],"predecessor-version":[{"id":3376,"href":"https:\/\/licnirazvoj.rs\/ro\/wp-json\/wp\/v2\/pages\/2049\/revisions\/3376"}],"wp:featuredmedia":[{"embeddable":true,"href":"https:\/\/licnirazvoj.rs\/ro\/wp-json\/wp\/v2\/media\/2833"}],"wp:attachment":[{"href":"https:\/\/licnirazvoj.rs\/ro\/wp-json\/wp\/v2\/media?parent=2049"}],"curies":[{"name":"wp","href":"https:\/\/api.w.org\/{rel}","templated":true}]}}