{"id":2198,"date":"2018-04-09T15:34:35","date_gmt":"2018-04-09T15:34:35","guid":{"rendered":"http:\/\/licnirazvoj.rs\/?page_id=2198"},"modified":"2018-04-10T09:12:56","modified_gmt":"2018-04-10T09:12:56","slug":"kako-da-izgradite-dobre-odnose-medu-bracom-sestrama","status":"publish","type":"page","link":"https:\/\/licnirazvoj.rs\/ro\/kako-da-izgradite-dobre-odnose-medu-bracom-sestrama\/","title":{"rendered":"Kako da izgradite dobre odnose me\u0111u bra\u0107om i sestrama"},"content":{"rendered":"<p><img loading=\"lazy\" decoding=\"async\" class=\"aligncenter wp-image-2157 size-large\" src=\"http:\/\/licnirazvoj.rs\/wp-content\/uploads\/2018\/04\/brac\u0301a-i-sestre-795x530.jpg\" alt=\"\" width=\"795\" height=\"530\" srcset=\"https:\/\/licnirazvoj.rs\/wp-content\/uploads\/2018\/04\/brac\u0301a-i-sestre-795x530.jpg 795w, https:\/\/licnirazvoj.rs\/wp-content\/uploads\/2018\/04\/brac\u0301a-i-sestre-300x200.jpg 300w, https:\/\/licnirazvoj.rs\/wp-content\/uploads\/2018\/04\/brac\u0301a-i-sestre-768x512.jpg 768w, https:\/\/licnirazvoj.rs\/wp-content\/uploads\/2018\/04\/brac\u0301a-i-sestre.jpg 960w\" sizes=\"auto, (max-width: 795px) 100vw, 795px\" \/><\/p>\n<h3><strong><span style=\"font-size: 24pt; color: #000000;\">Kako da izgradite dobre odnose me\u0111u bra\u0107om i sestrama<\/span><\/strong><\/h3>\n<p><span style=\"font-size: 14pt; color: #000000;\">Radionica je namenjena roditeljima koji imaju dvoje i vi\u0161e dece, a koji su svesni zna\u010daja dobrih odnosa izme\u0111u bra\u0107e i sestara. Ovo su veoma specifi\u010dni odnosi i \u010desto ostavljaju zna\u010dajan trag na formiranje li\u010dnosti, a na \u017ealost, o tome kako se oni izgra\u0111uju,\u00a0 malo se zna. Radimo u malim grupama roditelja.\u00a0 Ovo nije program koji du\u017ee traje, ve\u0107 je re\u010d o jednokratnoj radionici koja traje oko 2 sata. Obavezne su prijave. Vi\u0161e pojedinosti mo\u017eete saznati na telefon 063 622 900.<\/span><\/p>\n","protected":false},"excerpt":{"rendered":"<p>Kako da izgradite dobre odnose me\u0111u bra\u0107om i sestrama Radionica je namenjena roditeljima koji imaju&#8230;<\/p>\n","protected":false},"author":2,"featured_media":0,"parent":0,"menu_order":0,"comment_status":"closed","ping_status":"closed","template":"","meta":{"_monsterinsights_skip_tracking":false,"_monsterinsights_sitenote_active":false,"_monsterinsights_sitenote_note":"","_monsterinsights_sitenote_category":0,"footnotes":""},"class_list":["post-2198","page","type-page","status-publish","hentry"],"yoast_head":"<!-- This site is optimized with the Yoast SEO plugin v23.3 - https:\/\/yoast.com\/wordpress\/plugins\/seo\/ -->\n<title>Kako da izgradite dobre odnose me\u0111u bra\u0107om i sestrama - Li\u010dni Razvoj - Biljana Grbovi\u0107<\/title>\n<meta name=\"description\" content=\"Li\u010dni razvoj - Aktuelni programi - Radionica je namenjena roditeljima koji imaju dvoje i vi\u0161e dece, a koji su svesni zna\u010daja dobrih odnosa izme\u0111u bra\u0107e i sestara.\" \/>\n<meta name=\"robots\" content=\"index, follow, max-snippet:-1, max-image-preview:large, max-video-preview:-1\" \/>\n<link rel=\"canonical\" href=\"https:\/\/licnirazvoj.rs\/ro\/kako-da-izgradite-dobre-odnose-medu-bracom-sestrama\/\" \/>\n<meta property=\"og:locale\" content=\"ro_RO\" \/>\n<meta property=\"og:locale:alternate\" content=\"sr_RS\" \/>\n<meta property=\"og:type\" content=\"article\" \/>\n<meta property=\"og:title\" content=\"Kako da izgradite dobre odnose me\u0111u bra\u0107om i sestrama - Li\u010dni Razvoj - Biljana Grbovi\u0107\" \/>\n<meta property=\"og:description\" content=\"Li\u010dni razvoj - Aktuelni programi - Radionica je namenjena roditeljima koji imaju dvoje i vi\u0161e dece, a koji su svesni zna\u010daja dobrih odnosa izme\u0111u bra\u0107e i sestara.\" \/>\n<meta property=\"og:url\" content=\"https:\/\/licnirazvoj.rs\/ro\/kako-da-izgradite-dobre-odnose-medu-bracom-sestrama\/\" \/>\n<meta property=\"og:site_name\" content=\"Li\u010dni Razvoj - Biljana Grbovi\u0107\" \/>\n<meta property=\"article:publisher\" content=\"https:\/\/www.facebook.com\/maticaudruzenjeroditelja\" \/>\n<meta property=\"article:modified_time\" content=\"2018-04-10T09:12:56+00:00\" \/>\n<meta name=\"twitter:card\" content=\"summary_large_image\" \/>\n<script type=\"application\/ld+json\" class=\"yoast-schema-graph\">{\"@context\":\"https:\/\/schema.org\",\"@graph\":[{\"@type\":\"WebPage\",\"@id\":\"https:\/\/licnirazvoj.rs\/kako-da-izgradite-dobre-odnose-medu-bracom-sestrama\/\",\"url\":\"https:\/\/licnirazvoj.rs\/kako-da-izgradite-dobre-odnose-medu-bracom-sestrama\/\",\"name\":\"Kako da izgradite dobre odnose me\u0111u bra\u0107om i sestrama - Li\u010dni Razvoj - Biljana Grbovi\u0107\",\"isPartOf\":{\"@id\":\"https:\/\/licnirazvoj.rs\/#website\"},\"datePublished\":\"2018-04-09T15:34:35+00:00\",\"dateModified\":\"2018-04-10T09:12:56+00:00\",\"description\":\"Li\u010dni razvoj - Aktuelni programi - Radionica je namenjena roditeljima koji imaju dvoje i vi\u0161e dece, a koji su svesni zna\u010daja dobrih odnosa izme\u0111u bra\u0107e i sestara.\",\"breadcrumb\":{\"@id\":\"https:\/\/licnirazvoj.rs\/kako-da-izgradite-dobre-odnose-medu-bracom-sestrama\/#breadcrumb\"},\"inLanguage\":\"ro-RO\",\"potentialAction\":[{\"@type\":\"ReadAction\",\"target\":[\"https:\/\/licnirazvoj.rs\/kako-da-izgradite-dobre-odnose-medu-bracom-sestrama\/\"]}]},{\"@type\":\"BreadcrumbList\",\"@id\":\"https:\/\/licnirazvoj.rs\/kako-da-izgradite-dobre-odnose-medu-bracom-sestrama\/#breadcrumb\",\"itemListElement\":[{\"@type\":\"ListItem\",\"position\":1,\"name\":\"Po\u010detna\",\"item\":\"https:\/\/licnirazvoj.rs\/\"},{\"@type\":\"ListItem\",\"position\":2,\"name\":\"Kako da izgradite dobre odnose me\u0111u bra\u0107om i sestrama\"}]},{\"@type\":\"WebSite\",\"@id\":\"https:\/\/licnirazvoj.rs\/#website\",\"url\":\"https:\/\/licnirazvoj.rs\/\",\"name\":\"Li\u010dni Razvoj - Biljana Grbovi\u0107\",\"description\":\"Udru\u017eenje roditelja Matica\",\"publisher\":{\"@id\":\"https:\/\/licnirazvoj.rs\/#\/schema\/person\/0773d084b790a9bb295bbf04f2e2fc9b\"},\"potentialAction\":[{\"@type\":\"SearchAction\",\"target\":{\"@type\":\"EntryPoint\",\"urlTemplate\":\"https:\/\/licnirazvoj.rs\/?s={search_term_string}\"},\"query-input\":\"required name=search_term_string\"}],\"inLanguage\":\"ro-RO\"},{\"@type\":[\"Person\",\"Organization\"],\"@id\":\"https:\/\/licnirazvoj.rs\/#\/schema\/person\/0773d084b790a9bb295bbf04f2e2fc9b\",\"name\":\"Biljana Grbovi\u0107\",\"image\":{\"@type\":\"ImageObject\",\"inLanguage\":\"ro-RO\",\"@id\":\"https:\/\/licnirazvoj.rs\/#\/schema\/person\/image\/\",\"url\":\"http:\/\/licnirazvoj.rs\/wp-content\/uploads\/2020\/08\/IBI_3240-795x530.jpg\",\"contentUrl\":\"http:\/\/licnirazvoj.rs\/wp-content\/uploads\/2020\/08\/IBI_3240-795x530.jpg\",\"width\":\"795\",\"height\":\"530\",\"caption\":\"Biljana Grbovi\u0107\"},\"logo\":{\"@id\":\"https:\/\/licnirazvoj.rs\/#\/schema\/person\/image\/\"},\"sameAs\":[\"http:\/\/licnirazvoj.rs\/\",\"https:\/\/www.facebook.com\/maticaudruzenjeroditelja\",\"https:\/\/www.instagram.com\/udruzenje_roditelja_matica\/\",\"https:\/\/www.youtube.com\/channel\/UCtoOPZc7FPAXLGna-JaofEQ\/\"]}]}<\/script>\n<!-- \/ Yoast SEO plugin. -->","yoast_head_json":{"title":"Kako da izgradite dobre odnose me\u0111u bra\u0107om i sestrama - Li\u010dni Razvoj - Biljana Grbovi\u0107","description":"Li\u010dni razvoj - Aktuelni programi - Radionica je namenjena roditeljima koji imaju dvoje i vi\u0161e dece, a koji su svesni zna\u010daja dobrih odnosa izme\u0111u bra\u0107e i sestara.","robots":{"index":"index","follow":"follow","max-snippet":"max-snippet:-1","max-image-preview":"max-image-preview:large","max-video-preview":"max-video-preview:-1"},"canonical":"https:\/\/licnirazvoj.rs\/ro\/kako-da-izgradite-dobre-odnose-medu-bracom-sestrama\/","og_locale":"ro_RO","og_type":"article","og_title":"Kako da izgradite dobre odnose me\u0111u bra\u0107om i sestrama - Li\u010dni Razvoj - Biljana Grbovi\u0107","og_description":"Li\u010dni razvoj - Aktuelni programi - Radionica je namenjena roditeljima koji imaju dvoje i vi\u0161e dece, a koji su svesni zna\u010daja dobrih odnosa izme\u0111u bra\u0107e i sestara.","og_url":"https:\/\/licnirazvoj.rs\/ro\/kako-da-izgradite-dobre-odnose-medu-bracom-sestrama\/","og_site_name":"Li\u010dni Razvoj - Biljana Grbovi\u0107","article_publisher":"https:\/\/www.facebook.com\/maticaudruzenjeroditelja","article_modified_time":"2018-04-10T09:12:56+00:00","twitter_card":"summary_large_image","schema":{"@context":"https:\/\/schema.org","@graph":[{"@type":"WebPage","@id":"https:\/\/licnirazvoj.rs\/kako-da-izgradite-dobre-odnose-medu-bracom-sestrama\/","url":"https:\/\/licnirazvoj.rs\/kako-da-izgradite-dobre-odnose-medu-bracom-sestrama\/","name":"Kako da izgradite dobre odnose me\u0111u bra\u0107om i sestrama - Li\u010dni Razvoj - Biljana Grbovi\u0107","isPartOf":{"@id":"https:\/\/licnirazvoj.rs\/#website"},"datePublished":"2018-04-09T15:34:35+00:00","dateModified":"2018-04-10T09:12:56+00:00","description":"Li\u010dni razvoj - Aktuelni programi - Radionica je namenjena roditeljima koji imaju dvoje i vi\u0161e dece, a koji su svesni zna\u010daja dobrih odnosa izme\u0111u bra\u0107e i sestara.","breadcrumb":{"@id":"https:\/\/licnirazvoj.rs\/kako-da-izgradite-dobre-odnose-medu-bracom-sestrama\/#breadcrumb"},"inLanguage":"ro-RO","potentialAction":[{"@type":"ReadAction","target":["https:\/\/licnirazvoj.rs\/kako-da-izgradite-dobre-odnose-medu-bracom-sestrama\/"]}]},{"@type":"BreadcrumbList","@id":"https:\/\/licnirazvoj.rs\/kako-da-izgradite-dobre-odnose-medu-bracom-sestrama\/#breadcrumb","itemListElement":[{"@type":"ListItem","position":1,"name":"Po\u010detna","item":"https:\/\/licnirazvoj.rs\/"},{"@type":"ListItem","position":2,"name":"Kako da izgradite dobre odnose me\u0111u bra\u0107om i sestrama"}]},{"@type":"WebSite","@id":"https:\/\/licnirazvoj.rs\/#website","url":"https:\/\/licnirazvoj.rs\/","name":"Li\u010dni Razvoj - Biljana Grbovi\u0107","description":"Udru\u017eenje roditelja Matica","publisher":{"@id":"https:\/\/licnirazvoj.rs\/#\/schema\/person\/0773d084b790a9bb295bbf04f2e2fc9b"},"potentialAction":[{"@type":"SearchAction","target":{"@type":"EntryPoint","urlTemplate":"https:\/\/licnirazvoj.rs\/?s={search_term_string}"},"query-input":"required name=search_term_string"}],"inLanguage":"ro-RO"},{"@type":["Person","Organization"],"@id":"https:\/\/licnirazvoj.rs\/#\/schema\/person\/0773d084b790a9bb295bbf04f2e2fc9b","name":"Biljana Grbovi\u0107","image":{"@type":"ImageObject","inLanguage":"ro-RO","@id":"https:\/\/licnirazvoj.rs\/#\/schema\/person\/image\/","url":"http:\/\/licnirazvoj.rs\/wp-content\/uploads\/2020\/08\/IBI_3240-795x530.jpg","contentUrl":"http:\/\/licnirazvoj.rs\/wp-content\/uploads\/2020\/08\/IBI_3240-795x530.jpg","width":"795","height":"530","caption":"Biljana Grbovi\u0107"},"logo":{"@id":"https:\/\/licnirazvoj.rs\/#\/schema\/person\/image\/"},"sameAs":["http:\/\/licnirazvoj.rs\/","https:\/\/www.facebook.com\/maticaudruzenjeroditelja","https:\/\/www.instagram.com\/udruzenje_roditelja_matica\/","https:\/\/www.youtube.com\/channel\/UCtoOPZc7FPAXLGna-JaofEQ\/"]}]}},"_links":{"self":[{"href":"https:\/\/licnirazvoj.rs\/ro\/wp-json\/wp\/v2\/pages\/2198","targetHints":{"allow":["GET"]}}],"collection":[{"href":"https:\/\/licnirazvoj.rs\/ro\/wp-json\/wp\/v2\/pages"}],"about":[{"href":"https:\/\/licnirazvoj.rs\/ro\/wp-json\/wp\/v2\/types\/page"}],"author":[{"embeddable":true,"href":"https:\/\/licnirazvoj.rs\/ro\/wp-json\/wp\/v2\/users\/2"}],"replies":[{"embeddable":true,"href":"https:\/\/licnirazvoj.rs\/ro\/wp-json\/wp\/v2\/comments?post=2198"}],"version-history":[{"count":4,"href":"https:\/\/licnirazvoj.rs\/ro\/wp-json\/wp\/v2\/pages\/2198\/revisions"}],"predecessor-version":[{"id":2215,"href":"https:\/\/licnirazvoj.rs\/ro\/wp-json\/wp\/v2\/pages\/2198\/revisions\/2215"}],"wp:attachment":[{"href":"https:\/\/licnirazvoj.rs\/ro\/wp-json\/wp\/v2\/media?parent=2198"}],"curies":[{"name":"wp","href":"https:\/\/api.w.org\/{rel}","templated":true}]}}