{"id":2202,"date":"2018-04-09T15:36:09","date_gmt":"2018-04-09T15:36:09","guid":{"rendered":"http:\/\/licnirazvoj.rs\/?page_id=2202"},"modified":"2018-04-16T03:26:46","modified_gmt":"2018-04-16T03:26:46","slug":"moje-dete-nece-da-jede","status":"publish","type":"page","link":"https:\/\/licnirazvoj.rs\/ro\/moje-dete-nece-da-jede\/","title":{"rendered":"Moje dete ne\u0107e da jede"},"content":{"rendered":"<h3><img loading=\"lazy\" decoding=\"async\" class=\"aligncenter wp-image-2158 size-full\" src=\"http:\/\/licnirazvoj.rs\/wp-content\/uploads\/2018\/04\/apetiti.jpg\" alt=\"\" width=\"750\" height=\"450\" srcset=\"https:\/\/licnirazvoj.rs\/wp-content\/uploads\/2018\/04\/apetiti.jpg 750w, https:\/\/licnirazvoj.rs\/wp-content\/uploads\/2018\/04\/apetiti-300x180.jpg 300w\" sizes=\"auto, (max-width: 750px) 100vw, 750px\" \/><\/h3>\n<h3>Moje dete ne\u0107e da jede<\/h3>\n<p><span style=\"font-size: 14pt; color: #000000;\">Da li va\u0161e dete spada u onu grupu dece koju treba moliti da jedu?<\/span><\/p>\n<p><span style=\"font-size: 14pt; color: #000000;\">Sasvim je jasno da ste zabrinuti da to ne ugrozi zdravlje i razvoj va\u0161eg mali\u0161ana.<\/span><\/p>\n<p><span style=\"font-size: 14pt; color: #000000;\">Ukra\u0161avate tanjir, zamajavate ga sa tv programom, molite ga, obe\u0107avate mu nagradu kada pojede\u2026.A ponekad vam i ,,pukne film&#8221;, pa do\u0111e do sva\u0111e! Znate da to nije re\u0161enje, pa onda opet poku\u0161avate lepo\u2026<\/span><\/p>\n<p><span style=\"font-size: 14pt; color: #000000;\">Da li je ovo borba od koje ste se ve\u0107 umorili?<\/span><\/p>\n<p><span style=\"font-size: 14pt; color: #000000;\">Postoji re\u0161enje za vas. I ovo se u\u010di!<\/span><\/p>\n<p><span style=\"font-size: 14pt; color: #000000;\">Vi\u0161e informacija mo\u017eete dobiti na telefon 063 622 900.<\/span><\/p>\n<p><span style=\"font-size: 14pt; color: #000000;\">Radujem se kad poma\u017eem!<\/span><\/p>\n","protected":false},"excerpt":{"rendered":"<p>Moje dete ne\u0107e da jede Da li va\u0161e dete spada u onu grupu dece koju&#8230;<\/p>\n","protected":false},"author":2,"featured_media":0,"parent":0,"menu_order":0,"comment_status":"closed","ping_status":"closed","template":"","meta":{"_monsterinsights_skip_tracking":false,"_monsterinsights_sitenote_active":false,"_monsterinsights_sitenote_note":"","_monsterinsights_sitenote_category":0,"footnotes":""},"class_list":["post-2202","page","type-page","status-publish","hentry"],"yoast_head":"<!-- This site is optimized with the Yoast SEO plugin v23.3 - https:\/\/yoast.com\/wordpress\/plugins\/seo\/ -->\n<title>Moje dete ne\u0107e da jede - Li\u010dni Razvoj - Biljana Grbovi\u0107<\/title>\n<meta name=\"description\" content=\"Li\u010dni razvoj - Aktuelni programi - Da li va\u0161e dete spada u onu grupu dece koju treba moliti da jedu? Postoji re\u0161enje za vas. I ovo se u\u010di!\" \/>\n<meta name=\"robots\" content=\"index, follow, max-snippet:-1, max-image-preview:large, max-video-preview:-1\" \/>\n<link rel=\"canonical\" href=\"https:\/\/licnirazvoj.rs\/ro\/moje-dete-nece-da-jede\/\" \/>\n<meta property=\"og:locale\" content=\"ro_RO\" \/>\n<meta property=\"og:locale:alternate\" content=\"sr_RS\" \/>\n<meta property=\"og:type\" content=\"article\" \/>\n<meta property=\"og:title\" content=\"Moje dete ne\u0107e da jede - Li\u010dni Razvoj - Biljana Grbovi\u0107\" \/>\n<meta property=\"og:description\" content=\"Li\u010dni razvoj - Aktuelni programi - Da li va\u0161e dete spada u onu grupu dece koju treba moliti da jedu? Postoji re\u0161enje za vas. I ovo se u\u010di!\" \/>\n<meta property=\"og:url\" content=\"https:\/\/licnirazvoj.rs\/ro\/moje-dete-nece-da-jede\/\" \/>\n<meta property=\"og:site_name\" content=\"Li\u010dni Razvoj - Biljana Grbovi\u0107\" \/>\n<meta property=\"article:publisher\" content=\"https:\/\/www.facebook.com\/maticaudruzenjeroditelja\" \/>\n<meta property=\"article:modified_time\" content=\"2018-04-16T03:26:46+00:00\" \/>\n<meta property=\"og:image\" content=\"http:\/\/licnirazvoj.rs\/wp-content\/uploads\/2018\/04\/apetiti.jpg\" \/>\n<meta name=\"twitter:card\" content=\"summary_large_image\" \/>\n<meta name=\"twitter:label1\" content=\"Timp estimat pentru citire\" \/>\n\t<meta name=\"twitter:data1\" content=\"1 minut\" \/>\n<script type=\"application\/ld+json\" class=\"yoast-schema-graph\">{\"@context\":\"https:\/\/schema.org\",\"@graph\":[{\"@type\":\"WebPage\",\"@id\":\"https:\/\/licnirazvoj.rs\/moje-dete-nece-da-jede\/\",\"url\":\"https:\/\/licnirazvoj.rs\/moje-dete-nece-da-jede\/\",\"name\":\"Moje dete ne\u0107e da jede - Li\u010dni Razvoj - Biljana Grbovi\u0107\",\"isPartOf\":{\"@id\":\"https:\/\/licnirazvoj.rs\/#website\"},\"primaryImageOfPage\":{\"@id\":\"https:\/\/licnirazvoj.rs\/moje-dete-nece-da-jede\/#primaryimage\"},\"image\":{\"@id\":\"https:\/\/licnirazvoj.rs\/moje-dete-nece-da-jede\/#primaryimage\"},\"thumbnailUrl\":\"http:\/\/licnirazvoj.rs\/wp-content\/uploads\/2018\/04\/apetiti.jpg\",\"datePublished\":\"2018-04-09T15:36:09+00:00\",\"dateModified\":\"2018-04-16T03:26:46+00:00\",\"description\":\"Li\u010dni razvoj - Aktuelni programi - Da li va\u0161e dete spada u onu grupu dece koju treba moliti da jedu? Postoji re\u0161enje za vas. I ovo se u\u010di!\",\"breadcrumb\":{\"@id\":\"https:\/\/licnirazvoj.rs\/moje-dete-nece-da-jede\/#breadcrumb\"},\"inLanguage\":\"ro-RO\",\"potentialAction\":[{\"@type\":\"ReadAction\",\"target\":[\"https:\/\/licnirazvoj.rs\/moje-dete-nece-da-jede\/\"]}]},{\"@type\":\"ImageObject\",\"inLanguage\":\"ro-RO\",\"@id\":\"https:\/\/licnirazvoj.rs\/moje-dete-nece-da-jede\/#primaryimage\",\"url\":\"http:\/\/licnirazvoj.rs\/wp-content\/uploads\/2018\/04\/apetiti.jpg\",\"contentUrl\":\"http:\/\/licnirazvoj.rs\/wp-content\/uploads\/2018\/04\/apetiti.jpg\"},{\"@type\":\"BreadcrumbList\",\"@id\":\"https:\/\/licnirazvoj.rs\/moje-dete-nece-da-jede\/#breadcrumb\",\"itemListElement\":[{\"@type\":\"ListItem\",\"position\":1,\"name\":\"Po\u010detna\",\"item\":\"https:\/\/licnirazvoj.rs\/\"},{\"@type\":\"ListItem\",\"position\":2,\"name\":\"Moje dete ne\u0107e da jede\"}]},{\"@type\":\"WebSite\",\"@id\":\"https:\/\/licnirazvoj.rs\/#website\",\"url\":\"https:\/\/licnirazvoj.rs\/\",\"name\":\"Li\u010dni Razvoj - Biljana Grbovi\u0107\",\"description\":\"Udru\u017eenje roditelja Matica\",\"publisher\":{\"@id\":\"https:\/\/licnirazvoj.rs\/#\/schema\/person\/0773d084b790a9bb295bbf04f2e2fc9b\"},\"potentialAction\":[{\"@type\":\"SearchAction\",\"target\":{\"@type\":\"EntryPoint\",\"urlTemplate\":\"https:\/\/licnirazvoj.rs\/?s={search_term_string}\"},\"query-input\":\"required name=search_term_string\"}],\"inLanguage\":\"ro-RO\"},{\"@type\":[\"Person\",\"Organization\"],\"@id\":\"https:\/\/licnirazvoj.rs\/#\/schema\/person\/0773d084b790a9bb295bbf04f2e2fc9b\",\"name\":\"Biljana Grbovi\u0107\",\"image\":{\"@type\":\"ImageObject\",\"inLanguage\":\"ro-RO\",\"@id\":\"https:\/\/licnirazvoj.rs\/#\/schema\/person\/image\/\",\"url\":\"http:\/\/licnirazvoj.rs\/wp-content\/uploads\/2020\/08\/IBI_3240-795x530.jpg\",\"contentUrl\":\"http:\/\/licnirazvoj.rs\/wp-content\/uploads\/2020\/08\/IBI_3240-795x530.jpg\",\"width\":\"795\",\"height\":\"530\",\"caption\":\"Biljana Grbovi\u0107\"},\"logo\":{\"@id\":\"https:\/\/licnirazvoj.rs\/#\/schema\/person\/image\/\"},\"sameAs\":[\"http:\/\/licnirazvoj.rs\/\",\"https:\/\/www.facebook.com\/maticaudruzenjeroditelja\",\"https:\/\/www.instagram.com\/udruzenje_roditelja_matica\/\",\"https:\/\/www.youtube.com\/channel\/UCtoOPZc7FPAXLGna-JaofEQ\/\"]}]}<\/script>\n<!-- \/ Yoast SEO plugin. -->","yoast_head_json":{"title":"Moje dete ne\u0107e da jede - Li\u010dni Razvoj - Biljana Grbovi\u0107","description":"Li\u010dni razvoj - Aktuelni programi - Da li va\u0161e dete spada u onu grupu dece koju treba moliti da jedu? Postoji re\u0161enje za vas. I ovo se u\u010di!","robots":{"index":"index","follow":"follow","max-snippet":"max-snippet:-1","max-image-preview":"max-image-preview:large","max-video-preview":"max-video-preview:-1"},"canonical":"https:\/\/licnirazvoj.rs\/ro\/moje-dete-nece-da-jede\/","og_locale":"ro_RO","og_type":"article","og_title":"Moje dete ne\u0107e da jede - Li\u010dni Razvoj - Biljana Grbovi\u0107","og_description":"Li\u010dni razvoj - Aktuelni programi - Da li va\u0161e dete spada u onu grupu dece koju treba moliti da jedu? Postoji re\u0161enje za vas. I ovo se u\u010di!","og_url":"https:\/\/licnirazvoj.rs\/ro\/moje-dete-nece-da-jede\/","og_site_name":"Li\u010dni Razvoj - Biljana Grbovi\u0107","article_publisher":"https:\/\/www.facebook.com\/maticaudruzenjeroditelja","article_modified_time":"2018-04-16T03:26:46+00:00","og_image":[{"url":"http:\/\/licnirazvoj.rs\/wp-content\/uploads\/2018\/04\/apetiti.jpg"}],"twitter_card":"summary_large_image","twitter_misc":{"Timp estimat pentru citire":"1 minut"},"schema":{"@context":"https:\/\/schema.org","@graph":[{"@type":"WebPage","@id":"https:\/\/licnirazvoj.rs\/moje-dete-nece-da-jede\/","url":"https:\/\/licnirazvoj.rs\/moje-dete-nece-da-jede\/","name":"Moje dete ne\u0107e da jede - Li\u010dni Razvoj - Biljana Grbovi\u0107","isPartOf":{"@id":"https:\/\/licnirazvoj.rs\/#website"},"primaryImageOfPage":{"@id":"https:\/\/licnirazvoj.rs\/moje-dete-nece-da-jede\/#primaryimage"},"image":{"@id":"https:\/\/licnirazvoj.rs\/moje-dete-nece-da-jede\/#primaryimage"},"thumbnailUrl":"http:\/\/licnirazvoj.rs\/wp-content\/uploads\/2018\/04\/apetiti.jpg","datePublished":"2018-04-09T15:36:09+00:00","dateModified":"2018-04-16T03:26:46+00:00","description":"Li\u010dni razvoj - Aktuelni programi - Da li va\u0161e dete spada u onu grupu dece koju treba moliti da jedu? Postoji re\u0161enje za vas. I ovo se u\u010di!","breadcrumb":{"@id":"https:\/\/licnirazvoj.rs\/moje-dete-nece-da-jede\/#breadcrumb"},"inLanguage":"ro-RO","potentialAction":[{"@type":"ReadAction","target":["https:\/\/licnirazvoj.rs\/moje-dete-nece-da-jede\/"]}]},{"@type":"ImageObject","inLanguage":"ro-RO","@id":"https:\/\/licnirazvoj.rs\/moje-dete-nece-da-jede\/#primaryimage","url":"http:\/\/licnirazvoj.rs\/wp-content\/uploads\/2018\/04\/apetiti.jpg","contentUrl":"http:\/\/licnirazvoj.rs\/wp-content\/uploads\/2018\/04\/apetiti.jpg"},{"@type":"BreadcrumbList","@id":"https:\/\/licnirazvoj.rs\/moje-dete-nece-da-jede\/#breadcrumb","itemListElement":[{"@type":"ListItem","position":1,"name":"Po\u010detna","item":"https:\/\/licnirazvoj.rs\/"},{"@type":"ListItem","position":2,"name":"Moje dete ne\u0107e da jede"}]},{"@type":"WebSite","@id":"https:\/\/licnirazvoj.rs\/#website","url":"https:\/\/licnirazvoj.rs\/","name":"Li\u010dni Razvoj - Biljana Grbovi\u0107","description":"Udru\u017eenje roditelja Matica","publisher":{"@id":"https:\/\/licnirazvoj.rs\/#\/schema\/person\/0773d084b790a9bb295bbf04f2e2fc9b"},"potentialAction":[{"@type":"SearchAction","target":{"@type":"EntryPoint","urlTemplate":"https:\/\/licnirazvoj.rs\/?s={search_term_string}"},"query-input":"required name=search_term_string"}],"inLanguage":"ro-RO"},{"@type":["Person","Organization"],"@id":"https:\/\/licnirazvoj.rs\/#\/schema\/person\/0773d084b790a9bb295bbf04f2e2fc9b","name":"Biljana Grbovi\u0107","image":{"@type":"ImageObject","inLanguage":"ro-RO","@id":"https:\/\/licnirazvoj.rs\/#\/schema\/person\/image\/","url":"http:\/\/licnirazvoj.rs\/wp-content\/uploads\/2020\/08\/IBI_3240-795x530.jpg","contentUrl":"http:\/\/licnirazvoj.rs\/wp-content\/uploads\/2020\/08\/IBI_3240-795x530.jpg","width":"795","height":"530","caption":"Biljana Grbovi\u0107"},"logo":{"@id":"https:\/\/licnirazvoj.rs\/#\/schema\/person\/image\/"},"sameAs":["http:\/\/licnirazvoj.rs\/","https:\/\/www.facebook.com\/maticaudruzenjeroditelja","https:\/\/www.instagram.com\/udruzenje_roditelja_matica\/","https:\/\/www.youtube.com\/channel\/UCtoOPZc7FPAXLGna-JaofEQ\/"]}]}},"_links":{"self":[{"href":"https:\/\/licnirazvoj.rs\/ro\/wp-json\/wp\/v2\/pages\/2202","targetHints":{"allow":["GET"]}}],"collection":[{"href":"https:\/\/licnirazvoj.rs\/ro\/wp-json\/wp\/v2\/pages"}],"about":[{"href":"https:\/\/licnirazvoj.rs\/ro\/wp-json\/wp\/v2\/types\/page"}],"author":[{"embeddable":true,"href":"https:\/\/licnirazvoj.rs\/ro\/wp-json\/wp\/v2\/users\/2"}],"replies":[{"embeddable":true,"href":"https:\/\/licnirazvoj.rs\/ro\/wp-json\/wp\/v2\/comments?post=2202"}],"version-history":[{"count":3,"href":"https:\/\/licnirazvoj.rs\/ro\/wp-json\/wp\/v2\/pages\/2202\/revisions"}],"predecessor-version":[{"id":2258,"href":"https:\/\/licnirazvoj.rs\/ro\/wp-json\/wp\/v2\/pages\/2202\/revisions\/2258"}],"wp:attachment":[{"href":"https:\/\/licnirazvoj.rs\/ro\/wp-json\/wp\/v2\/media?parent=2202"}],"curies":[{"name":"wp","href":"https:\/\/api.w.org\/{rel}","templated":true}]}}