{"id":2471,"date":"2018-06-29T07:21:18","date_gmt":"2018-06-29T07:21:18","guid":{"rendered":"http:\/\/licnirazvoj.rs\/?page_id=2471"},"modified":"2025-03-29T22:44:38","modified_gmt":"2025-03-29T20:44:38","slug":"o-meni","status":"publish","type":"page","link":"https:\/\/licnirazvoj.rs\/ro\/o-meni\/","title":{"rendered":"Face\u021bi cuno\u0219tin\u021b\u0103 cu Biljana Grbovi\u0107"},"content":{"rendered":"<div class=\"wpb-content-wrapper\"><p>[vc_section full_width=&#8221;stretch_row_content&#8221; css=&#8221;.vc_custom_1529663984160{background-image: url(http:\/\/licnirazvoj.rs\/wp-content\/uploads\/2018\/05\/bela-pozadina.jpg?id=2438) !important;}&#8221;][vc_row css=&#8221;.vc_custom_1529663888108{margin-top: 0px !important;margin-bottom: 70px !important;padding-top: 50px !important;}&#8221;][vc_column][vc_single_image image=&#8221;5402&#8243; img_size=&#8221;full&#8221; alignment=&#8221;center&#8221; style=&#8221;vc_box_border&#8221; border_color=&#8221;white&#8221;][\/vc_column][\/vc_row][\/vc_section][vc_row icon_type=&#8221;linearicons&#8221; show_bump=&#8221;true&#8221; css=&#8221;.vc_custom_1441864103949{margin-bottom: 0px !important;padding-top: 96px !important;}&#8221; bump_color=&#8221;#ffffff&#8221; bump_offset=&#8221;-42px&#8221; icon_linearicons=&#8221;lnr lnr-leaf&#8221; icon_spacing=&#8221;28px&#8221; icon_size=&#8221;40px&#8221;][vc_column][vc_column_text css=&#8221;&#8221;]Din ce cauz\u0103 am hot\u0103r\u00e2t s\u0103 m\u0103 ocup de parentalitate:<\/p>\n<ul>\n<li>pentru c\u0103 \u00eemi doresc ca, copiii mei s\u0103 tr\u0103iasc\u0103 \u00eentr-un mediu c\u00e2t mai s\u0103n\u0103tos posibil, s\u0103 aib\u0103 prieteni, colegi \u0219i parteneri buni,<\/li>\n<li>pentru c\u0103 cred c\u0103 ceea ce \u0219tiu este un dar pe care am obliga\u021bia s\u0103-l \u00eemp\u0103rt\u0103\u0219esc,<\/li>\n<li>pentru c\u0103 mi-am verificat \u00een practic\u0103 atitudinile \u0219i cuno\u0219tin\u021bele \u00een cincisprezece ani de practic\u0103 \u0219colar\u0103 \u0219i parentalitate tripl\u0103,<\/li>\n<li>pentru c\u0103 \u0219tiu c\u0103 tot ceea ce facem este \u00een zadar dac\u0103 cre\u0219tem genera\u021bii incapabile,<\/li>\n<li>jpentru c\u0103 \u00eenc\u0103 din copil\u0103rie \u0219tiam c\u0103 parentalitatea este domeniul care din punct de vedere intelectual, emo\u021bional \u0219i spiritual se potrive\u0219te cel mai mult fiin\u021bei mele,<\/li>\n<li>pentru c\u0103 \u00eemi place s\u0103 ajut \u0219i s\u0103 contribui!<\/li>\n<\/ul>\n<p>[\/vc_column_text][vc_row_inner][vc_column_inner width=&#8221;1\/2&#8243;][vc_single_image image=&#8221;5592&#8243; img_size=&#8221;full&#8221; style=&#8221;vc_box_outline&#8221; css=&#8221;&#8221;][\/vc_column_inner][vc_column_inner width=&#8221;1\/2&#8243;][vc_column_text css=&#8221;&#8221;]M-am n\u0103scut \u00een anul 1977. Am trei copii care acum au 16, 19 \u0219i 22 de ani. Sunt c\u0103s\u0103torit\u0103 cu so\u021bul meu de 23 de ani.<\/p>\n<p>Studiile le-am absolvit la Facultatea de Pedagogie (master designer media \u00een educa\u021bie \u0219i profesor pentru \u00eenv\u0103\u021b\u0103m\u00e2ntul primar). Am urmat diverse cursuri de formare din domeniul psihologiei \u0219i dezvolt\u0103rii personale.<\/p>\n<p>Am fondat la Novi Sad Asocia\u021bia P\u0103rin\u021bilor Matica (Matca), care lucreaz\u0103 activ la formarea de convingeri s\u0103n\u0103toase despre educa\u021bia parental\u0103 \u0219i ofer\u0103 sprijin p\u0103rin\u021bilor care sunt \u201ebloca\u021bi\u201d, dar sunt dispu\u0219i s\u0103 se schimbe \u0219i s\u0103 \u00eenve\u021be. Ofer consiliere de grup \u0219i individual\u0103 \u00een fiecare zi lucr\u0103toare, live \u0219i online.<\/p>\n<p>Sunt autoarea ghidului pentru p\u0103rin\u021bi \u201eSunt fericit\u0103 c\u0103 te-am n\u0103scut pe tine, chiar a\u0219a cum e\u0219ti!\u201d, pe care p\u0103rin\u021bii \u00eel consider\u0103 foarte util \u0219i practic \u0219i care se vinde \u00een mai multe \u021b\u0103ri (Rom\u00e2nia, Serbia, Croa\u021bia, Slovenia, Bosnia \u0219i Her\u021begovina).<\/p>\n<p>\u00cemi face pl\u0103cere s\u0103 ajut![\/vc_column_text][\/vc_column_inner][\/vc_row_inner][\/vc_column][\/vc_row][vc_row][vc_column][vc_custom_heading text=&#8221;CONTACTA\u021aI-M\u0102&#8221; font_container=&#8221;tag:h2|text_align:center&#8221; use_theme_fonts=&#8221;yes&#8221; css=&#8221;.vc_custom_1741824333994{margin-top: 54px !important;margin-bottom: 54px !important;}&#8221; sep_position=&#8221;bottom&#8221; icon_hc=&#8221;hc-icon-smile&#8221; icon_color=&#8221;#b5608a&#8221; icon_size=&#8221;17px&#8221; sep_spacing_top=&#8221;14px&#8221;]\n<div class=\"wpcf7 no-js\" id=\"wpcf7-f5582-o1\" lang=\"en-US\" dir=\"ltr\" data-wpcf7-id=\"5582\">\n<div class=\"screen-reader-response\"><p role=\"status\" aria-live=\"polite\" aria-atomic=\"true\"><\/p> <ul><\/ul><\/div>\n<form action=\"\/ro\/wp-json\/wp\/v2\/pages\/2471#wpcf7-f5582-o1\" method=\"post\" class=\"wpcf7-form init\" aria-label=\"Contact form\" novalidate=\"novalidate\" data-status=\"init\">\n<fieldset class=\"hidden-fields-container\"><input type=\"hidden\" name=\"_wpcf7\" value=\"5582\" \/><input type=\"hidden\" name=\"_wpcf7_version\" value=\"6.1.5\" \/><input type=\"hidden\" name=\"_wpcf7_locale\" value=\"en_US\" \/><input type=\"hidden\" name=\"_wpcf7_unit_tag\" value=\"wpcf7-f5582-o1\" \/><input type=\"hidden\" name=\"_wpcf7_container_post\" value=\"0\" \/><input type=\"hidden\" name=\"_wpcf7_posted_data_hash\" value=\"\" \/><input type=\"hidden\" name=\"lang\" value=\"ro\" \/><input type=\"hidden\" name=\"_wpcf7_recaptcha_response\" value=\"\" \/>\n<\/fieldset>\n<div class=\"row\">\n\t<div class=\"col-lg-12 col-md-12 col-sm-12 col-xs-12\">\n\t\t<p><span class=\"wpcf7-form-control-wrap\" data-name=\"cf-1-name\"><input size=\"40\" maxlength=\"400\" class=\"wpcf7-form-control wpcf7-text wpcf7-validates-as-required\" aria-required=\"true\" aria-invalid=\"false\" placeholder=\"Numele d-voastr\u0103\" value=\"\" type=\"text\" name=\"cf-1-name\" \/><\/span>\n\t\t<\/p>\n\t<\/div>\n\t<div class=\"col-lg-12 col-md-12 col-sm-12 col-xs-12\">\n\t\t<p><span class=\"wpcf7-form-control-wrap\" data-name=\"cf-1-email\"><input size=\"40\" maxlength=\"400\" class=\"wpcf7-form-control wpcf7-email wpcf7-validates-as-required wpcf7-text wpcf7-validates-as-email\" aria-required=\"true\" aria-invalid=\"false\" placeholder=\"E-mail\" value=\"\" type=\"email\" name=\"cf-1-email\" \/><\/span>\n\t\t<\/p>\n\t<\/div>\n\t<div class=\"col-lg-12 col-md-12 col-sm-12 col-xs-12\">\n\t\t<p><span class=\"wpcf7-form-control-wrap\" data-name=\"cf-1-phone\"><input size=\"40\" maxlength=\"400\" class=\"wpcf7-form-control wpcf7-tel wpcf7-text wpcf7-validates-as-tel\" aria-invalid=\"false\" placeholder=\"Num\u0103r de telefon\" value=\"\" type=\"tel\" name=\"cf-1-phone\" \/><\/span>\n\t\t<\/p>\n\t<\/div>\n\t<div class=\"col-lg-12 col-md-12 col-sm-12 col-xs-12\">\n\t\t<p><span class=\"wpcf7-form-control-wrap\" data-name=\"cf-1-message\"><textarea cols=\"40\" rows=\"5\" maxlength=\"2000\" class=\"wpcf7-form-control wpcf7-textarea\" aria-invalid=\"false\" placeholder=\"Mesaj\" name=\"cf-1-message\"><\/textarea><\/span>\n\t\t<\/p>\n\t<\/div>\n\n\t<p>V\u0103 rug\u0103m s\u0103 confirma\u021bI acest c\u00e2mp\n\t<\/p>\n\t<div class=\"col-lg-12 col-md-12 col-sm-12 col-xs-12\">\n\t\t<p><input class=\"wpcf7-form-control wpcf7-submit has-spinner btn btn_view_primary\" type=\"submit\" value=\"Trimite mesaj!\" \/>\n\t\t<\/p>\n\t<\/div>\n<\/div><p style=\"display: none !important;\" class=\"akismet-fields-container\" data-prefix=\"_wpcf7_ak_\"><label>&#916;<textarea name=\"_wpcf7_ak_hp_textarea\" cols=\"45\" rows=\"8\" maxlength=\"100\"><\/textarea><\/label><input type=\"hidden\" id=\"ak_js_1\" name=\"_wpcf7_ak_js\" value=\"115\"\/><script>document.getElementById( \"ak_js_1\" ).setAttribute( \"value\", ( new Date() ).getTime() );<\/script><\/p><div class=\"wpcf7-response-output\" aria-hidden=\"true\"><\/div>\n<\/form>\n<\/div>\n[\/vc_column][\/vc_row]<\/p>\n<\/div>","protected":false},"excerpt":{"rendered":"<p>[vc_section full_width=&#8221;stretch_row_content&#8221; css=&#8221;.vc_custom_1529663984160{background-image: url(http:\/\/licnirazvoj.rs\/wp-content\/uploads\/2018\/05\/bela-pozadina.jpg?id=2438) !important;}&#8221;][vc_row css=&#8221;.vc_custom_1529663888108{margin-top: 0px !important;margin-bottom: 70px !important;padding-top: 50px !important;}&#8221;][vc_column][vc_single_image image=&#8221;5402&#8243; img_size=&#8221;full&#8221; alignment=&#8221;center&#8221;&#8230;<\/p>\n","protected":false},"author":2,"featured_media":0,"parent":0,"menu_order":0,"comment_status":"closed","ping_status":"closed","template":"","meta":{"_monsterinsights_skip_tracking":false,"_monsterinsights_sitenote_active":false,"_monsterinsights_sitenote_note":"","_monsterinsights_sitenote_category":0,"footnotes":""},"class_list":["post-2471","page","type-page","status-publish","hentry"],"yoast_head":"<!-- This site is optimized with the Yoast SEO plugin v23.3 - https:\/\/yoast.com\/wordpress\/plugins\/seo\/ -->\n<title>Face\u021bi cuno\u0219tin\u021b\u0103 cu Biljana Grbovi\u0107<\/title>\n<meta name=\"robots\" content=\"index, follow, max-snippet:-1, max-image-preview:large, max-video-preview:-1\" \/>\n<link rel=\"canonical\" href=\"https:\/\/licnirazvoj.rs\/ro\/o-meni\/\" \/>\n<meta property=\"og:locale\" content=\"ro_RO\" \/>\n<meta property=\"og:locale:alternate\" content=\"sr_RS\" \/>\n<meta property=\"og:type\" content=\"article\" \/>\n<meta property=\"og:title\" content=\"Face\u021bi cuno\u0219tin\u021b\u0103 cu Biljana Grbovi\u0107\" \/>\n<meta property=\"og:description\" content=\"[vc_section full_width=&#8221;stretch_row_content&#8221; css=&#8221;.vc_custom_1529663984160{background-image: url(http:\/\/licnirazvoj.rs\/wp-content\/uploads\/2018\/05\/bela-pozadina.jpg?id=2438) !important;}&#8221;][vc_row css=&#8221;.vc_custom_1529663888108{margin-top: 0px !important;margin-bottom: 70px !important;padding-top: 50px !important;}&#8221;][vc_column][vc_single_image image=&#8221;5402&#8243; img_size=&#8221;full&#8221; alignment=&#8221;center&#8221;...\" \/>\n<meta property=\"og:url\" content=\"https:\/\/licnirazvoj.rs\/ro\/o-meni\/\" \/>\n<meta property=\"og:site_name\" content=\"Li\u010dni Razvoj - Biljana Grbovi\u0107\" \/>\n<meta property=\"article:publisher\" content=\"https:\/\/www.facebook.com\/maticaudruzenjeroditelja\" \/>\n<meta property=\"article:modified_time\" content=\"2025-03-29T20:44:38+00:00\" \/>\n<meta name=\"twitter:card\" content=\"summary_large_image\" \/>\n<meta name=\"twitter:label1\" content=\"Timp estimat pentru citire\" \/>\n\t<meta name=\"twitter:data1\" content=\"3 minute\" \/>\n<script type=\"application\/ld+json\" class=\"yoast-schema-graph\">{\"@context\":\"https:\/\/schema.org\",\"@graph\":[{\"@type\":\"WebPage\",\"@id\":\"https:\/\/licnirazvoj.rs\/o-meni\/\",\"url\":\"https:\/\/licnirazvoj.rs\/o-meni\/\",\"name\":\"Face\u021bi cuno\u0219tin\u021b\u0103 cu Biljana Grbovi\u0107\",\"isPartOf\":{\"@id\":\"https:\/\/licnirazvoj.rs\/#website\"},\"datePublished\":\"2018-06-29T07:21:18+00:00\",\"dateModified\":\"2025-03-29T20:44:38+00:00\",\"breadcrumb\":{\"@id\":\"https:\/\/licnirazvoj.rs\/o-meni\/#breadcrumb\"},\"inLanguage\":\"ro-RO\",\"potentialAction\":[{\"@type\":\"ReadAction\",\"target\":[\"https:\/\/licnirazvoj.rs\/o-meni\/\"]}]},{\"@type\":\"BreadcrumbList\",\"@id\":\"https:\/\/licnirazvoj.rs\/o-meni\/#breadcrumb\",\"itemListElement\":[{\"@type\":\"ListItem\",\"position\":1,\"name\":\"Po\u010detna\",\"item\":\"https:\/\/licnirazvoj.rs\/\"},{\"@type\":\"ListItem\",\"position\":2,\"name\":\"Upoznajte Biljanu Grbovi\u0107\"}]},{\"@type\":\"WebSite\",\"@id\":\"https:\/\/licnirazvoj.rs\/#website\",\"url\":\"https:\/\/licnirazvoj.rs\/\",\"name\":\"Li\u010dni Razvoj - Biljana Grbovi\u0107\",\"description\":\"Udru\u017eenje roditelja Matica\",\"publisher\":{\"@id\":\"https:\/\/licnirazvoj.rs\/#\/schema\/person\/0773d084b790a9bb295bbf04f2e2fc9b\"},\"potentialAction\":[{\"@type\":\"SearchAction\",\"target\":{\"@type\":\"EntryPoint\",\"urlTemplate\":\"https:\/\/licnirazvoj.rs\/?s={search_term_string}\"},\"query-input\":\"required name=search_term_string\"}],\"inLanguage\":\"ro-RO\"},{\"@type\":[\"Person\",\"Organization\"],\"@id\":\"https:\/\/licnirazvoj.rs\/#\/schema\/person\/0773d084b790a9bb295bbf04f2e2fc9b\",\"name\":\"Biljana Grbovi\u0107\",\"image\":{\"@type\":\"ImageObject\",\"inLanguage\":\"ro-RO\",\"@id\":\"https:\/\/licnirazvoj.rs\/#\/schema\/person\/image\/\",\"url\":\"http:\/\/licnirazvoj.rs\/wp-content\/uploads\/2020\/08\/IBI_3240-795x530.jpg\",\"contentUrl\":\"http:\/\/licnirazvoj.rs\/wp-content\/uploads\/2020\/08\/IBI_3240-795x530.jpg\",\"width\":\"795\",\"height\":\"530\",\"caption\":\"Biljana Grbovi\u0107\"},\"logo\":{\"@id\":\"https:\/\/licnirazvoj.rs\/#\/schema\/person\/image\/\"},\"sameAs\":[\"http:\/\/licnirazvoj.rs\/\",\"https:\/\/www.facebook.com\/maticaudruzenjeroditelja\",\"https:\/\/www.instagram.com\/udruzenje_roditelja_matica\/\",\"https:\/\/www.youtube.com\/channel\/UCtoOPZc7FPAXLGna-JaofEQ\/\"]}]}<\/script>\n<!-- \/ Yoast SEO plugin. -->","yoast_head_json":{"title":"Face\u021bi cuno\u0219tin\u021b\u0103 cu Biljana Grbovi\u0107","robots":{"index":"index","follow":"follow","max-snippet":"max-snippet:-1","max-image-preview":"max-image-preview:large","max-video-preview":"max-video-preview:-1"},"canonical":"https:\/\/licnirazvoj.rs\/ro\/o-meni\/","og_locale":"ro_RO","og_type":"article","og_title":"[:sr]Upoznajte Biljanu Grbovi\u0107[:ro]Face\u021bi cuno\u0219tin\u021b\u0103 cu Biljana Grbovi\u0107[:] - Li\u010dni Razvoj - Biljana Grbovi\u0107","og_description":"[vc_section full_width=&#8221;stretch_row_content&#8221; css=&#8221;.vc_custom_1529663984160{background-image: url(http:\/\/licnirazvoj.rs\/wp-content\/uploads\/2018\/05\/bela-pozadina.jpg?id=2438) !important;}&#8221;][vc_row css=&#8221;.vc_custom_1529663888108{margin-top: 0px !important;margin-bottom: 70px !important;padding-top: 50px !important;}&#8221;][vc_column][vc_single_image image=&#8221;5402&#8243; img_size=&#8221;full&#8221; alignment=&#8221;center&#8221;...","og_url":"https:\/\/licnirazvoj.rs\/ro\/o-meni\/","og_site_name":"Li\u010dni Razvoj - Biljana Grbovi\u0107","article_publisher":"https:\/\/www.facebook.com\/maticaudruzenjeroditelja","article_modified_time":"2025-03-29T20:44:38+00:00","twitter_card":"summary_large_image","twitter_misc":{"Timp estimat pentru citire":"3 minute"},"schema":{"@context":"https:\/\/schema.org","@graph":[{"@type":"WebPage","@id":"https:\/\/licnirazvoj.rs\/o-meni\/","url":"https:\/\/licnirazvoj.rs\/o-meni\/","name":"Face\u021bi cuno\u0219tin\u021b\u0103 cu Biljana Grbovi\u0107","isPartOf":{"@id":"https:\/\/licnirazvoj.rs\/#website"},"datePublished":"2018-06-29T07:21:18+00:00","dateModified":"2025-03-29T20:44:38+00:00","breadcrumb":{"@id":"https:\/\/licnirazvoj.rs\/o-meni\/#breadcrumb"},"inLanguage":"ro-RO","potentialAction":[{"@type":"ReadAction","target":["https:\/\/licnirazvoj.rs\/o-meni\/"]}]},{"@type":"BreadcrumbList","@id":"https:\/\/licnirazvoj.rs\/o-meni\/#breadcrumb","itemListElement":[{"@type":"ListItem","position":1,"name":"Po\u010detna","item":"https:\/\/licnirazvoj.rs\/"},{"@type":"ListItem","position":2,"name":"Upoznajte Biljanu Grbovi\u0107"}]},{"@type":"WebSite","@id":"https:\/\/licnirazvoj.rs\/#website","url":"https:\/\/licnirazvoj.rs\/","name":"Li\u010dni Razvoj - Biljana Grbovi\u0107","description":"Udru\u017eenje roditelja Matica","publisher":{"@id":"https:\/\/licnirazvoj.rs\/#\/schema\/person\/0773d084b790a9bb295bbf04f2e2fc9b"},"potentialAction":[{"@type":"SearchAction","target":{"@type":"EntryPoint","urlTemplate":"https:\/\/licnirazvoj.rs\/?s={search_term_string}"},"query-input":"required name=search_term_string"}],"inLanguage":"ro-RO"},{"@type":["Person","Organization"],"@id":"https:\/\/licnirazvoj.rs\/#\/schema\/person\/0773d084b790a9bb295bbf04f2e2fc9b","name":"Biljana Grbovi\u0107","image":{"@type":"ImageObject","inLanguage":"ro-RO","@id":"https:\/\/licnirazvoj.rs\/#\/schema\/person\/image\/","url":"http:\/\/licnirazvoj.rs\/wp-content\/uploads\/2020\/08\/IBI_3240-795x530.jpg","contentUrl":"http:\/\/licnirazvoj.rs\/wp-content\/uploads\/2020\/08\/IBI_3240-795x530.jpg","width":"795","height":"530","caption":"Biljana Grbovi\u0107"},"logo":{"@id":"https:\/\/licnirazvoj.rs\/#\/schema\/person\/image\/"},"sameAs":["http:\/\/licnirazvoj.rs\/","https:\/\/www.facebook.com\/maticaudruzenjeroditelja","https:\/\/www.instagram.com\/udruzenje_roditelja_matica\/","https:\/\/www.youtube.com\/channel\/UCtoOPZc7FPAXLGna-JaofEQ\/"]}]}},"_links":{"self":[{"href":"https:\/\/licnirazvoj.rs\/ro\/wp-json\/wp\/v2\/pages\/2471","targetHints":{"allow":["GET"]}}],"collection":[{"href":"https:\/\/licnirazvoj.rs\/ro\/wp-json\/wp\/v2\/pages"}],"about":[{"href":"https:\/\/licnirazvoj.rs\/ro\/wp-json\/wp\/v2\/types\/page"}],"author":[{"embeddable":true,"href":"https:\/\/licnirazvoj.rs\/ro\/wp-json\/wp\/v2\/users\/2"}],"replies":[{"embeddable":true,"href":"https:\/\/licnirazvoj.rs\/ro\/wp-json\/wp\/v2\/comments?post=2471"}],"version-history":[{"count":6,"href":"https:\/\/licnirazvoj.rs\/ro\/wp-json\/wp\/v2\/pages\/2471\/revisions"}],"predecessor-version":[{"id":5594,"href":"https:\/\/licnirazvoj.rs\/ro\/wp-json\/wp\/v2\/pages\/2471\/revisions\/5594"}],"wp:attachment":[{"href":"https:\/\/licnirazvoj.rs\/ro\/wp-json\/wp\/v2\/media?parent=2471"}],"curies":[{"name":"wp","href":"https:\/\/api.w.org\/{rel}","templated":true}]}}