{"id":3135,"date":"2019-04-11T15:14:28","date_gmt":"2019-04-11T15:14:28","guid":{"rendered":"http:\/\/licnirazvoj.rs\/?page_id=3135"},"modified":"2020-12-15T12:55:53","modified_gmt":"2020-12-15T12:55:53","slug":"tehnike-pravilnog-citanja","status":"publish","type":"page","link":"https:\/\/licnirazvoj.rs\/ro\/tehnike-pravilnog-citanja\/","title":{"rendered":"Tehnika pravilnog \u010ditanja"},"content":{"rendered":"<div class=\"wpb-content-wrapper\"><p>[vc_row][vc_column][vc_video link=&#8221;https:\/\/youtu.be\/E026_MvuJik&#8221; el_width=&#8221;70&#8243; align=&#8221;center&#8221;][\/vc_column][\/vc_row]<\/p>\n<\/div>","protected":false},"excerpt":{"rendered":"<p>[vc_row][vc_column][vc_video link=&#8221;https:\/\/youtu.be\/E026_MvuJik&#8221; el_width=&#8221;70&#8243; align=&#8221;center&#8221;][\/vc_column][\/vc_row]<\/p>\n","protected":false},"author":2,"featured_media":0,"parent":0,"menu_order":0,"comment_status":"closed","ping_status":"closed","template":"","meta":{"_monsterinsights_skip_tracking":false,"_monsterinsights_sitenote_active":false,"_monsterinsights_sitenote_note":"","_monsterinsights_sitenote_category":0,"footnotes":""},"class_list":["post-3135","page","type-page","status-publish","hentry"],"yoast_head":"<!-- This site is optimized with the Yoast SEO plugin v23.3 - https:\/\/yoast.com\/wordpress\/plugins\/seo\/ -->\n<title>Tehnika pravilnog \u010ditanja - Li\u010dni Razvoj - Biljana Grbovi\u0107<\/title>\n<meta name=\"robots\" content=\"noindex, nofollow\" \/>\n<meta property=\"og:locale\" content=\"ro_RO\" \/>\n<meta property=\"og:locale:alternate\" content=\"sr_RS\" \/>\n<meta property=\"og:type\" content=\"article\" \/>\n<meta property=\"og:title\" content=\"Tehnika pravilnog \u010ditanja - Li\u010dni Razvoj - Biljana Grbovi\u0107\" \/>\n<meta property=\"og:description\" content=\"[vc_row][vc_column][vc_video link=&#8221;https:\/\/youtu.be\/E026_MvuJik&#8221; el_width=&#8221;70&#8243; align=&#8221;center&#8221;][\/vc_column][\/vc_row]\" \/>\n<meta property=\"og:url\" content=\"https:\/\/licnirazvoj.rs\/ro\/tehnike-pravilnog-citanja\/\" \/>\n<meta property=\"og:site_name\" content=\"Li\u010dni Razvoj - Biljana Grbovi\u0107\" \/>\n<meta property=\"article:publisher\" content=\"https:\/\/www.facebook.com\/maticaudruzenjeroditelja\" \/>\n<meta property=\"article:modified_time\" content=\"2020-12-15T12:55:53+00:00\" \/>\n<meta name=\"twitter:card\" content=\"summary_large_image\" \/>\n<script type=\"application\/ld+json\" class=\"yoast-schema-graph\">{\"@context\":\"https:\/\/schema.org\",\"@graph\":[{\"@type\":\"WebPage\",\"@id\":\"https:\/\/licnirazvoj.rs\/tehnike-pravilnog-citanja\/\",\"url\":\"https:\/\/licnirazvoj.rs\/tehnike-pravilnog-citanja\/\",\"name\":\"Tehnika pravilnog \u010ditanja - Li\u010dni Razvoj - Biljana Grbovi\u0107\",\"isPartOf\":{\"@id\":\"https:\/\/licnirazvoj.rs\/#website\"},\"datePublished\":\"2019-04-11T15:14:28+00:00\",\"dateModified\":\"2020-12-15T12:55:53+00:00\",\"breadcrumb\":{\"@id\":\"https:\/\/licnirazvoj.rs\/tehnike-pravilnog-citanja\/#breadcrumb\"},\"inLanguage\":\"ro-RO\",\"potentialAction\":[{\"@type\":\"ReadAction\",\"target\":[\"https:\/\/licnirazvoj.rs\/tehnike-pravilnog-citanja\/\"]}]},{\"@type\":\"BreadcrumbList\",\"@id\":\"https:\/\/licnirazvoj.rs\/tehnike-pravilnog-citanja\/#breadcrumb\",\"itemListElement\":[{\"@type\":\"ListItem\",\"position\":1,\"name\":\"Po\u010detna\",\"item\":\"https:\/\/licnirazvoj.rs\/\"},{\"@type\":\"ListItem\",\"position\":2,\"name\":\"Tehnika pravilnog \u010ditanja\"}]},{\"@type\":\"WebSite\",\"@id\":\"https:\/\/licnirazvoj.rs\/#website\",\"url\":\"https:\/\/licnirazvoj.rs\/\",\"name\":\"Li\u010dni Razvoj - Biljana Grbovi\u0107\",\"description\":\"Udru\u017eenje roditelja Matica\",\"publisher\":{\"@id\":\"https:\/\/licnirazvoj.rs\/#\/schema\/person\/0773d084b790a9bb295bbf04f2e2fc9b\"},\"potentialAction\":[{\"@type\":\"SearchAction\",\"target\":{\"@type\":\"EntryPoint\",\"urlTemplate\":\"https:\/\/licnirazvoj.rs\/?s={search_term_string}\"},\"query-input\":\"required name=search_term_string\"}],\"inLanguage\":\"ro-RO\"},{\"@type\":[\"Person\",\"Organization\"],\"@id\":\"https:\/\/licnirazvoj.rs\/#\/schema\/person\/0773d084b790a9bb295bbf04f2e2fc9b\",\"name\":\"Biljana Grbovi\u0107\",\"image\":{\"@type\":\"ImageObject\",\"inLanguage\":\"ro-RO\",\"@id\":\"https:\/\/licnirazvoj.rs\/#\/schema\/person\/image\/\",\"url\":\"http:\/\/licnirazvoj.rs\/wp-content\/uploads\/2020\/08\/IBI_3240-795x530.jpg\",\"contentUrl\":\"http:\/\/licnirazvoj.rs\/wp-content\/uploads\/2020\/08\/IBI_3240-795x530.jpg\",\"width\":\"795\",\"height\":\"530\",\"caption\":\"Biljana Grbovi\u0107\"},\"logo\":{\"@id\":\"https:\/\/licnirazvoj.rs\/#\/schema\/person\/image\/\"},\"sameAs\":[\"http:\/\/licnirazvoj.rs\/\",\"https:\/\/www.facebook.com\/maticaudruzenjeroditelja\",\"https:\/\/www.instagram.com\/udruzenje_roditelja_matica\/\",\"https:\/\/www.youtube.com\/channel\/UCtoOPZc7FPAXLGna-JaofEQ\/\"]}]}<\/script>\n<!-- \/ Yoast SEO plugin. -->","yoast_head_json":{"title":"Tehnika pravilnog \u010ditanja - Li\u010dni Razvoj - Biljana Grbovi\u0107","robots":{"index":"noindex","follow":"nofollow"},"og_locale":"ro_RO","og_type":"article","og_title":"Tehnika pravilnog \u010ditanja - Li\u010dni Razvoj - Biljana Grbovi\u0107","og_description":"[vc_row][vc_column][vc_video link=&#8221;https:\/\/youtu.be\/E026_MvuJik&#8221; el_width=&#8221;70&#8243; align=&#8221;center&#8221;][\/vc_column][\/vc_row]","og_url":"https:\/\/licnirazvoj.rs\/ro\/tehnike-pravilnog-citanja\/","og_site_name":"Li\u010dni Razvoj - Biljana Grbovi\u0107","article_publisher":"https:\/\/www.facebook.com\/maticaudruzenjeroditelja","article_modified_time":"2020-12-15T12:55:53+00:00","twitter_card":"summary_large_image","schema":{"@context":"https:\/\/schema.org","@graph":[{"@type":"WebPage","@id":"https:\/\/licnirazvoj.rs\/tehnike-pravilnog-citanja\/","url":"https:\/\/licnirazvoj.rs\/tehnike-pravilnog-citanja\/","name":"Tehnika pravilnog \u010ditanja - Li\u010dni Razvoj - Biljana Grbovi\u0107","isPartOf":{"@id":"https:\/\/licnirazvoj.rs\/#website"},"datePublished":"2019-04-11T15:14:28+00:00","dateModified":"2020-12-15T12:55:53+00:00","breadcrumb":{"@id":"https:\/\/licnirazvoj.rs\/tehnike-pravilnog-citanja\/#breadcrumb"},"inLanguage":"ro-RO","potentialAction":[{"@type":"ReadAction","target":["https:\/\/licnirazvoj.rs\/tehnike-pravilnog-citanja\/"]}]},{"@type":"BreadcrumbList","@id":"https:\/\/licnirazvoj.rs\/tehnike-pravilnog-citanja\/#breadcrumb","itemListElement":[{"@type":"ListItem","position":1,"name":"Po\u010detna","item":"https:\/\/licnirazvoj.rs\/"},{"@type":"ListItem","position":2,"name":"Tehnika pravilnog \u010ditanja"}]},{"@type":"WebSite","@id":"https:\/\/licnirazvoj.rs\/#website","url":"https:\/\/licnirazvoj.rs\/","name":"Li\u010dni Razvoj - Biljana Grbovi\u0107","description":"Udru\u017eenje roditelja Matica","publisher":{"@id":"https:\/\/licnirazvoj.rs\/#\/schema\/person\/0773d084b790a9bb295bbf04f2e2fc9b"},"potentialAction":[{"@type":"SearchAction","target":{"@type":"EntryPoint","urlTemplate":"https:\/\/licnirazvoj.rs\/?s={search_term_string}"},"query-input":"required name=search_term_string"}],"inLanguage":"ro-RO"},{"@type":["Person","Organization"],"@id":"https:\/\/licnirazvoj.rs\/#\/schema\/person\/0773d084b790a9bb295bbf04f2e2fc9b","name":"Biljana Grbovi\u0107","image":{"@type":"ImageObject","inLanguage":"ro-RO","@id":"https:\/\/licnirazvoj.rs\/#\/schema\/person\/image\/","url":"http:\/\/licnirazvoj.rs\/wp-content\/uploads\/2020\/08\/IBI_3240-795x530.jpg","contentUrl":"http:\/\/licnirazvoj.rs\/wp-content\/uploads\/2020\/08\/IBI_3240-795x530.jpg","width":"795","height":"530","caption":"Biljana Grbovi\u0107"},"logo":{"@id":"https:\/\/licnirazvoj.rs\/#\/schema\/person\/image\/"},"sameAs":["http:\/\/licnirazvoj.rs\/","https:\/\/www.facebook.com\/maticaudruzenjeroditelja","https:\/\/www.instagram.com\/udruzenje_roditelja_matica\/","https:\/\/www.youtube.com\/channel\/UCtoOPZc7FPAXLGna-JaofEQ\/"]}]}},"_links":{"self":[{"href":"https:\/\/licnirazvoj.rs\/ro\/wp-json\/wp\/v2\/pages\/3135","targetHints":{"allow":["GET"]}}],"collection":[{"href":"https:\/\/licnirazvoj.rs\/ro\/wp-json\/wp\/v2\/pages"}],"about":[{"href":"https:\/\/licnirazvoj.rs\/ro\/wp-json\/wp\/v2\/types\/page"}],"author":[{"embeddable":true,"href":"https:\/\/licnirazvoj.rs\/ro\/wp-json\/wp\/v2\/users\/2"}],"replies":[{"embeddable":true,"href":"https:\/\/licnirazvoj.rs\/ro\/wp-json\/wp\/v2\/comments?post=3135"}],"version-history":[{"count":5,"href":"https:\/\/licnirazvoj.rs\/ro\/wp-json\/wp\/v2\/pages\/3135\/revisions"}],"predecessor-version":[{"id":3544,"href":"https:\/\/licnirazvoj.rs\/ro\/wp-json\/wp\/v2\/pages\/3135\/revisions\/3544"}],"wp:attachment":[{"href":"https:\/\/licnirazvoj.rs\/ro\/wp-json\/wp\/v2\/media?parent=3135"}],"curies":[{"name":"wp","href":"https:\/\/api.w.org\/{rel}","templated":true}]}}