{"id":3895,"date":"2021-03-23T13:34:00","date_gmt":"2021-03-23T13:34:00","guid":{"rendered":"http:\/\/licnirazvoj.rs\/?page_id=3895"},"modified":"2021-03-23T13:34:01","modified_gmt":"2021-03-23T13:34:01","slug":"politika-privatnosti","status":"publish","type":"page","link":"https:\/\/licnirazvoj.rs\/ro\/politika-privatnosti\/","title":{"rendered":"Politika Privatnosti"},"content":{"rendered":"<div class=\"wpb-content-wrapper\"><p>[vc_row][vc_column][vc_column_text css=&#8221;.vc_custom_1616243835279{background-color: #529cbf !important;}&#8221;]<\/p>\n<h1 style=\"text-align: center;\">Politika privatnosti<\/h1>\n<p>[\/vc_column_text][vc_column_text]<\/p>\n<h3>Ko smo mi?<\/h3>\n<p>Udru\u017eenje roditelja Matica, Had\u017ei Ruvimova 4, 21000 Novi Sad obra\u0111uje va\u0161e podatke o li\u010dnosti.<\/p>\n<h3>Vrste podataka o li\u010dnosti koje prikupljamo<\/h3>\n<p style=\"text-align: left;\">Udru\u017eenje roditelja Matica prikuplja slede\u0107e podatke o li\u010dnosti:<br \/>\nEmail adresa<br \/>\nIme i prezime<br \/>\nBroj telefona<br \/>\nAdresa stanovanja<br \/>\nFotografije<br \/>\nVideo snimci<\/p>\n<h3>Svrha obrade i pravni osnov<\/h3>\n<p style=\"text-align: left;\">Udru\u017eenje roditelja Matica koristi va\u0161e podatke za slede\u0107e svrhe:<br \/>\nPru\u017eanje osnovnih usluga<br \/>\nObrada transakcija<br \/>\nKorisni\u010dka podr\u0161ka<br \/>\nKomunikacija sa\u00a0 korisnicima<br \/>\nPonude novih proizvoda i usluga<\/p>\n<p style=\"text-align: left;\">Udru\u017eenje roditelja Matica podatke o li\u010dnosti obra\u0111uje na osnovu slede\u0107eg pravnog osnova:<br \/>\nPristanak<br \/>\nPristanak mo\u017eete povu\u0107i u svakom trenutku<\/p>\n<h3>Korisnici podataka<\/h3>\n<p style=\"text-align: left;\">\u00a0<strong>NE<\/strong> prosle\u0111ujemo, <strong>NE<\/strong> prodajemo, <strong>NE<\/strong> iznajmljujemo va\u0161e podatke o li\u010dnosti tre\u0107im licima.<\/p>\n<h3>Za\u0161tita podataka<\/h3>\n<p style=\"text-align: left;\">Udru\u017eenje roditelja Matica \u0161titi va\u0161e podatke kori\u0161\u0107enjem slede\u0107ih mera za\u0161tite:<br \/>\nEnkriptovanje podataka<br \/>\nAntivirus za\u0161tita<br \/>\nSistem privilegija i rola<\/p>\n<h3>Automatizovano dono\u0161enje odluka i profilisanje<\/h3>\n<p style=\"text-align: left;\">Udru\u017eenje roditelja Matica ne vr\u0161i automatizovano dono\u0161enje odluka i profilisanje.<\/p>\n<h3>Transfer podataka o li\u010dnosti van EU<\/h3>\n<p style=\"text-align: left;\">Udru\u017eenje roditelja Matica ne vr\u0161i transfer podataka o li\u010dnosti van teritorije Evropske unije.<\/p>\n<h3>Transfer podataka o li\u010dnosti van Srbije<\/h3>\n<p>Udru\u017eenje roditelja Matica ne vr\u0161i transfer podataka o li\u010dnosti van teritorije Republike Srbije.<\/p>\n<h3>Prava gra\u0111ana<\/h3>\n<p style=\"text-align: left;\">Imate slede\u0107a prava u vezi sa obradom va\u0161ih podataka o li\u010dnosti:<br \/>\nPotvrda da li obra\u0111ujemo va\u0161e podatke o li\u010dnosti;<br \/>\nPristup va\u0161im podacima o li\u010dnosti;<br \/>\nIspravku va\u0161ih podataka o li\u010dnosti u slu\u010daju gre\u0161ke;<br \/>\nBrisanje va\u0161ih podataka o li\u010dnosti;<br \/>\nPrekid obrade va\u0161ih podataka o li\u010dnosti;<br \/>\nOdbijanje da se va\u0161i podaci o li\u010dnosti obra\u0111uju;<br \/>\nPrenos podataka o li\u010dnosti kod drugog pru\u017eaoca usluge;<br \/>\nU slu\u010daju da se vr\u0161i automatizovana obrada podataka o li\u010dnosti i dono\u0161enje odluka, pravo na ljudsku intervenciju, izra\u017eavanje stava o odluci ili\u00a0 \u00a0 \u00a0 \u00a0 \u00a0 \u00a0 \u00a0 \u00a0 \u00a0 \u00a0 \u00a0 \u00a0 \u00a0 \u00a0 \u00a0 \u00a0 \u00a0 \u00a0 \u00a0 \u00a0 \u00a0 \u00a0 \u00a0 \u00a0 \u00a0 \u00a0 \u00a0 \u00a0 \u00a0 \u00a0 \u00a0 \u00a0 \u00a0 \u00a0 \u00a0 osporavanje odluke.<\/p>\n<p>Prava mo\u017eete ostvariti kontaktiranjem Udru\u017eenje roditelja Matica na slede\u0107e na\u010dine:<br \/>\nAdresa: Udru\u017eenje Roditelja Matica, Had\u017ei Ruvimova 4, 21000 Novi Sad<\/p>\n<h3>Nadle\u017eni organ<\/h3>\n<p>Nadle\u017eni organ za za\u0161titu podataka o li\u010dnosti je Poverenik za informacije od javnog zna\u010daja i za\u0161titu podataka o li\u010dnosti Republike Srbije. Organu se mo\u017eete obratiti na adresi Bulevar kralja Aleksandra 15, 11000 Beograd, Republika Srbija, mejlom na office@poverenik.rs ili telefonom na +381 11 3408 900.<\/p>\n<p>[\/vc_column_text][\/vc_column][vc_column][\/vc_column][vc_column][\/vc_column][vc_column][\/vc_column][\/vc_row]<\/p>\n<\/div>","protected":false},"excerpt":{"rendered":"<p>[vc_row][vc_column][vc_column_text css=&#8221;.vc_custom_1616243835279{background-color: #529cbf !important;}&#8221;] Politika privatnosti [\/vc_column_text][vc_column_text] Ko smo mi? Udru\u017eenje roditelja Matica, Had\u017ei Ruvimova&#8230;<\/p>\n","protected":false},"author":1,"featured_media":0,"parent":0,"menu_order":0,"comment_status":"closed","ping_status":"closed","template":"","meta":{"_monsterinsights_skip_tracking":false,"_monsterinsights_sitenote_active":false,"_monsterinsights_sitenote_note":"","_monsterinsights_sitenote_category":0,"footnotes":""},"class_list":["post-3895","page","type-page","status-publish","hentry"],"yoast_head":"<!-- This site is optimized with the Yoast SEO plugin v23.3 - https:\/\/yoast.com\/wordpress\/plugins\/seo\/ -->\n<title>Politika Privatnosti - Li\u010dni Razvoj - Biljana Grbovi\u0107<\/title>\n<meta name=\"robots\" content=\"index, follow, max-snippet:-1, max-image-preview:large, max-video-preview:-1\" \/>\n<link rel=\"canonical\" href=\"https:\/\/licnirazvoj.rs\/ro\/politika-privatnosti\/\" \/>\n<meta property=\"og:locale\" content=\"ro_RO\" \/>\n<meta property=\"og:locale:alternate\" content=\"sr_RS\" \/>\n<meta property=\"og:type\" content=\"article\" \/>\n<meta property=\"og:title\" content=\"Politika Privatnosti - Li\u010dni Razvoj - Biljana Grbovi\u0107\" \/>\n<meta property=\"og:description\" content=\"[vc_row][vc_column][vc_column_text css=&#8221;.vc_custom_1616243835279{background-color: #529cbf !important;}&#8221;] Politika privatnosti [\/vc_column_text][vc_column_text] Ko smo mi? Udru\u017eenje roditelja Matica, Had\u017ei Ruvimova...\" \/>\n<meta property=\"og:url\" content=\"https:\/\/licnirazvoj.rs\/ro\/politika-privatnosti\/\" \/>\n<meta property=\"og:site_name\" content=\"Li\u010dni Razvoj - Biljana Grbovi\u0107\" \/>\n<meta property=\"article:publisher\" content=\"https:\/\/www.facebook.com\/maticaudruzenjeroditelja\" \/>\n<meta property=\"article:modified_time\" content=\"2021-03-23T13:34:01+00:00\" \/>\n<meta name=\"twitter:card\" content=\"summary_large_image\" \/>\n<meta name=\"twitter:label1\" content=\"Timp estimat pentru citire\" \/>\n\t<meta name=\"twitter:data1\" content=\"2 minute\" \/>\n<script type=\"application\/ld+json\" class=\"yoast-schema-graph\">{\"@context\":\"https:\/\/schema.org\",\"@graph\":[{\"@type\":\"WebPage\",\"@id\":\"https:\/\/licnirazvoj.rs\/politika-privatnosti\/\",\"url\":\"https:\/\/licnirazvoj.rs\/politika-privatnosti\/\",\"name\":\"Politika Privatnosti - Li\u010dni Razvoj - Biljana Grbovi\u0107\",\"isPartOf\":{\"@id\":\"https:\/\/licnirazvoj.rs\/#website\"},\"datePublished\":\"2021-03-23T13:34:00+00:00\",\"dateModified\":\"2021-03-23T13:34:01+00:00\",\"breadcrumb\":{\"@id\":\"https:\/\/licnirazvoj.rs\/politika-privatnosti\/#breadcrumb\"},\"inLanguage\":\"ro-RO\",\"potentialAction\":[{\"@type\":\"ReadAction\",\"target\":[\"https:\/\/licnirazvoj.rs\/politika-privatnosti\/\"]}]},{\"@type\":\"BreadcrumbList\",\"@id\":\"https:\/\/licnirazvoj.rs\/politika-privatnosti\/#breadcrumb\",\"itemListElement\":[{\"@type\":\"ListItem\",\"position\":1,\"name\":\"Po\u010detna\",\"item\":\"https:\/\/licnirazvoj.rs\/\"},{\"@type\":\"ListItem\",\"position\":2,\"name\":\"Politika Privatnosti\"}]},{\"@type\":\"WebSite\",\"@id\":\"https:\/\/licnirazvoj.rs\/#website\",\"url\":\"https:\/\/licnirazvoj.rs\/\",\"name\":\"Li\u010dni Razvoj - Biljana Grbovi\u0107\",\"description\":\"Udru\u017eenje roditelja Matica\",\"publisher\":{\"@id\":\"https:\/\/licnirazvoj.rs\/#\/schema\/person\/0773d084b790a9bb295bbf04f2e2fc9b\"},\"potentialAction\":[{\"@type\":\"SearchAction\",\"target\":{\"@type\":\"EntryPoint\",\"urlTemplate\":\"https:\/\/licnirazvoj.rs\/?s={search_term_string}\"},\"query-input\":\"required name=search_term_string\"}],\"inLanguage\":\"ro-RO\"},{\"@type\":[\"Person\",\"Organization\"],\"@id\":\"https:\/\/licnirazvoj.rs\/#\/schema\/person\/0773d084b790a9bb295bbf04f2e2fc9b\",\"name\":\"Biljana Grbovi\u0107\",\"image\":{\"@type\":\"ImageObject\",\"inLanguage\":\"ro-RO\",\"@id\":\"https:\/\/licnirazvoj.rs\/#\/schema\/person\/image\/\",\"url\":\"http:\/\/licnirazvoj.rs\/wp-content\/uploads\/2020\/08\/IBI_3240-795x530.jpg\",\"contentUrl\":\"http:\/\/licnirazvoj.rs\/wp-content\/uploads\/2020\/08\/IBI_3240-795x530.jpg\",\"width\":\"795\",\"height\":\"530\",\"caption\":\"Biljana Grbovi\u0107\"},\"logo\":{\"@id\":\"https:\/\/licnirazvoj.rs\/#\/schema\/person\/image\/\"},\"sameAs\":[\"http:\/\/licnirazvoj.rs\/\",\"https:\/\/www.facebook.com\/maticaudruzenjeroditelja\",\"https:\/\/www.instagram.com\/udruzenje_roditelja_matica\/\",\"https:\/\/www.youtube.com\/channel\/UCtoOPZc7FPAXLGna-JaofEQ\/\"]}]}<\/script>\n<!-- \/ Yoast SEO plugin. -->","yoast_head_json":{"title":"Politika Privatnosti - Li\u010dni Razvoj - Biljana Grbovi\u0107","robots":{"index":"index","follow":"follow","max-snippet":"max-snippet:-1","max-image-preview":"max-image-preview:large","max-video-preview":"max-video-preview:-1"},"canonical":"https:\/\/licnirazvoj.rs\/ro\/politika-privatnosti\/","og_locale":"ro_RO","og_type":"article","og_title":"Politika Privatnosti - Li\u010dni Razvoj - Biljana Grbovi\u0107","og_description":"[vc_row][vc_column][vc_column_text css=&#8221;.vc_custom_1616243835279{background-color: #529cbf !important;}&#8221;] Politika privatnosti [\/vc_column_text][vc_column_text] Ko smo mi? Udru\u017eenje roditelja Matica, Had\u017ei Ruvimova...","og_url":"https:\/\/licnirazvoj.rs\/ro\/politika-privatnosti\/","og_site_name":"Li\u010dni Razvoj - Biljana Grbovi\u0107","article_publisher":"https:\/\/www.facebook.com\/maticaudruzenjeroditelja","article_modified_time":"2021-03-23T13:34:01+00:00","twitter_card":"summary_large_image","twitter_misc":{"Timp estimat pentru citire":"2 minute"},"schema":{"@context":"https:\/\/schema.org","@graph":[{"@type":"WebPage","@id":"https:\/\/licnirazvoj.rs\/politika-privatnosti\/","url":"https:\/\/licnirazvoj.rs\/politika-privatnosti\/","name":"Politika Privatnosti - Li\u010dni Razvoj - Biljana Grbovi\u0107","isPartOf":{"@id":"https:\/\/licnirazvoj.rs\/#website"},"datePublished":"2021-03-23T13:34:00+00:00","dateModified":"2021-03-23T13:34:01+00:00","breadcrumb":{"@id":"https:\/\/licnirazvoj.rs\/politika-privatnosti\/#breadcrumb"},"inLanguage":"ro-RO","potentialAction":[{"@type":"ReadAction","target":["https:\/\/licnirazvoj.rs\/politika-privatnosti\/"]}]},{"@type":"BreadcrumbList","@id":"https:\/\/licnirazvoj.rs\/politika-privatnosti\/#breadcrumb","itemListElement":[{"@type":"ListItem","position":1,"name":"Po\u010detna","item":"https:\/\/licnirazvoj.rs\/"},{"@type":"ListItem","position":2,"name":"Politika Privatnosti"}]},{"@type":"WebSite","@id":"https:\/\/licnirazvoj.rs\/#website","url":"https:\/\/licnirazvoj.rs\/","name":"Li\u010dni Razvoj - Biljana Grbovi\u0107","description":"Udru\u017eenje roditelja Matica","publisher":{"@id":"https:\/\/licnirazvoj.rs\/#\/schema\/person\/0773d084b790a9bb295bbf04f2e2fc9b"},"potentialAction":[{"@type":"SearchAction","target":{"@type":"EntryPoint","urlTemplate":"https:\/\/licnirazvoj.rs\/?s={search_term_string}"},"query-input":"required name=search_term_string"}],"inLanguage":"ro-RO"},{"@type":["Person","Organization"],"@id":"https:\/\/licnirazvoj.rs\/#\/schema\/person\/0773d084b790a9bb295bbf04f2e2fc9b","name":"Biljana Grbovi\u0107","image":{"@type":"ImageObject","inLanguage":"ro-RO","@id":"https:\/\/licnirazvoj.rs\/#\/schema\/person\/image\/","url":"http:\/\/licnirazvoj.rs\/wp-content\/uploads\/2020\/08\/IBI_3240-795x530.jpg","contentUrl":"http:\/\/licnirazvoj.rs\/wp-content\/uploads\/2020\/08\/IBI_3240-795x530.jpg","width":"795","height":"530","caption":"Biljana Grbovi\u0107"},"logo":{"@id":"https:\/\/licnirazvoj.rs\/#\/schema\/person\/image\/"},"sameAs":["http:\/\/licnirazvoj.rs\/","https:\/\/www.facebook.com\/maticaudruzenjeroditelja","https:\/\/www.instagram.com\/udruzenje_roditelja_matica\/","https:\/\/www.youtube.com\/channel\/UCtoOPZc7FPAXLGna-JaofEQ\/"]}]}},"_links":{"self":[{"href":"https:\/\/licnirazvoj.rs\/ro\/wp-json\/wp\/v2\/pages\/3895","targetHints":{"allow":["GET"]}}],"collection":[{"href":"https:\/\/licnirazvoj.rs\/ro\/wp-json\/wp\/v2\/pages"}],"about":[{"href":"https:\/\/licnirazvoj.rs\/ro\/wp-json\/wp\/v2\/types\/page"}],"author":[{"embeddable":true,"href":"https:\/\/licnirazvoj.rs\/ro\/wp-json\/wp\/v2\/users\/1"}],"replies":[{"embeddable":true,"href":"https:\/\/licnirazvoj.rs\/ro\/wp-json\/wp\/v2\/comments?post=3895"}],"version-history":[{"count":10,"href":"https:\/\/licnirazvoj.rs\/ro\/wp-json\/wp\/v2\/pages\/3895\/revisions"}],"predecessor-version":[{"id":3921,"href":"https:\/\/licnirazvoj.rs\/ro\/wp-json\/wp\/v2\/pages\/3895\/revisions\/3921"}],"wp:attachment":[{"href":"https:\/\/licnirazvoj.rs\/ro\/wp-json\/wp\/v2\/media?parent=3895"}],"curies":[{"name":"wp","href":"https:\/\/api.w.org\/{rel}","templated":true}]}}