{"id":4429,"date":"2021-11-05T09:45:28","date_gmt":"2021-11-05T09:45:28","guid":{"rendered":"http:\/\/licnirazvoj.rs\/?page_id=4429"},"modified":"2026-03-06T02:23:56","modified_gmt":"2026-03-06T00:23:56","slug":"citam-sam-biljana-grbovic-bih","status":"publish","type":"page","link":"https:\/\/licnirazvoj.rs\/ro\/citam-sam-biljana-grbovic-bih\/","title":{"rendered":"\u010citam sam &#8211; Biljana Grbovi\u0107 &#8211; BiH"},"content":{"rendered":"<div class=\"wpb-content-wrapper\"><p>[vc_section full_width=&#8221;stretch_row&#8221; css=&#8221;.vc_custom_1611152727749{margin-top: 0px !important;padding-bottom: 40px !important;background-color: #529cbf !important;}&#8221;][vc_row css=&#8221;.vc_custom_1611152746880{margin-bottom: 0px !important;padding-top: 0px !important;padding-bottom: 0px !important;}&#8221;][vc_column][vc_column_text]<\/p>\n<h1 style=\"text-align: center;\"><span style=\"color: #ffffff;\">&#8211; \u010cITAM SAM &#8211;<br \/>\nBiljana Grbovi\u0107<\/span><\/h1>\n<p>[\/vc_column_text][\/vc_column][\/vc_row][\/vc_section][vc_section full_width=&#8221;stretch_row&#8221; css=&#8221;.vc_custom_1565173909378{margin-bottom: -50px !important;padding-bottom: 50px !important;background-color: #529cbf !important;}&#8221; el_id=&#8221;order&#8221;][vc_row css=&#8221;.vc_custom_1622026524978{margin-bottom: 20px !important;padding-top: 20px !important;}&#8221;][vc_column width=&#8221;2\/3&#8243;][vc_column_text css=&#8221;.vc_custom_1636103621617{margin-top: -30px !important;}&#8221;]<\/p>\n<h3 style=\"text-align: center;\"><span style=\"color: #ffffff;\"><br \/>\nAko \u017eelite da va\u0161e dijete samo nau\u010di da \u010dita i zavoli \u010ditanje, ovo je set za vas. Poru\u010dite komplet od 9 slikovnica &#8222;\u010citam sam&#8221; jo\u0161 danas!<br \/>\n<\/span><\/h3>\n<p>[\/vc_column_text][vc_row_inner][vc_column_inner width=&#8221;5\/12&#8243;][vc_single_image image=&#8221;5753&#8243; img_size=&#8221;full&#8221; alignment=&#8221;center&#8221; css=&#8221;&#8221;][\/vc_column_inner][vc_column_inner width=&#8221;1\/6&#8243;][vc_single_image image=&#8221;5725&#8243; img_size=&#8221;full&#8221; alignment=&#8221;center&#8221; css=&#8221;&#8221;][\/vc_column_inner][vc_column_inner width=&#8221;5\/12&#8243;][vc_single_image image=&#8221;4825&#8243; img_size=&#8221;full&#8221; alignment=&#8221;center&#8221; css=&#8221;&#8221;][\/vc_column_inner][\/vc_row_inner][vc_column_text css=&#8221;.vc_custom_1772756614087{padding-bottom: 40px !important;}&#8221;]<\/p>\n<p style=\"text-align: center;\"><span style=\"color: #ffffff;\">Popunite podatke i po\u0161aljite porud\u017ebinu za va\u0161 komplet slikovnica.<\/span><\/p>\n<p style=\"text-align: center;\"><span style=\"color: #ffffff; font-size: 22px;\"><strong>40KM &#8211; BEZ DODATNIH TRO\u0160KOVA PO\u0160TARINE!<\/strong><\/span><br \/>\n<span style=\"color: #ffffff;\">Pla\u0107anje se vr\u0161i po preuzimanju.<\/span><\/p>\n<p>[\/vc_column_text][\/vc_column][vc_column width=&#8221;1\/3&#8243; css=&#8221;.vc_custom_1622026646933{margin-top: 20px !important;padding-top: 20px !important;padding-right: 0px !important;padding-bottom: 20px !important;padding-left: 20px !important;background-color: #ffffff !important;border-radius: 5px !important;}&#8221;][vc_raw_html css=&#8221;.vc_custom_1771965683918{padding-bottom: 30px !important;}&#8221;]JTVCZm9ybWluYXRvcl9mb3JtJTIwaWQlM0QlMjI1MTg2JTIyJTVE[\/vc_raw_html][\/vc_column][\/vc_row][\/vc_section][vc_row css=&#8221;.vc_custom_1557813872880{padding-top: 20px !important;}&#8221;][vc_column][vc_custom_heading text=&#8221;Za\u0161to ba\u0161 ove slikovnice?&#8221; font_container=&#8221;tag:h2|text_align:center&#8221; use_theme_fonts=&#8221;yes&#8221; css=&#8221;.vc_custom_1772056044050{margin-top: 54px !important;margin-bottom: 54px !important;}&#8221; sep_position=&#8221;bottom&#8221; sep_aligment=&#8221;center&#8221; icon_hc=&#8221;hc-icon-smile&#8221; icon_size=&#8221;17px&#8221; link=&#8221;|||&#8221; sep_spacing_top=&#8221;14px&#8221; icon_color=&#8221;#ffa011&#8243;][\/vc_column][\/vc_row][vc_row css=&#8221;.vc_custom_1557741680125{margin-bottom: 40px !important;}&#8221;][vc_column width=&#8221;1\/2&#8243;][vc_video link=&#8221;https:\/\/www.youtube.com\/watch?v=Z2iZSHRJAnE&#8221;][\/vc_column][vc_column width=&#8221;1\/2&#8243;][vc_column_text]<\/p>\n<ul>\n<li>lak je i brz,<\/li>\n<li>organizovan\u00a0 je po nivoima, tako da i dijete koje vrlo malo zna mo\u017ee da do\u017eivi uspeh i da ga to\u00a0 motivi\u0161e da tra\u017ei jo\u0161,<\/li>\n<li>ve\u0107ina rije\u010di su izuzetno kratke tj. sastavljene od 2, 3 i 4 slova,<\/li>\n<li>prva slikovnica sa\u010dinjena je samo od slova A, O, M, T, S i I , a njih djeca\u00a0 znaju<\/li>\n<li>zato \u0161to djeca u\u010de samostalno, niko im ni\u0161ta ne name\u0107e\u00a0 i ne stvaraju otpor.<\/li>\n<\/ul>\n<p>[\/vc_column_text][vc_btn title=&#8221;Poru\u010dite svoj komplet&#8221; shape=&#8221;round&#8221; color=&#8221;warning&#8221; align=&#8221;center&#8221; i_icon_fontawesome=&#8221;fa fa-check&#8221; add_icon=&#8221;true&#8221; link=&#8221;url:%23order|||&#8221;][\/vc_column][\/vc_row][vc_section full_width=&#8221;stretch_row&#8221; css=&#8221;.vc_custom_1557742014344{padding-bottom: 40px !important;background-color: #529cbf !important;}&#8221;][vc_row css=&#8221;.vc_custom_1557669129107{margin-bottom: 0px !important;padding-top: 0px !important;padding-bottom: 0px !important;}&#8221;][vc_column][vc_column_text]<\/p>\n<h2 style=\"text-align: center;\"><span style=\"color: #ffffff;\">IDEJA<\/span><\/h2>\n<p>[\/vc_column_text][\/vc_column][\/vc_row][vc_row][vc_column width=&#8221;1\/6&#8243;][\/vc_column][vc_column width=&#8221;2\/3&#8243;][vc_column_text]<\/p>\n<p style=\"text-align: center;\"><span style=\"color: #ffffff;\"> Ideja ovog kompleta slikovnica je da on bude idealan na\u010din za ulazak u svijet obrazovanja jer razvija ba\u0161 one faktore koji danas djeci najvi\u0161e nedostaju, a presudni su za uspjeh, a to su:<\/span><br \/>\n<strong><span style=\"color: #ffffff; font-size: 22px;\">samostalnost, volja i samopouzdanje<\/span><\/strong>[\/vc_column_text][\/vc_column][vc_column width=&#8221;1\/6&#8243;][\/vc_column][\/vc_row][\/vc_section][vc_section css=&#8221;.vc_custom_1557743255247{padding-bottom: 40px !important;}&#8221;][vc_row][vc_column][vc_custom_heading text=&#8221;\u0160ta sve komplet sadr\u017ei?&#8221; font_container=&#8221;tag:h2|text_align:center&#8221; use_theme_fonts=&#8221;yes&#8221; css=&#8221;.vc_custom_1653307628726{margin-top: 30px !important;margin-bottom: 54px !important;}&#8221; sep_position=&#8221;bottom&#8221; sep_aligment=&#8221;center&#8221; icon_hc=&#8221;hc-icon-smile&#8221; icon_size=&#8221;17px&#8221; link=&#8221;|||&#8221; sep_spacing_top=&#8221;14px&#8221; icon_color=&#8221;#ffa011&#8243;][\/vc_column][\/vc_row][vc_row css=&#8221;.vc_custom_1557743148714{margin-bottom: 0px !important;}&#8221;][vc_column width=&#8221;2\/5&#8243; el_class=&#8221;galerija&#8221;][vc_single_image image=&#8221;4815&#8243; img_size=&#8221;full&#8221;][vc_single_image image=&#8221;4811&#8243; img_size=&#8221;full&#8221;][vc_single_image image=&#8221;4836&#8243; img_size=&#8221;full&#8221;][\/vc_column][vc_column width=&#8221;1\/5&#8243;][\/vc_column][vc_column width=&#8221;2\/5&#8243;][vc_single_image image=&#8221;4804&#8243; img_size=&#8221;full&#8221;][vc_single_image image=&#8221;4830&#8243; img_size=&#8221;full&#8221;][vc_single_image image=&#8221;4832&#8243; img_size=&#8221;full&#8221;][\/vc_column][\/vc_row][vc_row][vc_column width=&#8221;1\/6&#8243;][\/vc_column][vc_column width=&#8221;2\/3&#8243;][vc_column_text]<\/p>\n<ul>\n<li>9 slikovnica razli\u010ditog nivoa<\/li>\n<li>kartice sa rije\u010dima\u00a0 od 2 i 3 slova, koje na pole\u0111ini imaju ilustraciju kojom dijete provjerava da li je dobro pro\u010ditalo i plasti\u010dnu vezicu za njihovo povezivanje<\/li>\n<li>video u kom je obja\u0161njena tehnika kojom deca najbr\u017ee nau\u010de da \u010ditaju<\/li>\n<li>uputstvo za upotrebu<\/li>\n<\/ul>\n<p>[\/vc_column_text][vc_btn title=&#8221;Poru\u010dite svoj komplet&#8221; shape=&#8221;round&#8221; color=&#8221;warning&#8221; size=&#8221;lg&#8221; align=&#8221;center&#8221; i_icon_fontawesome=&#8221;fa fa-check&#8221; button_block=&#8221;true&#8221; add_icon=&#8221;true&#8221; link=&#8221;url:%23order|||&#8221;][\/vc_column][vc_column width=&#8221;1\/6&#8243;][\/vc_column][\/vc_row][\/vc_section][vc_section full_width=&#8221;stretch_row&#8221; css=&#8221;.vc_custom_1557743543588{padding-bottom: 40px !important;background-color: #529cbf !important;}&#8221;][vc_row css=&#8221;.vc_custom_1557669129107{margin-bottom: 0px !important;padding-top: 0px !important;padding-bottom: 0px !important;}&#8221;][vc_column][vc_custom_heading text=&#8221;Utisci kupaca&#8221; font_container=&#8221;tag:h2|text_align:center|color:%23ffffff&#8221; use_theme_fonts=&#8221;yes&#8221; css=&#8221;.vc_custom_1622026806499{padding-bottom: 20px !important;}&#8221; sep_position=&#8221;bottom&#8221; sep_aligment=&#8221;center&#8221; icon_hc=&#8221;hc-icon-smile&#8221; icon_size=&#8221;17px&#8221; link=&#8221;|||&#8221; sep_spacing_top=&#8221;14px&#8221; icon_color=&#8221;#ffa011&#8243;][\/vc_column][\/vc_row][vc_row css=&#8221;.vc_custom_1557669129107{margin-bottom: 0px !important;padding-top: 0px !important;padding-bottom: 0px !important;}&#8221;][vc_column width=&#8221;1\/3&#8243;][vc_single_image image=&#8221;3855&#8243; img_size=&#8221;full&#8221;][vc_single_image image=&#8221;3847&#8243; img_size=&#8221;full&#8221;][vc_single_image image=&#8221;4171&#8243; img_size=&#8221;full&#8221;][vc_single_image image=&#8221;4170&#8243; img_size=&#8221;full&#8221;][vc_single_image image=&#8221;3849&#8243; img_size=&#8221;full&#8221;][\/vc_column][vc_column width=&#8221;1\/3&#8243;][vc_single_image image=&#8221;3854&#8243; img_size=&#8221;full&#8221;][vc_single_image image=&#8221;3851&#8243; img_size=&#8221;full&#8221;][vc_single_image image=&#8221;3859&#8243; img_size=&#8221;full&#8221;][\/vc_column][vc_column width=&#8221;1\/3&#8243;][vc_single_image image=&#8221;3856&#8243; img_size=&#8221;full&#8221;][vc_single_image image=&#8221;3860&#8243; img_size=&#8221;full&#8221;][vc_single_image image=&#8221;4172&#8243; img_size=&#8221;full&#8221;][\/vc_column][\/vc_row][\/vc_section][vc_section css=&#8221;.vc_custom_1557741446411{margin-bottom: 40px !important;}&#8221;][vc_row][vc_column width=&#8221;1\/3&#8243;][stm_personal_info][\/stm_personal_info][\/vc_column][vc_column width=&#8221;1\/3&#8243;][vc_custom_heading text=&#8221;O autorki:&#8221; font_container=&#8221;tag:h2|text_align:center&#8221; use_theme_fonts=&#8221;yes&#8221; sep_position=&#8221;bottom&#8221; sep_aligment=&#8221;center&#8221; icon_hc=&#8221;hc-icon-smile&#8221; icon_size=&#8221;17px&#8221; link=&#8221;|||&#8221; sep_spacing_top=&#8221;14px&#8221; icon_color=&#8221;#ffa011&#8243;][vc_single_image image=&#8221;2939&#8243; img_size=&#8221;full&#8221; alignment=&#8221;center&#8221; style=&#8221;vc_box_border_circle_2&#8243;][\/vc_column][vc_column width=&#8221;1\/3&#8243;][\/vc_column][\/vc_row][vc_row css=&#8221;.vc_custom_1557741467954{padding-top: 10px !important;}&#8221;][vc_column width=&#8221;1\/4&#8243;][\/vc_column][vc_column width=&#8221;1\/2&#8243;][vc_column_text]<\/p>\n<p style=\"text-align: center;\">Biljana Grbovi\u0107, autorka slikovnica, bavi se roditeljstvom i li\u010dnim razvojem djece i odraslih. Znanja iz nekada\u0161nje vi\u0161egodi\u0161nje \u0161kolske prakse udru\u017eila je sa svojim sada\u0161njim radom (Biljana se danas bavi programima za razvoj samopouzdanja) i prona\u0161la na\u010din da ih primjeni u korist malim \u010ditaocima, po\u010detnicima.<\/p>\n<p>[\/vc_column_text][\/vc_column][vc_column width=&#8221;1\/4&#8243;][\/vc_column][\/vc_row][\/vc_section]<\/p>\n<\/div>","protected":false},"excerpt":{"rendered":"<p>[vc_section full_width=&#8221;stretch_row&#8221; css=&#8221;.vc_custom_1611152727749{margin-top: 0px !important;padding-bottom: 40px !important;background-color: #529cbf !important;}&#8221;][vc_row css=&#8221;.vc_custom_1611152746880{margin-bottom: 0px !important;padding-top: 0px !important;padding-bottom: 0px&#8230;<\/p>\n","protected":false},"author":2,"featured_media":4183,"parent":0,"menu_order":0,"comment_status":"closed","ping_status":"closed","template":"","meta":{"_monsterinsights_skip_tracking":false,"_monsterinsights_sitenote_active":false,"_monsterinsights_sitenote_note":"","_monsterinsights_sitenote_category":0,"footnotes":""},"class_list":["post-4429","page","type-page","status-publish","has-post-thumbnail","hentry"],"yoast_head":"<!-- This site is optimized with the Yoast SEO plugin v23.3 - https:\/\/yoast.com\/wordpress\/plugins\/seo\/ -->\n<title>\u010citam sam - Komplet od 9 slikovnica - Biljana Grbovi\u0107<\/title>\n<meta name=\"description\" content=\"\u017delite da va\u0161e dete samostalno i kroz zabavu savlada \u010ditanje? Poru\u010dite komplet slikovnica \u010citam sam i podstaknite svoje dete da razvija tehniku \u010ditanja!\" \/>\n<meta name=\"robots\" content=\"index, follow, max-snippet:-1, max-image-preview:large, max-video-preview:-1\" \/>\n<link rel=\"canonical\" href=\"https:\/\/licnirazvoj.rs\/ro\/citam-sam-biljana-grbovic-bih\/\" \/>\n<meta property=\"og:locale\" content=\"ro_RO\" \/>\n<meta property=\"og:locale:alternate\" content=\"sr_RS\" \/>\n<meta property=\"og:type\" content=\"article\" \/>\n<meta property=\"og:title\" content=\"\u010citam sam - Komplet od 9 slikovnica - Biljana Grbovi\u0107\" \/>\n<meta property=\"og:description\" content=\"\u017delite da va\u0161e dete samostalno i kroz zabavu savlada \u010ditanje? Poru\u010dite komplet slikovnica \u010citam sam i podstaknite svoje dete da razvija tehniku \u010ditanja!\" \/>\n<meta property=\"og:url\" content=\"https:\/\/licnirazvoj.rs\/ro\/citam-sam-biljana-grbovic-bih\/\" \/>\n<meta property=\"og:site_name\" content=\"Li\u010dni Razvoj - Biljana Grbovi\u0107\" \/>\n<meta property=\"article:publisher\" content=\"https:\/\/www.facebook.com\/maticaudruzenjeroditelja\" \/>\n<meta property=\"article:modified_time\" content=\"2026-03-06T00:23:56+00:00\" \/>\n<meta property=\"og:image\" content=\"http:\/\/licnirazvoj.rs\/wp-content\/uploads\/2021\/05\/citam-sam-novo-1.jpg\" \/>\n\t<meta property=\"og:image:width\" content=\"760\" \/>\n\t<meta property=\"og:image:height\" content=\"500\" \/>\n\t<meta property=\"og:image:type\" content=\"image\/jpeg\" \/>\n<meta name=\"twitter:card\" content=\"summary_large_image\" \/>\n<meta name=\"twitter:label1\" content=\"Timp estimat pentru citire\" \/>\n\t<meta name=\"twitter:data1\" content=\"4 minute\" \/>\n<script type=\"application\/ld+json\" class=\"yoast-schema-graph\">{\"@context\":\"https:\/\/schema.org\",\"@graph\":[{\"@type\":\"WebPage\",\"@id\":\"https:\/\/licnirazvoj.rs\/citam-sam-biljana-grbovic-bih\/\",\"url\":\"https:\/\/licnirazvoj.rs\/citam-sam-biljana-grbovic-bih\/\",\"name\":\"\u010citam sam - Komplet od 9 slikovnica - Biljana Grbovi\u0107\",\"isPartOf\":{\"@id\":\"https:\/\/licnirazvoj.rs\/#website\"},\"primaryImageOfPage\":{\"@id\":\"https:\/\/licnirazvoj.rs\/citam-sam-biljana-grbovic-bih\/#primaryimage\"},\"image\":{\"@id\":\"https:\/\/licnirazvoj.rs\/citam-sam-biljana-grbovic-bih\/#primaryimage\"},\"thumbnailUrl\":\"https:\/\/licnirazvoj.rs\/wp-content\/uploads\/2021\/05\/citam-sam-novo-1.jpg\",\"datePublished\":\"2021-11-05T09:45:28+00:00\",\"dateModified\":\"2026-03-06T00:23:56+00:00\",\"description\":\"\u017delite da va\u0161e dete samostalno i kroz zabavu savlada \u010ditanje? Poru\u010dite komplet slikovnica \u010citam sam i podstaknite svoje dete da razvija tehniku \u010ditanja!\",\"breadcrumb\":{\"@id\":\"https:\/\/licnirazvoj.rs\/citam-sam-biljana-grbovic-bih\/#breadcrumb\"},\"inLanguage\":\"ro-RO\",\"potentialAction\":[{\"@type\":\"ReadAction\",\"target\":[\"https:\/\/licnirazvoj.rs\/citam-sam-biljana-grbovic-bih\/\"]}]},{\"@type\":\"ImageObject\",\"inLanguage\":\"ro-RO\",\"@id\":\"https:\/\/licnirazvoj.rs\/citam-sam-biljana-grbovic-bih\/#primaryimage\",\"url\":\"https:\/\/licnirazvoj.rs\/wp-content\/uploads\/2021\/05\/citam-sam-novo-1.jpg\",\"contentUrl\":\"https:\/\/licnirazvoj.rs\/wp-content\/uploads\/2021\/05\/citam-sam-novo-1.jpg\",\"width\":\"760\",\"height\":\"500\"},{\"@type\":\"BreadcrumbList\",\"@id\":\"https:\/\/licnirazvoj.rs\/citam-sam-biljana-grbovic-bih\/#breadcrumb\",\"itemListElement\":[{\"@type\":\"ListItem\",\"position\":1,\"name\":\"Po\u010detna\",\"item\":\"https:\/\/licnirazvoj.rs\/\"},{\"@type\":\"ListItem\",\"position\":2,\"name\":\"\u010citam sam &#8211; Biljana Grbovi\u0107 &#8211; BiH\"}]},{\"@type\":\"WebSite\",\"@id\":\"https:\/\/licnirazvoj.rs\/#website\",\"url\":\"https:\/\/licnirazvoj.rs\/\",\"name\":\"Li\u010dni Razvoj - Biljana Grbovi\u0107\",\"description\":\"Udru\u017eenje roditelja Matica\",\"publisher\":{\"@id\":\"https:\/\/licnirazvoj.rs\/#\/schema\/person\/0773d084b790a9bb295bbf04f2e2fc9b\"},\"potentialAction\":[{\"@type\":\"SearchAction\",\"target\":{\"@type\":\"EntryPoint\",\"urlTemplate\":\"https:\/\/licnirazvoj.rs\/?s={search_term_string}\"},\"query-input\":\"required name=search_term_string\"}],\"inLanguage\":\"ro-RO\"},{\"@type\":[\"Person\",\"Organization\"],\"@id\":\"https:\/\/licnirazvoj.rs\/#\/schema\/person\/0773d084b790a9bb295bbf04f2e2fc9b\",\"name\":\"Biljana Grbovi\u0107\",\"image\":{\"@type\":\"ImageObject\",\"inLanguage\":\"ro-RO\",\"@id\":\"https:\/\/licnirazvoj.rs\/#\/schema\/person\/image\/\",\"url\":\"http:\/\/licnirazvoj.rs\/wp-content\/uploads\/2020\/08\/IBI_3240-795x530.jpg\",\"contentUrl\":\"http:\/\/licnirazvoj.rs\/wp-content\/uploads\/2020\/08\/IBI_3240-795x530.jpg\",\"width\":\"795\",\"height\":\"530\",\"caption\":\"Biljana Grbovi\u0107\"},\"logo\":{\"@id\":\"https:\/\/licnirazvoj.rs\/#\/schema\/person\/image\/\"},\"sameAs\":[\"http:\/\/licnirazvoj.rs\/\",\"https:\/\/www.facebook.com\/maticaudruzenjeroditelja\",\"https:\/\/www.instagram.com\/udruzenje_roditelja_matica\/\",\"https:\/\/www.youtube.com\/channel\/UCtoOPZc7FPAXLGna-JaofEQ\/\"]}]}<\/script>\n<!-- \/ Yoast SEO plugin. -->","yoast_head_json":{"title":"\u010citam sam - Komplet od 9 slikovnica - Biljana Grbovi\u0107","description":"\u017delite da va\u0161e dete samostalno i kroz zabavu savlada \u010ditanje? Poru\u010dite komplet slikovnica \u010citam sam i podstaknite svoje dete da razvija tehniku \u010ditanja!","robots":{"index":"index","follow":"follow","max-snippet":"max-snippet:-1","max-image-preview":"max-image-preview:large","max-video-preview":"max-video-preview:-1"},"canonical":"https:\/\/licnirazvoj.rs\/ro\/citam-sam-biljana-grbovic-bih\/","og_locale":"ro_RO","og_type":"article","og_title":"\u010citam sam - Komplet od 9 slikovnica - Biljana Grbovi\u0107","og_description":"\u017delite da va\u0161e dete samostalno i kroz zabavu savlada \u010ditanje? Poru\u010dite komplet slikovnica \u010citam sam i podstaknite svoje dete da razvija tehniku \u010ditanja!","og_url":"https:\/\/licnirazvoj.rs\/ro\/citam-sam-biljana-grbovic-bih\/","og_site_name":"Li\u010dni Razvoj - Biljana Grbovi\u0107","article_publisher":"https:\/\/www.facebook.com\/maticaudruzenjeroditelja","article_modified_time":"2026-03-06T00:23:56+00:00","og_image":[{"width":760,"height":500,"url":"http:\/\/licnirazvoj.rs\/wp-content\/uploads\/2021\/05\/citam-sam-novo-1.jpg","type":"image\/jpeg"}],"twitter_card":"summary_large_image","twitter_misc":{"Timp estimat pentru citire":"4 minute"},"schema":{"@context":"https:\/\/schema.org","@graph":[{"@type":"WebPage","@id":"https:\/\/licnirazvoj.rs\/citam-sam-biljana-grbovic-bih\/","url":"https:\/\/licnirazvoj.rs\/citam-sam-biljana-grbovic-bih\/","name":"\u010citam sam - Komplet od 9 slikovnica - Biljana Grbovi\u0107","isPartOf":{"@id":"https:\/\/licnirazvoj.rs\/#website"},"primaryImageOfPage":{"@id":"https:\/\/licnirazvoj.rs\/citam-sam-biljana-grbovic-bih\/#primaryimage"},"image":{"@id":"https:\/\/licnirazvoj.rs\/citam-sam-biljana-grbovic-bih\/#primaryimage"},"thumbnailUrl":"https:\/\/licnirazvoj.rs\/wp-content\/uploads\/2021\/05\/citam-sam-novo-1.jpg","datePublished":"2021-11-05T09:45:28+00:00","dateModified":"2026-03-06T00:23:56+00:00","description":"\u017delite da va\u0161e dete samostalno i kroz zabavu savlada \u010ditanje? Poru\u010dite komplet slikovnica \u010citam sam i podstaknite svoje dete da razvija tehniku \u010ditanja!","breadcrumb":{"@id":"https:\/\/licnirazvoj.rs\/citam-sam-biljana-grbovic-bih\/#breadcrumb"},"inLanguage":"ro-RO","potentialAction":[{"@type":"ReadAction","target":["https:\/\/licnirazvoj.rs\/citam-sam-biljana-grbovic-bih\/"]}]},{"@type":"ImageObject","inLanguage":"ro-RO","@id":"https:\/\/licnirazvoj.rs\/citam-sam-biljana-grbovic-bih\/#primaryimage","url":"https:\/\/licnirazvoj.rs\/wp-content\/uploads\/2021\/05\/citam-sam-novo-1.jpg","contentUrl":"https:\/\/licnirazvoj.rs\/wp-content\/uploads\/2021\/05\/citam-sam-novo-1.jpg","width":"760","height":"500"},{"@type":"BreadcrumbList","@id":"https:\/\/licnirazvoj.rs\/citam-sam-biljana-grbovic-bih\/#breadcrumb","itemListElement":[{"@type":"ListItem","position":1,"name":"Po\u010detna","item":"https:\/\/licnirazvoj.rs\/"},{"@type":"ListItem","position":2,"name":"\u010citam sam &#8211; Biljana Grbovi\u0107 &#8211; BiH"}]},{"@type":"WebSite","@id":"https:\/\/licnirazvoj.rs\/#website","url":"https:\/\/licnirazvoj.rs\/","name":"Li\u010dni Razvoj - Biljana Grbovi\u0107","description":"Udru\u017eenje roditelja Matica","publisher":{"@id":"https:\/\/licnirazvoj.rs\/#\/schema\/person\/0773d084b790a9bb295bbf04f2e2fc9b"},"potentialAction":[{"@type":"SearchAction","target":{"@type":"EntryPoint","urlTemplate":"https:\/\/licnirazvoj.rs\/?s={search_term_string}"},"query-input":"required name=search_term_string"}],"inLanguage":"ro-RO"},{"@type":["Person","Organization"],"@id":"https:\/\/licnirazvoj.rs\/#\/schema\/person\/0773d084b790a9bb295bbf04f2e2fc9b","name":"Biljana Grbovi\u0107","image":{"@type":"ImageObject","inLanguage":"ro-RO","@id":"https:\/\/licnirazvoj.rs\/#\/schema\/person\/image\/","url":"http:\/\/licnirazvoj.rs\/wp-content\/uploads\/2020\/08\/IBI_3240-795x530.jpg","contentUrl":"http:\/\/licnirazvoj.rs\/wp-content\/uploads\/2020\/08\/IBI_3240-795x530.jpg","width":"795","height":"530","caption":"Biljana Grbovi\u0107"},"logo":{"@id":"https:\/\/licnirazvoj.rs\/#\/schema\/person\/image\/"},"sameAs":["http:\/\/licnirazvoj.rs\/","https:\/\/www.facebook.com\/maticaudruzenjeroditelja","https:\/\/www.instagram.com\/udruzenje_roditelja_matica\/","https:\/\/www.youtube.com\/channel\/UCtoOPZc7FPAXLGna-JaofEQ\/"]}]}},"_links":{"self":[{"href":"https:\/\/licnirazvoj.rs\/ro\/wp-json\/wp\/v2\/pages\/4429","targetHints":{"allow":["GET"]}}],"collection":[{"href":"https:\/\/licnirazvoj.rs\/ro\/wp-json\/wp\/v2\/pages"}],"about":[{"href":"https:\/\/licnirazvoj.rs\/ro\/wp-json\/wp\/v2\/types\/page"}],"author":[{"embeddable":true,"href":"https:\/\/licnirazvoj.rs\/ro\/wp-json\/wp\/v2\/users\/2"}],"replies":[{"embeddable":true,"href":"https:\/\/licnirazvoj.rs\/ro\/wp-json\/wp\/v2\/comments?post=4429"}],"version-history":[{"count":6,"href":"https:\/\/licnirazvoj.rs\/ro\/wp-json\/wp\/v2\/pages\/4429\/revisions"}],"predecessor-version":[{"id":5754,"href":"https:\/\/licnirazvoj.rs\/ro\/wp-json\/wp\/v2\/pages\/4429\/revisions\/5754"}],"wp:featuredmedia":[{"embeddable":true,"href":"https:\/\/licnirazvoj.rs\/ro\/wp-json\/wp\/v2\/media\/4183"}],"wp:attachment":[{"href":"https:\/\/licnirazvoj.rs\/ro\/wp-json\/wp\/v2\/media?parent=4429"}],"curies":[{"name":"wp","href":"https:\/\/api.w.org\/{rel}","templated":true}]}}