{"id":4921,"date":"2023-02-26T20:53:01","date_gmt":"2023-02-26T20:53:01","guid":{"rendered":"http:\/\/licnirazvoj.rs\/?page_id=4921"},"modified":"2026-03-06T02:37:16","modified_gmt":"2026-03-06T00:37:16","slug":"citam-sam-biljana-grbovic-hr","status":"publish","type":"page","link":"https:\/\/licnirazvoj.rs\/ro\/citam-sam-biljana-grbovic-hr\/","title":{"rendered":"\u010citam sam &#8211; Biljana Grbovi\u0107 &#8211; HR"},"content":{"rendered":"<div class=\"wpb-content-wrapper\"><p>[vc_section full_width=&#8221;stretch_row&#8221; css=&#8221;.vc_custom_1611152727749{margin-top: 0px !important;padding-bottom: 40px !important;background-color: #529cbf !important;}&#8221;][vc_row css=&#8221;.vc_custom_1611152746880{margin-bottom: 0px !important;padding-top: 0px !important;padding-bottom: 0px !important;}&#8221;][vc_column][vc_column_text]<\/p>\n<h1 style=\"text-align: center;\"><span style=\"color: #ffffff;\">&#8211; \u010cITAM SAM &#8211;<br \/>\nBiljana Grbovi\u0107<\/span><\/h1>\n<p>[\/vc_column_text][\/vc_column][\/vc_row][\/vc_section][vc_section full_width=&#8221;stretch_row&#8221; css=&#8221;.vc_custom_1565173909378{margin-bottom: -50px !important;padding-bottom: 50px !important;background-color: #529cbf !important;}&#8221; el_id=&#8221;order&#8221;][vc_row css=&#8221;.vc_custom_1622026524978{margin-bottom: 20px !important;padding-top: 20px !important;}&#8221;][vc_column width=&#8221;2\/3&#8243;][vc_column_text css=&#8221;.vc_custom_1677013020597{margin-top: -30px !important;}&#8221;]<\/p>\n<h3 style=\"text-align: center;\"><span style=\"color: #ffffff;\"><br \/>\nAko \u017eelite da va\u0161e dijete samo nau\u010di \u010ditati i zavoli \u010ditanje, ovo je set za vas. Naru\u010dite komplet od 9 slikovnica &#8222;\u010citam sam&#8221; jo\u0161 danas!<br \/>\n<\/span><\/h3>\n<p>[\/vc_column_text][vc_single_image image=&#8221;5755&#8243; img_size=&#8221;large&#8221; alignment=&#8221;center&#8221; css=&#8221;&#8221;][vc_column_text css=&#8221;.vc_custom_1772757022180{padding-bottom: 40px !important;}&#8221;]<\/p>\n<p style=\"text-align: center;\"><span style=\"color: #ffffff;\">Ispunite podatke i po\u0161aljite narud\u017ebu za Va\u0161 komplet slikovnica.<\/span><\/p>\n<p style=\"text-align: center;\"><span style=\"color: #ffffff; font-size: 22px;\"><strong>27\u20ac &#8211; BEZ DODATNIH TRO\u0160KOVA PO\u0160TARINE! <\/strong><\/span><br \/>\n<span style=\"color: #ffffff;\">Pla\u0107anje se vr\u0161i prilikom preuzimanja.<\/span><\/p>\n<p>\u00a0[\/vc_column_text][\/vc_column][vc_column width=&#8221;1\/3&#8243; css=&#8221;.vc_custom_1622026646933{margin-top: 20px !important;padding-top: 20px !important;padding-right: 0px !important;padding-bottom: 20px !important;padding-left: 20px !important;background-color: #ffffff !important;border-radius: 5px !important;}&#8221;][vc_raw_html css=&#8221;&#8221;]JTVCZm9ybWluYXRvcl9mb3JtJTIwaWQlM0QlMjI1MTg3JTIyJTVE[\/vc_raw_html][\/vc_column][\/vc_row][\/vc_section][vc_row css=&#8221;.vc_custom_1557813872880{padding-top: 20px !important;}&#8221;][vc_column][vc_custom_heading text=&#8221;Za\u0161to odabrati ove slikovnice?&#8221; font_container=&#8221;tag:h2|text_align:center&#8221; use_theme_fonts=&#8221;yes&#8221; css=&#8221;.vc_custom_1772578696098{margin-top: 54px !important;margin-bottom: 54px !important;}&#8221; sep_position=&#8221;bottom&#8221; sep_aligment=&#8221;center&#8221; icon_hc=&#8221;hc-icon-smile&#8221; icon_size=&#8221;17px&#8221; link=&#8221;|||&#8221; sep_spacing_top=&#8221;14px&#8221; icon_color=&#8221;#ffa011&#8243;][\/vc_column][\/vc_row][vc_row css=&#8221;.vc_custom_1557741680125{margin-bottom: 40px !important;}&#8221;][vc_column width=&#8221;1\/2&#8243;][vc_video link=&#8221;https:\/\/www.youtube.com\/watch?v=oEBjwLOZ-Ms&#8221;][\/vc_column][vc_column width=&#8221;1\/2&#8243;][vc_column_text]<\/p>\n<ul>\n<li>najlak\u0161i i najjednostavniji na\u010din da nau\u010dite \u010ditati,<\/li>\n<li>ove su slikovnice organizirane po razinama, tako da i dijete koje vrlo malo zna mo\u017ee do\u017eivjeti uspjeh i to ga motivira da tra\u017ei vi\u0161e,<\/li>\n<li>ve\u0107ina rije\u010di je izuzetno kratka, sastoje se od 2, 3 i 4 slova,<\/li>\n<li>prva slikovnica je sastavljena samo od slova A, O, M, T, S i I, a djeca ih znaju,<\/li>\n<li>jer djeca u\u010de samostalno, nitko im ni\u0161ta ne name\u0107e i ne stvaraju otpor.<\/li>\n<\/ul>\n<p>[\/vc_column_text][vc_btn title=&#8221;Naru\u010dite svoj komplet&#8221; shape=&#8221;round&#8221; color=&#8221;warning&#8221; align=&#8221;center&#8221; i_icon_fontawesome=&#8221;fas fa-check&#8221; add_icon=&#8221;true&#8221; link=&#8221;url:%23order|||&#8221;][\/vc_column][\/vc_row][vc_section full_width=&#8221;stretch_row&#8221; css=&#8221;.vc_custom_1557742014344{padding-bottom: 40px !important;background-color: #529cbf !important;}&#8221;][vc_row css=&#8221;.vc_custom_1557669129107{margin-bottom: 0px !important;padding-top: 0px !important;padding-bottom: 0px !important;}&#8221;][vc_column][vc_column_text]<\/p>\n<h2 style=\"text-align: center;\"><span style=\"color: #ffffff;\">IDEJA<\/span><\/h2>\n<p>[\/vc_column_text][\/vc_column][\/vc_row][vc_row][vc_column width=&#8221;1\/6&#8243;][\/vc_column][vc_column width=&#8221;2\/3&#8243;][vc_column_text]<\/p>\n<p style=\"text-align: center;\"><span style=\"color: #ffffff; font-size: 22px; line-height: 30px;\"> Ideja ovog kompleta slikovnica je u\u010diniti ga idealnim na\u010dinom za ulazak u svijet obrazovanja jer razvija upravo one \u010dimbenike koji djeci danas najvi\u0161e nedostaju, a presudni su za uspjeh, a to su:<\/span><br \/>\n<strong><span style=\"color: #ffffff; font-size: 22px; line-height: 30px;\">samostalnost, volja i samopouzdanje<\/span><\/strong>[\/vc_column_text][\/vc_column][vc_column width=&#8221;1\/6&#8243;][\/vc_column][\/vc_row][\/vc_section][vc_section css=&#8221;.vc_custom_1557743255247{padding-bottom: 40px !important;}&#8221;][vc_row][vc_column][vc_custom_heading text=&#8221;\u0160to komplet sadr\u017ei?&#8221; font_container=&#8221;tag:h2|text_align:center&#8221; use_theme_fonts=&#8221;yes&#8221; css=&#8221;.vc_custom_1677001945916{margin-bottom: 54px !important;}&#8221; sep_position=&#8221;bottom&#8221; sep_aligment=&#8221;center&#8221; icon_hc=&#8221;hc-icon-smile&#8221; icon_size=&#8221;17px&#8221; link=&#8221;|||&#8221; sep_spacing_top=&#8221;14px&#8221; icon_color=&#8221;#ffa011&#8243;][\/vc_column][\/vc_row][vc_row css=&#8221;.vc_custom_1557743148714{margin-bottom: 0px !important;}&#8221;][vc_column][vc_row_inner][vc_column_inner width=&#8221;1\/2&#8243;][vc_single_image image=&#8221;5052&#8243; img_size=&#8221;full&#8221;][vc_single_image image=&#8221;4952&#8243; img_size=&#8221;full&#8221;][\/vc_column_inner][vc_column_inner width=&#8221;1\/2&#8243;][vc_single_image image=&#8221;5048&#8243; img_size=&#8221;full&#8221;][vc_single_image image=&#8221;5055&#8243; img_size=&#8221;full&#8221;][\/vc_column_inner][\/vc_row_inner][\/vc_column][\/vc_row][vc_row css=&#8221;.vc_custom_1683922701416{margin-top: 30px !important;}&#8221;][vc_column width=&#8221;1\/6&#8243;][\/vc_column][vc_column width=&#8221;2\/3&#8243;][vc_column_text]<\/p>\n<ul class=\"m_1291931944981094953gmail-_5a_q m_1291931944981094953gmail-_5yj1\" dir=\"ltr\">\n<li class=\"m_5711473927906297880gmail-_2cuy m_5711473927906297880gmail-_509q m_5711473927906297880gmail-_2vxa\">9 slikovnica razli\u010ditih razina<\/li>\n<li>kartice s rije\u010dima od 2 i 3 slova, koje na pole\u0111ini imaju ilustraciju pomo\u0107u koje dijete provjerava je li dobro pro\u010ditalo i plasti\u010dnu vrpcu za spajanje<\/li>\n<li class=\"m_5711473927906297880gmail-_2cuy m_5711473927906297880gmail-_509q m_5711473927906297880gmail-_2vxa\">video koji obja\u0161njava tehniku kojom djeca najbr\u017ee u\u010de \u010ditati<\/li>\n<li>vodi\u010d<\/li>\n<\/ul>\n<p>[\/vc_column_text][vc_btn title=&#8221;Naru\u010dite svoj komplet&#8221; shape=&#8221;round&#8221; color=&#8221;warning&#8221; size=&#8221;lg&#8221; align=&#8221;center&#8221; i_icon_fontawesome=&#8221;fas fa-check&#8221; button_block=&#8221;true&#8221; add_icon=&#8221;true&#8221; link=&#8221;url:%23order|||&#8221;][\/vc_column][vc_column width=&#8221;1\/6&#8243;][\/vc_column][\/vc_row][\/vc_section][vc_section full_width=&#8221;stretch_row&#8221; css=&#8221;.vc_custom_1557743543588{padding-bottom: 40px !important;background-color: #529cbf !important;}&#8221;][vc_row css=&#8221;.vc_custom_1557669129107{margin-bottom: 0px !important;padding-top: 0px !important;padding-bottom: 0px !important;}&#8221;][vc_column][vc_custom_heading text=&#8221;Dojmovi kupaca&#8221; font_container=&#8221;tag:h2|text_align:center|color:%23ffffff&#8221; use_theme_fonts=&#8221;yes&#8221; css=&#8221;.vc_custom_1677095761121{padding-bottom: 20px !important;}&#8221; sep_position=&#8221;bottom&#8221; sep_aligment=&#8221;center&#8221; icon_hc=&#8221;hc-icon-smile&#8221; icon_size=&#8221;17px&#8221; link=&#8221;|||&#8221; sep_spacing_top=&#8221;14px&#8221; icon_color=&#8221;#ffa011&#8243;][\/vc_column][\/vc_row][vc_row css=&#8221;.vc_custom_1557669129107{margin-bottom: 0px !important;padding-top: 0px !important;padding-bottom: 0px !important;}&#8221;][vc_column width=&#8221;1\/3&#8243;][vc_single_image image=&#8221;4972&#8243; img_size=&#8221;full&#8221;][vc_single_image image=&#8221;4970&#8243; img_size=&#8221;full&#8221;][vc_single_image image=&#8221;4976&#8243; img_size=&#8221;full&#8221;][\/vc_column][vc_column width=&#8221;1\/3&#8243;][vc_single_image image=&#8221;3854&#8243; img_size=&#8221;full&#8221;][\/vc_column][vc_column width=&#8221;1\/3&#8243;][vc_single_image image=&#8221;3856&#8243; img_size=&#8221;full&#8221;][vc_single_image image=&#8221;4974&#8243; img_size=&#8221;full&#8221;][\/vc_column][\/vc_row][\/vc_section][vc_section css=&#8221;.vc_custom_1557741446411{margin-bottom: 40px !important;}&#8221;][vc_row][vc_column width=&#8221;1\/3&#8243;][stm_personal_info][\/stm_personal_info][\/vc_column][vc_column width=&#8221;1\/3&#8243;][vc_custom_heading text=&#8221;O autorici:&#8221; font_container=&#8221;tag:h2|text_align:center&#8221; use_theme_fonts=&#8221;yes&#8221; sep_position=&#8221;bottom&#8221; sep_aligment=&#8221;center&#8221; icon_hc=&#8221;hc-icon-smile&#8221; icon_size=&#8221;17px&#8221; link=&#8221;|||&#8221; sep_spacing_top=&#8221;14px&#8221; icon_color=&#8221;#ffa011&#8243;][vc_single_image image=&#8221;2939&#8243; img_size=&#8221;full&#8221; alignment=&#8221;center&#8221; style=&#8221;vc_box_border_circle_2&#8243;][\/vc_column][vc_column width=&#8221;1\/3&#8243;][\/vc_column][\/vc_row][vc_row css=&#8221;.vc_custom_1557741467954{padding-top: 10px !important;}&#8221;][vc_column width=&#8221;1\/4&#8243;][\/vc_column][vc_column width=&#8221;1\/2&#8243;][vc_column_text]<\/p>\n<div class=\"gs\">\n<div class=\"\">\n<div id=\":n9\" class=\"ii gt\">\n<div id=\":n8\" class=\"a3s aXjCH \">\n<div dir=\"ltr\">\n<div class=\"m_5711473927906297880gmail-_2cuy m_5711473927906297880gmail-_3dgx m_5711473927906297880gmail-_2vxa\" style=\"text-align: center;\">Biljana Grbovi\u0107, autorica slikovnica, bavi se roditeljstvom i osobnim razvojem djece i odraslih. Spojila je znanja iz vi\u0161egodi\u0161nje \u0161kolske prakse sa svojim sada\u0161njim radom (danas se Biljana bavi programima za razvoj samopouzdanja) i prona\u0161la na\u010din da ih primijeni na dobrobit mladih \u010ditatelja, po\u010detnika.<\/div>\n<\/div>\n<\/div>\n<\/div>\n<\/div>\n<\/div>\n<p>[\/vc_column_text][\/vc_column][vc_column width=&#8221;1\/4&#8243;][\/vc_column][\/vc_row][\/vc_section]<\/p>\n<\/div>","protected":false},"excerpt":{"rendered":"<p>[vc_section full_width=&#8221;stretch_row&#8221; css=&#8221;.vc_custom_1611152727749{margin-top: 0px !important;padding-bottom: 40px !important;background-color: #529cbf !important;}&#8221;][vc_row css=&#8221;.vc_custom_1611152746880{margin-bottom: 0px !important;padding-top: 0px !important;padding-bottom: 0px&#8230;<\/p>\n","protected":false},"author":2,"featured_media":0,"parent":0,"menu_order":0,"comment_status":"closed","ping_status":"closed","template":"","meta":{"_monsterinsights_skip_tracking":false,"_monsterinsights_sitenote_active":false,"_monsterinsights_sitenote_note":"","_monsterinsights_sitenote_category":0,"footnotes":""},"class_list":["post-4921","page","type-page","status-publish","hentry"],"yoast_head":"<!-- This site is optimized with the Yoast SEO plugin v23.3 - https:\/\/yoast.com\/wordpress\/plugins\/seo\/ -->\n<title>\u010citam sam - Komplet od 9 slikovnica - Biljana Grbovi\u0107<\/title>\n<meta name=\"description\" content=\"\u017delite da va\u0161e dete samostalno i kroz zabavu savlada \u010ditanje? Poru\u010dite komplet slikovnica \u010citam sam i podstaknite svoje dete da razvija tehniku \u010ditanja!\" \/>\n<meta name=\"robots\" content=\"index, follow, max-snippet:-1, max-image-preview:large, max-video-preview:-1\" \/>\n<link rel=\"canonical\" href=\"https:\/\/licnirazvoj.rs\/ro\/citam-sam-biljana-grbovic-hr\/\" \/>\n<meta property=\"og:locale\" content=\"ro_RO\" \/>\n<meta property=\"og:locale:alternate\" content=\"sr_RS\" \/>\n<meta property=\"og:type\" content=\"article\" \/>\n<meta property=\"og:title\" content=\"\u010citam sam - Komplet od 9 slikovnica - Biljana Grbovi\u0107\" \/>\n<meta property=\"og:description\" content=\"\u017delite da va\u0161e dete samostalno i kroz zabavu savlada \u010ditanje? Poru\u010dite komplet slikovnica \u010citam sam i podstaknite svoje dete da razvija tehniku \u010ditanja!\" \/>\n<meta property=\"og:url\" content=\"https:\/\/licnirazvoj.rs\/ro\/citam-sam-biljana-grbovic-hr\/\" \/>\n<meta property=\"og:site_name\" content=\"Li\u010dni Razvoj - Biljana Grbovi\u0107\" \/>\n<meta property=\"article:publisher\" content=\"https:\/\/www.facebook.com\/maticaudruzenjeroditelja\" \/>\n<meta property=\"article:modified_time\" content=\"2026-03-06T00:37:16+00:00\" \/>\n<meta name=\"twitter:card\" content=\"summary_large_image\" \/>\n<meta name=\"twitter:label1\" content=\"Timp estimat pentru citire\" \/>\n\t<meta name=\"twitter:data1\" content=\"5 minute\" \/>\n<script type=\"application\/ld+json\" class=\"yoast-schema-graph\">{\"@context\":\"https:\/\/schema.org\",\"@graph\":[{\"@type\":\"WebPage\",\"@id\":\"https:\/\/licnirazvoj.rs\/citam-sam-biljana-grbovic-hr\/\",\"url\":\"https:\/\/licnirazvoj.rs\/citam-sam-biljana-grbovic-hr\/\",\"name\":\"\u010citam sam - Komplet od 9 slikovnica - Biljana Grbovi\u0107\",\"isPartOf\":{\"@id\":\"https:\/\/licnirazvoj.rs\/#website\"},\"datePublished\":\"2023-02-26T20:53:01+00:00\",\"dateModified\":\"2026-03-06T00:37:16+00:00\",\"description\":\"\u017delite da va\u0161e dete samostalno i kroz zabavu savlada \u010ditanje? Poru\u010dite komplet slikovnica \u010citam sam i podstaknite svoje dete da razvija tehniku \u010ditanja!\",\"breadcrumb\":{\"@id\":\"https:\/\/licnirazvoj.rs\/citam-sam-biljana-grbovic-hr\/#breadcrumb\"},\"inLanguage\":\"ro-RO\",\"potentialAction\":[{\"@type\":\"ReadAction\",\"target\":[\"https:\/\/licnirazvoj.rs\/citam-sam-biljana-grbovic-hr\/\"]}]},{\"@type\":\"BreadcrumbList\",\"@id\":\"https:\/\/licnirazvoj.rs\/citam-sam-biljana-grbovic-hr\/#breadcrumb\",\"itemListElement\":[{\"@type\":\"ListItem\",\"position\":1,\"name\":\"Po\u010detna\",\"item\":\"https:\/\/licnirazvoj.rs\/\"},{\"@type\":\"ListItem\",\"position\":2,\"name\":\"\u010citam sam &#8211; Biljana Grbovi\u0107 &#8211; HR\"}]},{\"@type\":\"WebSite\",\"@id\":\"https:\/\/licnirazvoj.rs\/#website\",\"url\":\"https:\/\/licnirazvoj.rs\/\",\"name\":\"Li\u010dni Razvoj - Biljana Grbovi\u0107\",\"description\":\"Udru\u017eenje roditelja Matica\",\"publisher\":{\"@id\":\"https:\/\/licnirazvoj.rs\/#\/schema\/person\/0773d084b790a9bb295bbf04f2e2fc9b\"},\"potentialAction\":[{\"@type\":\"SearchAction\",\"target\":{\"@type\":\"EntryPoint\",\"urlTemplate\":\"https:\/\/licnirazvoj.rs\/?s={search_term_string}\"},\"query-input\":\"required name=search_term_string\"}],\"inLanguage\":\"ro-RO\"},{\"@type\":[\"Person\",\"Organization\"],\"@id\":\"https:\/\/licnirazvoj.rs\/#\/schema\/person\/0773d084b790a9bb295bbf04f2e2fc9b\",\"name\":\"Biljana Grbovi\u0107\",\"image\":{\"@type\":\"ImageObject\",\"inLanguage\":\"ro-RO\",\"@id\":\"https:\/\/licnirazvoj.rs\/#\/schema\/person\/image\/\",\"url\":\"http:\/\/licnirazvoj.rs\/wp-content\/uploads\/2020\/08\/IBI_3240-795x530.jpg\",\"contentUrl\":\"http:\/\/licnirazvoj.rs\/wp-content\/uploads\/2020\/08\/IBI_3240-795x530.jpg\",\"width\":\"795\",\"height\":\"530\",\"caption\":\"Biljana Grbovi\u0107\"},\"logo\":{\"@id\":\"https:\/\/licnirazvoj.rs\/#\/schema\/person\/image\/\"},\"sameAs\":[\"http:\/\/licnirazvoj.rs\/\",\"https:\/\/www.facebook.com\/maticaudruzenjeroditelja\",\"https:\/\/www.instagram.com\/udruzenje_roditelja_matica\/\",\"https:\/\/www.youtube.com\/channel\/UCtoOPZc7FPAXLGna-JaofEQ\/\"]}]}<\/script>\n<!-- \/ Yoast SEO plugin. -->","yoast_head_json":{"title":"\u010citam sam - Komplet od 9 slikovnica - Biljana Grbovi\u0107","description":"\u017delite da va\u0161e dete samostalno i kroz zabavu savlada \u010ditanje? Poru\u010dite komplet slikovnica \u010citam sam i podstaknite svoje dete da razvija tehniku \u010ditanja!","robots":{"index":"index","follow":"follow","max-snippet":"max-snippet:-1","max-image-preview":"max-image-preview:large","max-video-preview":"max-video-preview:-1"},"canonical":"https:\/\/licnirazvoj.rs\/ro\/citam-sam-biljana-grbovic-hr\/","og_locale":"ro_RO","og_type":"article","og_title":"\u010citam sam - Komplet od 9 slikovnica - Biljana Grbovi\u0107","og_description":"\u017delite da va\u0161e dete samostalno i kroz zabavu savlada \u010ditanje? Poru\u010dite komplet slikovnica \u010citam sam i podstaknite svoje dete da razvija tehniku \u010ditanja!","og_url":"https:\/\/licnirazvoj.rs\/ro\/citam-sam-biljana-grbovic-hr\/","og_site_name":"Li\u010dni Razvoj - Biljana Grbovi\u0107","article_publisher":"https:\/\/www.facebook.com\/maticaudruzenjeroditelja","article_modified_time":"2026-03-06T00:37:16+00:00","twitter_card":"summary_large_image","twitter_misc":{"Timp estimat pentru citire":"5 minute"},"schema":{"@context":"https:\/\/schema.org","@graph":[{"@type":"WebPage","@id":"https:\/\/licnirazvoj.rs\/citam-sam-biljana-grbovic-hr\/","url":"https:\/\/licnirazvoj.rs\/citam-sam-biljana-grbovic-hr\/","name":"\u010citam sam - Komplet od 9 slikovnica - Biljana Grbovi\u0107","isPartOf":{"@id":"https:\/\/licnirazvoj.rs\/#website"},"datePublished":"2023-02-26T20:53:01+00:00","dateModified":"2026-03-06T00:37:16+00:00","description":"\u017delite da va\u0161e dete samostalno i kroz zabavu savlada \u010ditanje? Poru\u010dite komplet slikovnica \u010citam sam i podstaknite svoje dete da razvija tehniku \u010ditanja!","breadcrumb":{"@id":"https:\/\/licnirazvoj.rs\/citam-sam-biljana-grbovic-hr\/#breadcrumb"},"inLanguage":"ro-RO","potentialAction":[{"@type":"ReadAction","target":["https:\/\/licnirazvoj.rs\/citam-sam-biljana-grbovic-hr\/"]}]},{"@type":"BreadcrumbList","@id":"https:\/\/licnirazvoj.rs\/citam-sam-biljana-grbovic-hr\/#breadcrumb","itemListElement":[{"@type":"ListItem","position":1,"name":"Po\u010detna","item":"https:\/\/licnirazvoj.rs\/"},{"@type":"ListItem","position":2,"name":"\u010citam sam &#8211; Biljana Grbovi\u0107 &#8211; HR"}]},{"@type":"WebSite","@id":"https:\/\/licnirazvoj.rs\/#website","url":"https:\/\/licnirazvoj.rs\/","name":"Li\u010dni Razvoj - Biljana Grbovi\u0107","description":"Udru\u017eenje roditelja Matica","publisher":{"@id":"https:\/\/licnirazvoj.rs\/#\/schema\/person\/0773d084b790a9bb295bbf04f2e2fc9b"},"potentialAction":[{"@type":"SearchAction","target":{"@type":"EntryPoint","urlTemplate":"https:\/\/licnirazvoj.rs\/?s={search_term_string}"},"query-input":"required name=search_term_string"}],"inLanguage":"ro-RO"},{"@type":["Person","Organization"],"@id":"https:\/\/licnirazvoj.rs\/#\/schema\/person\/0773d084b790a9bb295bbf04f2e2fc9b","name":"Biljana Grbovi\u0107","image":{"@type":"ImageObject","inLanguage":"ro-RO","@id":"https:\/\/licnirazvoj.rs\/#\/schema\/person\/image\/","url":"http:\/\/licnirazvoj.rs\/wp-content\/uploads\/2020\/08\/IBI_3240-795x530.jpg","contentUrl":"http:\/\/licnirazvoj.rs\/wp-content\/uploads\/2020\/08\/IBI_3240-795x530.jpg","width":"795","height":"530","caption":"Biljana Grbovi\u0107"},"logo":{"@id":"https:\/\/licnirazvoj.rs\/#\/schema\/person\/image\/"},"sameAs":["http:\/\/licnirazvoj.rs\/","https:\/\/www.facebook.com\/maticaudruzenjeroditelja","https:\/\/www.instagram.com\/udruzenje_roditelja_matica\/","https:\/\/www.youtube.com\/channel\/UCtoOPZc7FPAXLGna-JaofEQ\/"]}]}},"_links":{"self":[{"href":"https:\/\/licnirazvoj.rs\/ro\/wp-json\/wp\/v2\/pages\/4921","targetHints":{"allow":["GET"]}}],"collection":[{"href":"https:\/\/licnirazvoj.rs\/ro\/wp-json\/wp\/v2\/pages"}],"about":[{"href":"https:\/\/licnirazvoj.rs\/ro\/wp-json\/wp\/v2\/types\/page"}],"author":[{"embeddable":true,"href":"https:\/\/licnirazvoj.rs\/ro\/wp-json\/wp\/v2\/users\/2"}],"replies":[{"embeddable":true,"href":"https:\/\/licnirazvoj.rs\/ro\/wp-json\/wp\/v2\/comments?post=4921"}],"version-history":[{"count":6,"href":"https:\/\/licnirazvoj.rs\/ro\/wp-json\/wp\/v2\/pages\/4921\/revisions"}],"predecessor-version":[{"id":5756,"href":"https:\/\/licnirazvoj.rs\/ro\/wp-json\/wp\/v2\/pages\/4921\/revisions\/5756"}],"wp:attachment":[{"href":"https:\/\/licnirazvoj.rs\/ro\/wp-json\/wp\/v2\/media?parent=4921"}],"curies":[{"name":"wp","href":"https:\/\/api.w.org\/{rel}","templated":true}]}}