{"id":4978,"date":"2023-02-27T21:00:40","date_gmt":"2023-02-27T21:00:40","guid":{"rendered":"http:\/\/licnirazvoj.rs\/?page_id=4978"},"modified":"2026-03-06T03:09:47","modified_gmt":"2026-03-06T01:09:47","slug":"volim-sto-sam-rodila-bas-tebe-bas-takvu-takvog-biljana-grbovic-hr","status":"publish","type":"page","link":"https:\/\/licnirazvoj.rs\/ro\/volim-sto-sam-rodila-bas-tebe-bas-takvu-takvog-biljana-grbovic-hr\/","title":{"rendered":"Volim \u0161to sam te rodila, ba\u0161 tebe, ba\u0161 takvu, ba\u0161 takvog &#8211; Biljana Grbovi\u0107 &#8211; HR"},"content":{"rendered":"<div class=\"wpb-content-wrapper\"><p>[vc_section full_width=&#8221;stretch_row&#8221; css=&#8221;.vc_custom_1628854099783{margin-top: 0px !important;padding-bottom: 40px !important;background-color: #b16fb2 !important;}&#8221;][vc_row css=&#8221;.vc_custom_1611152746880{margin-bottom: 0px !important;padding-top: 0px !important;padding-bottom: 0px !important;}&#8221;][vc_column][vc_column_text]<\/p>\n<h1 style=\"text-align: center;\">Volim \u0161to sam te rodila, ba\u0161 tebe, ba\u0161 takvu, ba\u0161 takvog<\/h1>\n<p>[\/vc_column_text][\/vc_column][\/vc_row][\/vc_section][vc_section full_width=&#8221;stretch_row&#8221; css=&#8221;.vc_custom_1628858645117{margin-right: 20px !important;margin-left: 20px !important;padding-top: 40px !important;padding-bottom: 40px !important;background-color: #b16fb2 !important;}&#8221; el_id=&#8221;order&#8221;][vc_row content_placement=&#8221;middle&#8221; css=&#8221;.vc_custom_1617360814224{margin-top: 0px !important;margin-bottom: 0px !important;}&#8221;][vc_column width=&#8221;2\/3&#8243;][vc_column_text css=&#8221;.vc_custom_1636102947112{margin-top: 25px !important;}&#8221;]<\/p>\n<h2 style=\"text-align: center;\"><span style=\"color: #ffffff;\">Poru\u010dite Va\u0161 primjerak!<\/span><\/h2>\n<p>[\/vc_column_text][vc_column_text css=&#8221;.vc_custom_1772758526554{padding-bottom: 40px !important;}&#8221;]<\/p>\n<p style=\"text-align: center;\"><span style=\"color: #ffffff;\"><strong>Knjiga je prevedena na hrvatski jezik.<\/strong><\/span><\/p>\n<p style=\"text-align: center;\"><span style=\"color: #ffffff;\">Popunite podatke i po\u0161aljite narud\u017ebu.<\/span><\/p>\n<p style=\"text-align: center;\"><span style=\"color: #ffffff; font-size: 22px;\"><strong>23\u20ac &#8211; BEZ DODATNIH TRO\u0160KOVA PO\u0160TARINE!<\/strong><\/span><\/p>\n<p>[\/vc_column_text][vc_single_image image=&#8221;5761&#8243; img_size=&#8221;full&#8221; alignment=&#8221;center&#8221; css=&#8221;&#8221;][vc_column_text css=&#8221;.vc_custom_1677091812158{padding-bottom: 40px !important;}&#8221;]<\/p>\n<p style=\"text-align: center;\"><span style=\"color: #ffffff;\">Pla\u0107anje se vr\u0161i prilikom preuzimanja.<\/span><\/p>\n<p>[\/vc_column_text][\/vc_column][vc_column width=&#8221;1\/3&#8243; css=&#8221;.vc_custom_1628846448576{margin-top: 50px !important;padding-top: 20px !important;padding-right: 5px !important;padding-bottom: 20px !important;padding-left: 0px !important;background-color: #ffffff !important;}&#8221;][vc_raw_html css=&#8221;.vc_custom_1771886200601{margin-bottom: 5px !important;border-bottom-width: 5px !important;padding-bottom: 5px !important;padding-left: 30px !important;}&#8221;]JTVCZm9ybWluYXRvcl9mb3JtJTIwaWQlM0QlMjI1MTkwJTIyJTVE[\/vc_raw_html][\/vc_column][\/vc_row][\/vc_section][vc_row css=&#8221;.vc_custom_1619011990158{border-bottom-width: 20px !important;padding-top: 20px !important;}&#8221;][vc_column][vc_custom_heading text=&#8221;Nau\u010dite odgajati bez kritiziranja!&#8221; font_container=&#8221;tag:h2|text_align:center&#8221; use_theme_fonts=&#8221;yes&#8221; css=&#8221;.vc_custom_1677086564190{margin-top: 20px !important;margin-bottom: 20px !important;}&#8221; sep_position=&#8221;bottom&#8221; sep_aligment=&#8221;center&#8221; icon_hc=&#8221;hc-icon-smile&#8221; icon_size=&#8221;20px&#8221; link=&#8221;|||&#8221; sep_spacing_top=&#8221;14px&#8221; icon_color=&#8221;#ffa011&#8243;][vc_row_inner css=&#8221;.vc_custom_1647004688400{margin-bottom: 40px !important;}&#8221;][vc_column_inner width=&#8221;1\/2&#8243;][vc_video link=&#8221;https:\/\/www.youtube.com\/watch?v=xClgD3XE6ow&#8221;][\/vc_column_inner][vc_column_inner width=&#8221;1\/2&#8243; css=&#8221;.vc_custom_1647006273640{margin-top: 30px !important;}&#8221;][vc_column_text css=&#8221;.vc_custom_1700561479760{margin-left: 20px !important;}&#8221;]<\/p>\n<h4 style=\"text-align: left;\">Knjiga je prevedena na hrvatski jezik.<\/h4>\n<p>[\/vc_column_text][vc_column_text css=&#8221;.vc_custom_1677086609734{margin-top: 30px !important;margin-left: 20px !important;}&#8221;]<\/p>\n<h4>Nau\u010dite kako se postaviti u situacijama kada va\u0161e dijete ne \u017eeli u\u010diti, ne \u017eeli pospremiti svoje stvari, kada je previ\u0161e na mobitelu, kasno odlazi na spavanje, ne zna se sna\u0107i u dru\u0161tvu, drsko je\u2026<\/h4>\n<p>[\/vc_column_text][vc_btn title=&#8221;Naru\u010dite Va\u0161 primjerak!&#8221; shape=&#8221;round&#8221; color=&#8221;warning&#8221; size=&#8221;lg&#8221; align=&#8221;center&#8221; i_icon_fontawesome=&#8221;fas fa-mouse-pointer&#8221; add_icon=&#8221;true&#8221; link=&#8221;url:%23order&#8221;][\/vc_column_inner][\/vc_row_inner][\/vc_column][\/vc_row][vc_section css=&#8221;.vc_custom_1629375020158{padding-top: 20px !important;padding-bottom: 40px !important;}&#8221;][vc_row][vc_column width=&#8221;1\/6&#8243; css=&#8221;.vc_custom_1625223183067{margin-top: -10px !important;}&#8221;][\/vc_column][vc_column width=&#8221;2\/3&#8243;][vc_custom_heading text=&#8221;U\u010dinite da se va\u0161e dijete osje\u0107a voljeno i sna\u017eno, a da pritom usvoji radne navike i samodisciplinu!&#8221; font_container=&#8221;tag:h2|text_align:center&#8221; use_theme_fonts=&#8221;yes&#8221; css=&#8221;.vc_custom_1677086667819{margin-top: 0px !important;margin-bottom: 20px !important;}&#8221; sep_position=&#8221;bottom&#8221; sep_aligment=&#8221;center&#8221; icon_hc=&#8221;hc-icon-smile&#8221; icon_size=&#8221;17px&#8221; link=&#8221;|||&#8221; sep_spacing_top=&#8221;14px&#8221; icon_color=&#8221;#ffa011&#8243;][\/vc_column][vc_column width=&#8221;1\/6&#8243;][\/vc_column][\/vc_row][vc_row][vc_column css=&#8221;.vc_custom_1618999080134{padding-top: 30px !important;}&#8221;][vc_tta_tabs shape=&#8221;round&#8221; color=&#8221;purple&#8221; spacing=&#8221;35&#8243; alignment=&#8221;center&#8221; active_section=&#8221;1&#8243;][vc_tta_section title=&#8221;Detaljan sadr\u017eaj&#8221; tab_id=&#8221;1628848276233-3ff72b56-2530&#8243;][vc_row_inner][vc_column_inner width=&#8221;1\/3&#8243;][vc_column_text]<span style=\"color: #993366;\"><strong><u>OSNOVNA PITANJA O RODITELJSTVU<\/u><\/strong><\/span><\/p>\n<p><strong>NA KOJI NA\u010cIN:<\/strong><\/p>\n<ul>\n<li>djetetu nahraniti du\u0161u<\/li>\n<li>odgajati bez kritiziranja<\/li>\n<li>kazna postaje \u010din ljubavi<\/li>\n<li>razvijati djetetovo samopouzdanje<\/li>\n<li>moje dijete u\u010di voljeti i prihva\u0107ati sebe<\/li>\n<li>povjerovati da se moje dijete mo\u017ee promjeniti<\/li>\n<li>s djecom razvijati tople i bliske odnose<\/li>\n<li>dijete usvaja ispravan sustav vrijednosti<\/li>\n<li>moje dijete razvija vjeru u naj\u0161irem smislu te rije\u010di<\/li>\n<\/ul>\n<p>[\/vc_column_text][\/vc_column_inner][vc_column_inner width=&#8221;1\/3&#8243;][vc_column_text]<span style=\"color: #993366;\"><strong><u>KONKRETNA RJE\u0160ENJA VEZANA UZ DISCIPLINIRANJE<\/u><\/strong><\/span><\/p>\n<p><strong>NA KOJI NA\u010cIN:<\/strong><\/p>\n<ul>\n<li>nau\u010diti dijete umjereno koristiti tehnologiju<\/li>\n<li>zaustaviti dramu nakon oduzimanja mobitela<\/li>\n<li>nau\u010diti dijete samostalno se igrati<\/li>\n<li>moje dijete pripremiti na te\u0161ko\u0107e i nau\u010diti pri\u010dekati<\/li>\n<li>nau\u010diti dijete da postane samostalan u\u010denik<\/li>\n<li>posti\u0107i da me dijete \u010duje i reagira iz prve<\/li>\n<li>nau\u010diti dijete jesti raznovrsnu hranu<\/li>\n<li>nau\u010diti dijete obavljati ku\u0107ne obaveze<\/li>\n<li>nau\u010diti dijete da ne bude drsko<\/li>\n<li>nau\u010diti dijete na vrijeme ustajati i odlaziti na spavanje<\/li>\n<li>postupiti kad dijete navaljuje da mu se ne\u0161to kupi<\/li>\n<li>prona\u0107i vrijeme za starije dijete kad stigne prinova<\/li>\n<\/ul>\n<p>[\/vc_column_text][\/vc_column_inner][vc_column_inner width=&#8221;1\/3&#8243;][vc_column_text]<span style=\"color: #993366;\"><strong><u>SOCIJALIZACIJA S VR\u0160NJACIMA<\/u><\/strong><\/span><\/p>\n<p><strong>NA KOJI NA\u010cIN:<\/strong><\/p>\n<ul>\n<li>moje dijete mo\u017ee postati socijalno sna\u017eno<\/li>\n<li>nau\u010diti moje dijete birati dobro dru\u0161tvo<\/li>\n<li>reagirati kad se moja djeca, bra\u0107a i sestre sva\u0111aju<\/li>\n<\/ul>\n<p>[\/vc_column_text][\/vc_column_inner][\/vc_row_inner][\/vc_tta_section][vc_tta_section title=&#8221;Galerija&#8221; tab_id=&#8221;1628848414071-406a35b4-4f40&#8243;][vc_row_inner][vc_column_inner width=&#8221;1\/3&#8243;][vc_single_image image=&#8221;5035&#8243; img_size=&#8221;full&#8221;][\/vc_column_inner][vc_column_inner width=&#8221;1\/3&#8243;][vc_single_image image=&#8221;5037&#8243; img_size=&#8221;full&#8221;][\/vc_column_inner][vc_column_inner width=&#8221;1\/3&#8243;][vc_single_image image=&#8221;5039&#8243; img_size=&#8221;full&#8221;][\/vc_column_inner][\/vc_row_inner][\/vc_tta_section][vc_tta_section title=&#8221;Prelistaj knjigu&#8221; tab_id=&#8221;1634843645712-998d1ef6-21b5&#8243;][vc_row_inner][vc_column_inner][vc_video link=&#8221;https:\/\/www.youtube.com\/watch?v=fiVwrvf5EQY&#8221; el_width=&#8221;70&#8243; align=&#8221;center&#8221; css=&#8221;.vc_custom_1677431883209{margin-top: -20px !important;padding-top: 0px !important;}&#8221;][\/vc_column_inner][\/vc_row_inner][\/vc_tta_section][\/vc_tta_tabs][\/vc_column][\/vc_row][\/vc_section][vc_section full_width=&#8221;stretch_row&#8221; css=&#8221;.vc_custom_1628855107517{margin-right: 20px !important;margin-left: 20px !important;background-color: #b16fb2 !important;border-radius: 3px !important;}&#8221;][vc_row][vc_column][vc_custom_heading text=&#8221;Dojmovi i preporuke&#8221; font_container=&#8221;tag:h2|text_align:center|color:%23ffffff&#8221; use_theme_fonts=&#8221;yes&#8221; css=&#8221;.vc_custom_1677091634854{margin-top: 25px !important;margin-bottom: 20px !important;}&#8221; sep_position=&#8221;bottom&#8221; sep_aligment=&#8221;center&#8221; icon_hc=&#8221;hc-icon-smile&#8221; icon_size=&#8221;17px&#8221; link=&#8221;|||&#8221; sep_spacing_top=&#8221;14px&#8221; icon_color=&#8221;#ffa011&#8243;][\/vc_column][\/vc_row][vc_row gap=&#8221;30&#8243;][vc_column width=&#8221;1\/3&#8243;][vc_single_image image=&#8221;5058&#8243; img_size=&#8221;full&#8221;][vc_single_image image=&#8221;4211&#8243; img_size=&#8221;full&#8221;][\/vc_column][vc_column width=&#8221;1\/3&#8243;][vc_single_image image=&#8221;4993&#8243; img_size=&#8221;full&#8221;][vc_single_image image=&#8221;4204&#8243; img_size=&#8221;full&#8221;][\/vc_column][vc_column width=&#8221;1\/3&#8243;][vc_single_image image=&#8221;5001&#8243; img_size=&#8221;full&#8221;][vc_single_image image=&#8221;4994&#8243; img_size=&#8221;full&#8221;][vc_single_image image=&#8221;4999&#8243; img_size=&#8221;full&#8221;][\/vc_column][\/vc_row][\/vc_section][vc_section css=&#8221;.vc_custom_1628848580276{margin-top: 40px !important;margin-right: 20px !important;margin-bottom: 40px !important;margin-left: 20px !important;}&#8221;][vc_row css=&#8221;.vc_custom_1557741467954{padding-top: 10px !important;}&#8221;][vc_column width=&#8221;1\/3&#8243; css=&#8221;.vc_custom_1625221905882{margin-top: 30px !important;}&#8221;][vc_custom_heading text=&#8221;O autorici:&#8221; font_container=&#8221;tag:h2|text_align:center&#8221; use_theme_fonts=&#8221;yes&#8221; sep_position=&#8221;bottom&#8221; icon_hc=&#8221;hc-icon-smile&#8221; icon_color=&#8221;#ffa011&#8243; icon_size=&#8221;17px&#8221; sep_spacing_top=&#8221;14px&#8221;][vc_single_image image=&#8221;4899&#8243; img_size=&#8221;large&#8221; style=&#8221;vc_box_border_circle_2&#8243; css=&#8221;.vc_custom_1674652655417{margin-top: 30px !important;}&#8221;][\/vc_column][vc_column width=&#8221;2\/3&#8243; css=&#8221;.vc_custom_1625221940931{margin-top: 30px !important;}&#8221;][vc_column_text]Zbog \u010dega sam se odlu\u010dila baviti roditeljstvom:<\/p>\n<ul>\n<li>jer \u017eelim da moja djeca \u017eive u zdravom okru\u017eenju, imaju dobre prijatelje, kolege i partnere,<\/li>\n<li>jer vjerujem da je ono \u0161to znam dar koji imam obavezu podijeliti,<\/li>\n<li>jer sam svoje stavove i znanja prakti\u010dno testirala u petnaestogodi\u0161njoj \u0161kolskoj praksi i trostrukom roditeljstvu,<\/li>\n<li>jer znam da je uzalud sve \u0161to radimo ako odgajamo nesposobne generacije,<\/li>\n<li>jer sam jo\u0161 kao dijete znala da je odgoj podru\u010dje koje intelektualno, emocionalno i duhovno najvi\u0161e odgovara mom bi\u0107u,<\/li>\n<li>jer u\u017eivam pomagati i pridonositi!<\/li>\n<\/ul>\n<p>Biljana Grbovi\u0107<\/p>\n<p>Vi\u0161e o autorici mo\u017eete saznati na sajtu <a href=\"http:\/\/licnirazvoj.rs\/o-meni\/\" target=\"_blank\" rel=\"noopener\">licnirazvoj.rs<\/a> ili na Facebook stranici <a href=\"https:\/\/www.facebook.com\/maticaudruzenjeroditelja\" target=\"_blank\" rel=\"noopener\">Udruge Matica roditelja<\/a>.[\/vc_column_text][\/vc_column][\/vc_row][\/vc_section]<\/p>\n<\/div>","protected":false},"excerpt":{"rendered":"<p>[vc_section full_width=&#8221;stretch_row&#8221; css=&#8221;.vc_custom_1628854099783{margin-top: 0px !important;padding-bottom: 40px !important;background-color: #b16fb2 !important;}&#8221;][vc_row css=&#8221;.vc_custom_1611152746880{margin-bottom: 0px !important;padding-top: 0px !important;padding-bottom: 0px&#8230;<\/p>\n","protected":false},"author":2,"featured_media":5463,"parent":0,"menu_order":0,"comment_status":"closed","ping_status":"closed","template":"","meta":{"_monsterinsights_skip_tracking":false,"_monsterinsights_sitenote_active":false,"_monsterinsights_sitenote_note":"","_monsterinsights_sitenote_category":0,"footnotes":""},"class_list":["post-4978","page","type-page","status-publish","has-post-thumbnail","hentry"],"yoast_head":"<!-- This site is optimized with the Yoast SEO plugin v23.3 - https:\/\/yoast.com\/wordpress\/plugins\/seo\/ -->\n<title>Volim \u0161to sam te rodila, ba\u0161 tebe, ba\u0161 takvu, ba\u0161 takvog<\/title>\n<meta name=\"description\" content=\"Priru\u010dnik za roditelje sa\u010dinjen isklju\u010divo od konkretnih re\u0161enja. Menjajte, preduzimajte\u2026 Poru\u010dite va\u0161 primerak priru\u010dnika za roditelje.\" \/>\n<meta name=\"robots\" content=\"index, follow, max-snippet:-1, max-image-preview:large, max-video-preview:-1\" \/>\n<link rel=\"canonical\" href=\"https:\/\/licnirazvoj.rs\/ro\/volim-sto-sam-rodila-bas-tebe-bas-takvu-takvog-biljana-grbovic-hr\/\" \/>\n<meta property=\"og:locale\" content=\"ro_RO\" \/>\n<meta property=\"og:locale:alternate\" content=\"sr_RS\" \/>\n<meta property=\"og:type\" content=\"article\" \/>\n<meta property=\"og:title\" content=\"Volim \u0161to sam te rodila, ba\u0161 tebe, ba\u0161 takvu, ba\u0161 takvog\" \/>\n<meta property=\"og:description\" content=\"Priru\u010dnik za roditelje sa\u010dinjen isklju\u010divo od konkretnih re\u0161enja. Menjajte, preduzimajte\u2026 Poru\u010dite va\u0161 primerak priru\u010dnika za roditelje.\" \/>\n<meta property=\"og:url\" content=\"https:\/\/licnirazvoj.rs\/ro\/volim-sto-sam-rodila-bas-tebe-bas-takvu-takvog-biljana-grbovic-hr\/\" \/>\n<meta property=\"og:site_name\" content=\"Li\u010dni Razvoj - Biljana Grbovi\u0107\" \/>\n<meta property=\"article:publisher\" content=\"https:\/\/www.facebook.com\/maticaudruzenjeroditelja\" \/>\n<meta property=\"article:modified_time\" content=\"2026-03-06T01:09:47+00:00\" \/>\n<meta property=\"og:image\" content=\"http:\/\/licnirazvoj.rs\/wp-content\/uploads\/2024\/04\/seo-lat-hr.webp\" \/>\n\t<meta property=\"og:image:width\" content=\"1920\" \/>\n\t<meta property=\"og:image:height\" content=\"1507\" \/>\n\t<meta property=\"og:image:type\" content=\"image\/webp\" \/>\n<meta name=\"twitter:card\" content=\"summary_large_image\" \/>\n<meta name=\"twitter:label1\" content=\"Timp estimat pentru citire\" \/>\n\t<meta name=\"twitter:data1\" content=\"6 minute\" \/>\n<script type=\"application\/ld+json\" class=\"yoast-schema-graph\">{\"@context\":\"https:\/\/schema.org\",\"@graph\":[{\"@type\":\"WebPage\",\"@id\":\"https:\/\/licnirazvoj.rs\/volim-sto-sam-rodila-bas-tebe-bas-takvu-takvog-biljana-grbovic-hr\/\",\"url\":\"https:\/\/licnirazvoj.rs\/volim-sto-sam-rodila-bas-tebe-bas-takvu-takvog-biljana-grbovic-hr\/\",\"name\":\"Volim \u0161to sam te rodila, ba\u0161 tebe, ba\u0161 takvu, ba\u0161 takvog\",\"isPartOf\":{\"@id\":\"https:\/\/licnirazvoj.rs\/#website\"},\"primaryImageOfPage\":{\"@id\":\"https:\/\/licnirazvoj.rs\/volim-sto-sam-rodila-bas-tebe-bas-takvu-takvog-biljana-grbovic-hr\/#primaryimage\"},\"image\":{\"@id\":\"https:\/\/licnirazvoj.rs\/volim-sto-sam-rodila-bas-tebe-bas-takvu-takvog-biljana-grbovic-hr\/#primaryimage\"},\"thumbnailUrl\":\"https:\/\/licnirazvoj.rs\/wp-content\/uploads\/2024\/04\/seo-lat-hr.webp\",\"datePublished\":\"2023-02-27T21:00:40+00:00\",\"dateModified\":\"2026-03-06T01:09:47+00:00\",\"description\":\"Priru\u010dnik za roditelje sa\u010dinjen isklju\u010divo od konkretnih re\u0161enja. Menjajte, preduzimajte\u2026 Poru\u010dite va\u0161 primerak priru\u010dnika za roditelje.\",\"breadcrumb\":{\"@id\":\"https:\/\/licnirazvoj.rs\/volim-sto-sam-rodila-bas-tebe-bas-takvu-takvog-biljana-grbovic-hr\/#breadcrumb\"},\"inLanguage\":\"ro-RO\",\"potentialAction\":[{\"@type\":\"ReadAction\",\"target\":[\"https:\/\/licnirazvoj.rs\/volim-sto-sam-rodila-bas-tebe-bas-takvu-takvog-biljana-grbovic-hr\/\"]}]},{\"@type\":\"ImageObject\",\"inLanguage\":\"ro-RO\",\"@id\":\"https:\/\/licnirazvoj.rs\/volim-sto-sam-rodila-bas-tebe-bas-takvu-takvog-biljana-grbovic-hr\/#primaryimage\",\"url\":\"https:\/\/licnirazvoj.rs\/wp-content\/uploads\/2024\/04\/seo-lat-hr.webp\",\"contentUrl\":\"https:\/\/licnirazvoj.rs\/wp-content\/uploads\/2024\/04\/seo-lat-hr.webp\",\"width\":1920,\"height\":1507},{\"@type\":\"BreadcrumbList\",\"@id\":\"https:\/\/licnirazvoj.rs\/volim-sto-sam-rodila-bas-tebe-bas-takvu-takvog-biljana-grbovic-hr\/#breadcrumb\",\"itemListElement\":[{\"@type\":\"ListItem\",\"position\":1,\"name\":\"Po\u010detna\",\"item\":\"https:\/\/licnirazvoj.rs\/\"},{\"@type\":\"ListItem\",\"position\":2,\"name\":\"Volim \u0161to sam te rodila, ba\u0161 tebe, ba\u0161 takvu, ba\u0161 takvog &#8211; Biljana Grbovi\u0107 &#8211; HR\"}]},{\"@type\":\"WebSite\",\"@id\":\"https:\/\/licnirazvoj.rs\/#website\",\"url\":\"https:\/\/licnirazvoj.rs\/\",\"name\":\"Li\u010dni Razvoj - Biljana Grbovi\u0107\",\"description\":\"Udru\u017eenje roditelja Matica\",\"publisher\":{\"@id\":\"https:\/\/licnirazvoj.rs\/#\/schema\/person\/0773d084b790a9bb295bbf04f2e2fc9b\"},\"potentialAction\":[{\"@type\":\"SearchAction\",\"target\":{\"@type\":\"EntryPoint\",\"urlTemplate\":\"https:\/\/licnirazvoj.rs\/?s={search_term_string}\"},\"query-input\":\"required name=search_term_string\"}],\"inLanguage\":\"ro-RO\"},{\"@type\":[\"Person\",\"Organization\"],\"@id\":\"https:\/\/licnirazvoj.rs\/#\/schema\/person\/0773d084b790a9bb295bbf04f2e2fc9b\",\"name\":\"Biljana Grbovi\u0107\",\"image\":{\"@type\":\"ImageObject\",\"inLanguage\":\"ro-RO\",\"@id\":\"https:\/\/licnirazvoj.rs\/#\/schema\/person\/image\/\",\"url\":\"http:\/\/licnirazvoj.rs\/wp-content\/uploads\/2020\/08\/IBI_3240-795x530.jpg\",\"contentUrl\":\"http:\/\/licnirazvoj.rs\/wp-content\/uploads\/2020\/08\/IBI_3240-795x530.jpg\",\"width\":\"795\",\"height\":\"530\",\"caption\":\"Biljana Grbovi\u0107\"},\"logo\":{\"@id\":\"https:\/\/licnirazvoj.rs\/#\/schema\/person\/image\/\"},\"sameAs\":[\"http:\/\/licnirazvoj.rs\/\",\"https:\/\/www.facebook.com\/maticaudruzenjeroditelja\",\"https:\/\/www.instagram.com\/udruzenje_roditelja_matica\/\",\"https:\/\/www.youtube.com\/channel\/UCtoOPZc7FPAXLGna-JaofEQ\/\"]}]}<\/script>\n<!-- \/ Yoast SEO plugin. -->","yoast_head_json":{"title":"Volim \u0161to sam te rodila, ba\u0161 tebe, ba\u0161 takvu, ba\u0161 takvog","description":"Priru\u010dnik za roditelje sa\u010dinjen isklju\u010divo od konkretnih re\u0161enja. Menjajte, preduzimajte\u2026 Poru\u010dite va\u0161 primerak priru\u010dnika za roditelje.","robots":{"index":"index","follow":"follow","max-snippet":"max-snippet:-1","max-image-preview":"max-image-preview:large","max-video-preview":"max-video-preview:-1"},"canonical":"https:\/\/licnirazvoj.rs\/ro\/volim-sto-sam-rodila-bas-tebe-bas-takvu-takvog-biljana-grbovic-hr\/","og_locale":"ro_RO","og_type":"article","og_title":"Volim \u0161to sam te rodila, ba\u0161 tebe, ba\u0161 takvu, ba\u0161 takvog","og_description":"Priru\u010dnik za roditelje sa\u010dinjen isklju\u010divo od konkretnih re\u0161enja. Menjajte, preduzimajte\u2026 Poru\u010dite va\u0161 primerak priru\u010dnika za roditelje.","og_url":"https:\/\/licnirazvoj.rs\/ro\/volim-sto-sam-rodila-bas-tebe-bas-takvu-takvog-biljana-grbovic-hr\/","og_site_name":"Li\u010dni Razvoj - Biljana Grbovi\u0107","article_publisher":"https:\/\/www.facebook.com\/maticaudruzenjeroditelja","article_modified_time":"2026-03-06T01:09:47+00:00","og_image":[{"width":1920,"height":1507,"url":"http:\/\/licnirazvoj.rs\/wp-content\/uploads\/2024\/04\/seo-lat-hr.webp","type":"image\/webp"}],"twitter_card":"summary_large_image","twitter_misc":{"Timp estimat pentru citire":"6 minute"},"schema":{"@context":"https:\/\/schema.org","@graph":[{"@type":"WebPage","@id":"https:\/\/licnirazvoj.rs\/volim-sto-sam-rodila-bas-tebe-bas-takvu-takvog-biljana-grbovic-hr\/","url":"https:\/\/licnirazvoj.rs\/volim-sto-sam-rodila-bas-tebe-bas-takvu-takvog-biljana-grbovic-hr\/","name":"Volim \u0161to sam te rodila, ba\u0161 tebe, ba\u0161 takvu, ba\u0161 takvog","isPartOf":{"@id":"https:\/\/licnirazvoj.rs\/#website"},"primaryImageOfPage":{"@id":"https:\/\/licnirazvoj.rs\/volim-sto-sam-rodila-bas-tebe-bas-takvu-takvog-biljana-grbovic-hr\/#primaryimage"},"image":{"@id":"https:\/\/licnirazvoj.rs\/volim-sto-sam-rodila-bas-tebe-bas-takvu-takvog-biljana-grbovic-hr\/#primaryimage"},"thumbnailUrl":"https:\/\/licnirazvoj.rs\/wp-content\/uploads\/2024\/04\/seo-lat-hr.webp","datePublished":"2023-02-27T21:00:40+00:00","dateModified":"2026-03-06T01:09:47+00:00","description":"Priru\u010dnik za roditelje sa\u010dinjen isklju\u010divo od konkretnih re\u0161enja. Menjajte, preduzimajte\u2026 Poru\u010dite va\u0161 primerak priru\u010dnika za roditelje.","breadcrumb":{"@id":"https:\/\/licnirazvoj.rs\/volim-sto-sam-rodila-bas-tebe-bas-takvu-takvog-biljana-grbovic-hr\/#breadcrumb"},"inLanguage":"ro-RO","potentialAction":[{"@type":"ReadAction","target":["https:\/\/licnirazvoj.rs\/volim-sto-sam-rodila-bas-tebe-bas-takvu-takvog-biljana-grbovic-hr\/"]}]},{"@type":"ImageObject","inLanguage":"ro-RO","@id":"https:\/\/licnirazvoj.rs\/volim-sto-sam-rodila-bas-tebe-bas-takvu-takvog-biljana-grbovic-hr\/#primaryimage","url":"https:\/\/licnirazvoj.rs\/wp-content\/uploads\/2024\/04\/seo-lat-hr.webp","contentUrl":"https:\/\/licnirazvoj.rs\/wp-content\/uploads\/2024\/04\/seo-lat-hr.webp","width":1920,"height":1507},{"@type":"BreadcrumbList","@id":"https:\/\/licnirazvoj.rs\/volim-sto-sam-rodila-bas-tebe-bas-takvu-takvog-biljana-grbovic-hr\/#breadcrumb","itemListElement":[{"@type":"ListItem","position":1,"name":"Po\u010detna","item":"https:\/\/licnirazvoj.rs\/"},{"@type":"ListItem","position":2,"name":"Volim \u0161to sam te rodila, ba\u0161 tebe, ba\u0161 takvu, ba\u0161 takvog &#8211; Biljana Grbovi\u0107 &#8211; HR"}]},{"@type":"WebSite","@id":"https:\/\/licnirazvoj.rs\/#website","url":"https:\/\/licnirazvoj.rs\/","name":"Li\u010dni Razvoj - Biljana Grbovi\u0107","description":"Udru\u017eenje roditelja Matica","publisher":{"@id":"https:\/\/licnirazvoj.rs\/#\/schema\/person\/0773d084b790a9bb295bbf04f2e2fc9b"},"potentialAction":[{"@type":"SearchAction","target":{"@type":"EntryPoint","urlTemplate":"https:\/\/licnirazvoj.rs\/?s={search_term_string}"},"query-input":"required name=search_term_string"}],"inLanguage":"ro-RO"},{"@type":["Person","Organization"],"@id":"https:\/\/licnirazvoj.rs\/#\/schema\/person\/0773d084b790a9bb295bbf04f2e2fc9b","name":"Biljana Grbovi\u0107","image":{"@type":"ImageObject","inLanguage":"ro-RO","@id":"https:\/\/licnirazvoj.rs\/#\/schema\/person\/image\/","url":"http:\/\/licnirazvoj.rs\/wp-content\/uploads\/2020\/08\/IBI_3240-795x530.jpg","contentUrl":"http:\/\/licnirazvoj.rs\/wp-content\/uploads\/2020\/08\/IBI_3240-795x530.jpg","width":"795","height":"530","caption":"Biljana Grbovi\u0107"},"logo":{"@id":"https:\/\/licnirazvoj.rs\/#\/schema\/person\/image\/"},"sameAs":["http:\/\/licnirazvoj.rs\/","https:\/\/www.facebook.com\/maticaudruzenjeroditelja","https:\/\/www.instagram.com\/udruzenje_roditelja_matica\/","https:\/\/www.youtube.com\/channel\/UCtoOPZc7FPAXLGna-JaofEQ\/"]}]}},"_links":{"self":[{"href":"https:\/\/licnirazvoj.rs\/ro\/wp-json\/wp\/v2\/pages\/4978","targetHints":{"allow":["GET"]}}],"collection":[{"href":"https:\/\/licnirazvoj.rs\/ro\/wp-json\/wp\/v2\/pages"}],"about":[{"href":"https:\/\/licnirazvoj.rs\/ro\/wp-json\/wp\/v2\/types\/page"}],"author":[{"embeddable":true,"href":"https:\/\/licnirazvoj.rs\/ro\/wp-json\/wp\/v2\/users\/2"}],"replies":[{"embeddable":true,"href":"https:\/\/licnirazvoj.rs\/ro\/wp-json\/wp\/v2\/comments?post=4978"}],"version-history":[{"count":6,"href":"https:\/\/licnirazvoj.rs\/ro\/wp-json\/wp\/v2\/pages\/4978\/revisions"}],"predecessor-version":[{"id":5762,"href":"https:\/\/licnirazvoj.rs\/ro\/wp-json\/wp\/v2\/pages\/4978\/revisions\/5762"}],"wp:featuredmedia":[{"embeddable":true,"href":"https:\/\/licnirazvoj.rs\/ro\/wp-json\/wp\/v2\/media\/5463"}],"wp:attachment":[{"href":"https:\/\/licnirazvoj.rs\/ro\/wp-json\/wp\/v2\/media?parent=4978"}],"curies":[{"name":"wp","href":"https:\/\/api.w.org\/{rel}","templated":true}]}}