{"id":5147,"date":"2023-05-13T09:37:46","date_gmt":"2023-05-13T09:37:46","guid":{"rendered":"http:\/\/licnirazvoj.rs\/?page_id=5147"},"modified":"2023-05-15T16:04:29","modified_gmt":"2023-05-15T16:04:29","slug":"citam-sam-biljana-grbovic-sve","status":"publish","type":"page","link":"https:\/\/licnirazvoj.rs\/ro\/citam-sam-biljana-grbovic-sve\/","title":{"rendered":"\u010citam sam &#8211; Biljana Grbovi\u0107 &#8211; SVE"},"content":{"rendered":"<div class=\"wpb-content-wrapper\"><p>[vc_section full_width=&#8221;stretch_row&#8221; css=&#8221;.vc_custom_1611152727749{margin-top: 0px !important;padding-bottom: 40px !important;background-color: #529cbf !important;}&#8221;][vc_row css=&#8221;.vc_custom_1611152746880{margin-bottom: 0px !important;padding-top: 0px !important;padding-bottom: 0px !important;}&#8221;][vc_column][vc_column_text]<\/p>\n<h1 style=\"text-align: center;\"><span style=\"color: #ffffff;\">&#8211; \u010cITAM SAM &#8211;<br \/>\nBiljana Grbovi\u0107<\/span><\/h1>\n<p>[\/vc_column_text][\/vc_column][\/vc_row][\/vc_section][vc_row css=&#8221;.vc_custom_1683972272152{margin-bottom: 25px !important;padding-top: 20px !important;}&#8221;][vc_column][vc_custom_heading text=&#8221;Izaberite dr\u017eavu&#8221; font_container=&#8221;tag:h2|text_align:center&#8221; use_theme_fonts=&#8221;yes&#8221; sep_position=&#8221;bottom&#8221; sep_aligment=&#8221;center&#8221; icon_hc=&#8221;hc-icon-smile&#8221; icon_size=&#8221;17px&#8221; css=&#8221;.vc_custom_1684166619658{margin-bottom: 54px !important;}&#8221; link=&#8221;|||&#8221; sep_spacing_top=&#8221;14px&#8221; icon_color=&#8221;#ffa011&#8243;][vc_row_inner gap=&#8221;15&#8243;][vc_column_inner width=&#8221;1\/3&#8243;][vc_btn title=&#8221;SRBIJA&#8221; shape=&#8221;round&#8221; color=&#8221;warning&#8221; align=&#8221;center&#8221; link=&#8221;url:http%3A%2F%2Flicnirazvoj.rs%2Fcitam-sam-slikovnice-poruci%2F|title:%C4%8Citam%20sam%20%E2%80%93%20Biljana%20Grbovi%C4%87&#8243;][\/vc_column_inner][vc_column_inner width=&#8221;1\/3&#8243;][vc_btn title=&#8221;BIH&#8221; shape=&#8221;round&#8221; color=&#8221;warning&#8221; align=&#8221;center&#8221; link=&#8221;url:http%3A%2F%2Flicnirazvoj.rs%2Fcitam-sam-biljana-grbovic-bih%2F|title:%C4%8Citam%20sam%20%E2%80%93%20Biljana%20Grbovi%C4%87%20%E2%80%93%20BiH&#8221;][\/vc_column_inner][vc_column_inner width=&#8221;1\/3&#8243;][vc_btn title=&#8221;HRVATSKA&#8221; shape=&#8221;round&#8221; color=&#8221;warning&#8221; align=&#8221;center&#8221; link=&#8221;url:http%3A%2F%2Flicnirazvoj.rs%2Fcitam-sam-biljana-grbovic-hr%2F|title:%C4%8Citam%20sam%20%E2%80%93%20Biljana%20Grbovi%C4%87%20%E2%80%93%20HR&#8221;][\/vc_column_inner][\/vc_row_inner][\/vc_column][\/vc_row]<\/p>\n<\/div>","protected":false},"excerpt":{"rendered":"<p>[vc_section full_width=&#8221;stretch_row&#8221; css=&#8221;.vc_custom_1611152727749{margin-top: 0px !important;padding-bottom: 40px !important;background-color: #529cbf !important;}&#8221;][vc_row css=&#8221;.vc_custom_1611152746880{margin-bottom: 0px !important;padding-top: 0px !important;padding-bottom: 0px&#8230;<\/p>\n","protected":false},"author":2,"featured_media":4183,"parent":0,"menu_order":0,"comment_status":"closed","ping_status":"closed","template":"","meta":{"_monsterinsights_skip_tracking":false,"_monsterinsights_sitenote_active":false,"_monsterinsights_sitenote_note":"","_monsterinsights_sitenote_category":0,"footnotes":""},"class_list":["post-5147","page","type-page","status-publish","has-post-thumbnail","hentry"],"yoast_head":"<!-- This site is optimized with the Yoast SEO plugin v23.3 - https:\/\/yoast.com\/wordpress\/plugins\/seo\/ -->\n<title>\u010citam sam - Komplet od 9 slikovnica - Biljana Grbovi\u0107<\/title>\n<meta name=\"description\" content=\"\u017delite da va\u0161e dete samostalno i kroz zabavu savlada \u010ditanje? Poru\u010dite komplet slikovnica \u010citam sam i podstaknite svoje dete da razvija tehniku \u010ditanja!\" \/>\n<meta name=\"robots\" content=\"index, follow, max-snippet:-1, max-image-preview:large, max-video-preview:-1\" \/>\n<link rel=\"canonical\" href=\"https:\/\/licnirazvoj.rs\/ro\/citam-sam-biljana-grbovic-sve\/\" \/>\n<meta property=\"og:locale\" content=\"ro_RO\" \/>\n<meta property=\"og:locale:alternate\" content=\"sr_RS\" \/>\n<meta property=\"og:type\" content=\"article\" \/>\n<meta property=\"og:title\" content=\"\u010citam sam - Komplet od 9 slikovnica - Biljana Grbovi\u0107\" \/>\n<meta property=\"og:description\" content=\"\u017delite da va\u0161e dete samostalno i kroz zabavu savlada \u010ditanje? Poru\u010dite komplet slikovnica \u010citam sam i podstaknite svoje dete da razvija tehniku \u010ditanja!\" \/>\n<meta property=\"og:url\" content=\"https:\/\/licnirazvoj.rs\/ro\/citam-sam-biljana-grbovic-sve\/\" \/>\n<meta property=\"og:site_name\" content=\"Li\u010dni Razvoj - Biljana Grbovi\u0107\" \/>\n<meta property=\"article:publisher\" content=\"https:\/\/www.facebook.com\/maticaudruzenjeroditelja\" \/>\n<meta property=\"article:modified_time\" content=\"2023-05-15T16:04:29+00:00\" \/>\n<meta property=\"og:image\" content=\"https:\/\/licnirazvoj.rs\/wp-content\/uploads\/2021\/05\/citam-sam-novo-1.jpg\" \/>\n\t<meta property=\"og:image:width\" content=\"760\" \/>\n\t<meta property=\"og:image:height\" content=\"500\" \/>\n\t<meta property=\"og:image:type\" content=\"image\/jpeg\" \/>\n<meta name=\"twitter:card\" content=\"summary_large_image\" \/>\n<meta name=\"twitter:label1\" content=\"Timp estimat pentru citire\" \/>\n\t<meta name=\"twitter:data1\" content=\"1 minut\" \/>\n<script type=\"application\/ld+json\" class=\"yoast-schema-graph\">{\"@context\":\"https:\/\/schema.org\",\"@graph\":[{\"@type\":\"WebPage\",\"@id\":\"https:\/\/licnirazvoj.rs\/citam-sam-biljana-grbovic-sve\/\",\"url\":\"https:\/\/licnirazvoj.rs\/citam-sam-biljana-grbovic-sve\/\",\"name\":\"\u010citam sam - Komplet od 9 slikovnica - Biljana Grbovi\u0107\",\"isPartOf\":{\"@id\":\"https:\/\/licnirazvoj.rs\/#website\"},\"primaryImageOfPage\":{\"@id\":\"https:\/\/licnirazvoj.rs\/citam-sam-biljana-grbovic-sve\/#primaryimage\"},\"image\":{\"@id\":\"https:\/\/licnirazvoj.rs\/citam-sam-biljana-grbovic-sve\/#primaryimage\"},\"thumbnailUrl\":\"https:\/\/licnirazvoj.rs\/wp-content\/uploads\/2021\/05\/citam-sam-novo-1.jpg\",\"datePublished\":\"2023-05-13T09:37:46+00:00\",\"dateModified\":\"2023-05-15T16:04:29+00:00\",\"description\":\"\u017delite da va\u0161e dete samostalno i kroz zabavu savlada \u010ditanje? Poru\u010dite komplet slikovnica \u010citam sam i podstaknite svoje dete da razvija tehniku \u010ditanja!\",\"breadcrumb\":{\"@id\":\"https:\/\/licnirazvoj.rs\/citam-sam-biljana-grbovic-sve\/#breadcrumb\"},\"inLanguage\":\"ro-RO\",\"potentialAction\":[{\"@type\":\"ReadAction\",\"target\":[\"https:\/\/licnirazvoj.rs\/citam-sam-biljana-grbovic-sve\/\"]}]},{\"@type\":\"ImageObject\",\"inLanguage\":\"ro-RO\",\"@id\":\"https:\/\/licnirazvoj.rs\/citam-sam-biljana-grbovic-sve\/#primaryimage\",\"url\":\"https:\/\/licnirazvoj.rs\/wp-content\/uploads\/2021\/05\/citam-sam-novo-1.jpg\",\"contentUrl\":\"https:\/\/licnirazvoj.rs\/wp-content\/uploads\/2021\/05\/citam-sam-novo-1.jpg\",\"width\":\"760\",\"height\":\"500\"},{\"@type\":\"BreadcrumbList\",\"@id\":\"https:\/\/licnirazvoj.rs\/citam-sam-biljana-grbovic-sve\/#breadcrumb\",\"itemListElement\":[{\"@type\":\"ListItem\",\"position\":1,\"name\":\"Po\u010detna\",\"item\":\"https:\/\/licnirazvoj.rs\/\"},{\"@type\":\"ListItem\",\"position\":2,\"name\":\"\u010citam sam &#8211; Biljana Grbovi\u0107 &#8211; SVE\"}]},{\"@type\":\"WebSite\",\"@id\":\"https:\/\/licnirazvoj.rs\/#website\",\"url\":\"https:\/\/licnirazvoj.rs\/\",\"name\":\"Li\u010dni Razvoj - Biljana Grbovi\u0107\",\"description\":\"Udru\u017eenje roditelja Matica\",\"publisher\":{\"@id\":\"https:\/\/licnirazvoj.rs\/#\/schema\/person\/0773d084b790a9bb295bbf04f2e2fc9b\"},\"potentialAction\":[{\"@type\":\"SearchAction\",\"target\":{\"@type\":\"EntryPoint\",\"urlTemplate\":\"https:\/\/licnirazvoj.rs\/?s={search_term_string}\"},\"query-input\":\"required name=search_term_string\"}],\"inLanguage\":\"ro-RO\"},{\"@type\":[\"Person\",\"Organization\"],\"@id\":\"https:\/\/licnirazvoj.rs\/#\/schema\/person\/0773d084b790a9bb295bbf04f2e2fc9b\",\"name\":\"Biljana Grbovi\u0107\",\"image\":{\"@type\":\"ImageObject\",\"inLanguage\":\"ro-RO\",\"@id\":\"https:\/\/licnirazvoj.rs\/#\/schema\/person\/image\/\",\"url\":\"http:\/\/licnirazvoj.rs\/wp-content\/uploads\/2020\/08\/IBI_3240-795x530.jpg\",\"contentUrl\":\"http:\/\/licnirazvoj.rs\/wp-content\/uploads\/2020\/08\/IBI_3240-795x530.jpg\",\"width\":\"795\",\"height\":\"530\",\"caption\":\"Biljana Grbovi\u0107\"},\"logo\":{\"@id\":\"https:\/\/licnirazvoj.rs\/#\/schema\/person\/image\/\"},\"sameAs\":[\"http:\/\/licnirazvoj.rs\/\",\"https:\/\/www.facebook.com\/maticaudruzenjeroditelja\",\"https:\/\/www.instagram.com\/udruzenje_roditelja_matica\/\",\"https:\/\/www.youtube.com\/channel\/UCtoOPZc7FPAXLGna-JaofEQ\/\"]}]}<\/script>\n<!-- \/ Yoast SEO plugin. -->","yoast_head_json":{"title":"\u010citam sam - Komplet od 9 slikovnica - Biljana Grbovi\u0107","description":"\u017delite da va\u0161e dete samostalno i kroz zabavu savlada \u010ditanje? Poru\u010dite komplet slikovnica \u010citam sam i podstaknite svoje dete da razvija tehniku \u010ditanja!","robots":{"index":"index","follow":"follow","max-snippet":"max-snippet:-1","max-image-preview":"max-image-preview:large","max-video-preview":"max-video-preview:-1"},"canonical":"https:\/\/licnirazvoj.rs\/ro\/citam-sam-biljana-grbovic-sve\/","og_locale":"ro_RO","og_type":"article","og_title":"\u010citam sam - Komplet od 9 slikovnica - Biljana Grbovi\u0107","og_description":"\u017delite da va\u0161e dete samostalno i kroz zabavu savlada \u010ditanje? Poru\u010dite komplet slikovnica \u010citam sam i podstaknite svoje dete da razvija tehniku \u010ditanja!","og_url":"https:\/\/licnirazvoj.rs\/ro\/citam-sam-biljana-grbovic-sve\/","og_site_name":"Li\u010dni Razvoj - Biljana Grbovi\u0107","article_publisher":"https:\/\/www.facebook.com\/maticaudruzenjeroditelja","article_modified_time":"2023-05-15T16:04:29+00:00","og_image":[{"width":760,"height":500,"url":"https:\/\/licnirazvoj.rs\/wp-content\/uploads\/2021\/05\/citam-sam-novo-1.jpg","type":"image\/jpeg"}],"twitter_card":"summary_large_image","twitter_misc":{"Timp estimat pentru citire":"1 minut"},"schema":{"@context":"https:\/\/schema.org","@graph":[{"@type":"WebPage","@id":"https:\/\/licnirazvoj.rs\/citam-sam-biljana-grbovic-sve\/","url":"https:\/\/licnirazvoj.rs\/citam-sam-biljana-grbovic-sve\/","name":"\u010citam sam - Komplet od 9 slikovnica - Biljana Grbovi\u0107","isPartOf":{"@id":"https:\/\/licnirazvoj.rs\/#website"},"primaryImageOfPage":{"@id":"https:\/\/licnirazvoj.rs\/citam-sam-biljana-grbovic-sve\/#primaryimage"},"image":{"@id":"https:\/\/licnirazvoj.rs\/citam-sam-biljana-grbovic-sve\/#primaryimage"},"thumbnailUrl":"https:\/\/licnirazvoj.rs\/wp-content\/uploads\/2021\/05\/citam-sam-novo-1.jpg","datePublished":"2023-05-13T09:37:46+00:00","dateModified":"2023-05-15T16:04:29+00:00","description":"\u017delite da va\u0161e dete samostalno i kroz zabavu savlada \u010ditanje? Poru\u010dite komplet slikovnica \u010citam sam i podstaknite svoje dete da razvija tehniku \u010ditanja!","breadcrumb":{"@id":"https:\/\/licnirazvoj.rs\/citam-sam-biljana-grbovic-sve\/#breadcrumb"},"inLanguage":"ro-RO","potentialAction":[{"@type":"ReadAction","target":["https:\/\/licnirazvoj.rs\/citam-sam-biljana-grbovic-sve\/"]}]},{"@type":"ImageObject","inLanguage":"ro-RO","@id":"https:\/\/licnirazvoj.rs\/citam-sam-biljana-grbovic-sve\/#primaryimage","url":"https:\/\/licnirazvoj.rs\/wp-content\/uploads\/2021\/05\/citam-sam-novo-1.jpg","contentUrl":"https:\/\/licnirazvoj.rs\/wp-content\/uploads\/2021\/05\/citam-sam-novo-1.jpg","width":"760","height":"500"},{"@type":"BreadcrumbList","@id":"https:\/\/licnirazvoj.rs\/citam-sam-biljana-grbovic-sve\/#breadcrumb","itemListElement":[{"@type":"ListItem","position":1,"name":"Po\u010detna","item":"https:\/\/licnirazvoj.rs\/"},{"@type":"ListItem","position":2,"name":"\u010citam sam &#8211; Biljana Grbovi\u0107 &#8211; SVE"}]},{"@type":"WebSite","@id":"https:\/\/licnirazvoj.rs\/#website","url":"https:\/\/licnirazvoj.rs\/","name":"Li\u010dni Razvoj - Biljana Grbovi\u0107","description":"Udru\u017eenje roditelja Matica","publisher":{"@id":"https:\/\/licnirazvoj.rs\/#\/schema\/person\/0773d084b790a9bb295bbf04f2e2fc9b"},"potentialAction":[{"@type":"SearchAction","target":{"@type":"EntryPoint","urlTemplate":"https:\/\/licnirazvoj.rs\/?s={search_term_string}"},"query-input":"required name=search_term_string"}],"inLanguage":"ro-RO"},{"@type":["Person","Organization"],"@id":"https:\/\/licnirazvoj.rs\/#\/schema\/person\/0773d084b790a9bb295bbf04f2e2fc9b","name":"Biljana Grbovi\u0107","image":{"@type":"ImageObject","inLanguage":"ro-RO","@id":"https:\/\/licnirazvoj.rs\/#\/schema\/person\/image\/","url":"http:\/\/licnirazvoj.rs\/wp-content\/uploads\/2020\/08\/IBI_3240-795x530.jpg","contentUrl":"http:\/\/licnirazvoj.rs\/wp-content\/uploads\/2020\/08\/IBI_3240-795x530.jpg","width":"795","height":"530","caption":"Biljana Grbovi\u0107"},"logo":{"@id":"https:\/\/licnirazvoj.rs\/#\/schema\/person\/image\/"},"sameAs":["http:\/\/licnirazvoj.rs\/","https:\/\/www.facebook.com\/maticaudruzenjeroditelja","https:\/\/www.instagram.com\/udruzenje_roditelja_matica\/","https:\/\/www.youtube.com\/channel\/UCtoOPZc7FPAXLGna-JaofEQ\/"]}]}},"_links":{"self":[{"href":"https:\/\/licnirazvoj.rs\/ro\/wp-json\/wp\/v2\/pages\/5147","targetHints":{"allow":["GET"]}}],"collection":[{"href":"https:\/\/licnirazvoj.rs\/ro\/wp-json\/wp\/v2\/pages"}],"about":[{"href":"https:\/\/licnirazvoj.rs\/ro\/wp-json\/wp\/v2\/types\/page"}],"author":[{"embeddable":true,"href":"https:\/\/licnirazvoj.rs\/ro\/wp-json\/wp\/v2\/users\/2"}],"replies":[{"embeddable":true,"href":"https:\/\/licnirazvoj.rs\/ro\/wp-json\/wp\/v2\/comments?post=5147"}],"version-history":[{"count":6,"href":"https:\/\/licnirazvoj.rs\/ro\/wp-json\/wp\/v2\/pages\/5147\/revisions"}],"predecessor-version":[{"id":5164,"href":"https:\/\/licnirazvoj.rs\/ro\/wp-json\/wp\/v2\/pages\/5147\/revisions\/5164"}],"wp:featuredmedia":[{"embeddable":true,"href":"https:\/\/licnirazvoj.rs\/ro\/wp-json\/wp\/v2\/media\/4183"}],"wp:attachment":[{"href":"https:\/\/licnirazvoj.rs\/ro\/wp-json\/wp\/v2\/media?parent=5147"}],"curies":[{"name":"wp","href":"https:\/\/api.w.org\/{rel}","templated":true}]}}