{"id":5152,"date":"2023-05-13T09:58:10","date_gmt":"2023-05-13T09:58:10","guid":{"rendered":"http:\/\/licnirazvoj.rs\/?page_id=5152"},"modified":"2024-04-23T00:21:05","modified_gmt":"2024-04-22T22:21:05","slug":"volim-sto-sam-rodila-bas-tebe-bas-takvu-takvog-biljana-grbovic-sve","status":"publish","type":"page","link":"https:\/\/licnirazvoj.rs\/ro\/volim-sto-sam-rodila-bas-tebe-bas-takvu-takvog-biljana-grbovic-sve\/","title":{"rendered":"Volim \u0161to sam rodila ba\u0161 tebe, ba\u0161 takvu, takvog &#8211; Biljana Grbovi\u0107 &#8211; SVE"},"content":{"rendered":"<div class=\"wpb-content-wrapper\"><p>[vc_section full_width=&#8221;stretch_row&#8221; css=&#8221;.vc_custom_1628854099783{margin-top: 0px !important;padding-bottom: 40px !important;background-color: #b16fb2 !important;}&#8221;][vc_row css=&#8221;.vc_custom_1611152746880{margin-bottom: 0px !important;padding-top: 0px !important;padding-bottom: 0px !important;}&#8221;][vc_column][vc_column_text]<\/p>\n<h1 style=\"text-align: center;\">Volim \u0161to sam rodila ba\u0161 tebe, ba\u0161 takvu &#8211; takvog<\/h1>\n<p>[\/vc_column_text][\/vc_column][\/vc_row][\/vc_section][vc_row css=&#8221;.vc_custom_1683971773796{margin-bottom: 25px !important;border-bottom-width: 20px !important;padding-top: 20px !important;}&#8221;][vc_column][vc_custom_heading text=&#8221;Izaberite dr\u017eavu&#8221; font_container=&#8221;tag:h2|text_align:center&#8221; use_theme_fonts=&#8221;yes&#8221; sep_position=&#8221;bottom&#8221; sep_aligment=&#8221;center&#8221; icon_hc=&#8221;hc-icon-smile&#8221; icon_size=&#8221;20px&#8221; css=&#8221;.vc_custom_1684166702717{margin-top: 20px !important;margin-bottom: 20px !important;}&#8221; link=&#8221;|||&#8221; sep_spacing_top=&#8221;14px&#8221; icon_color=&#8221;#ffa011&#8243;][vc_row_inner gap=&#8221;15&#8243; css=&#8221;.vc_custom_1683971836902{margin-top: 50px !important;margin-bottom: 40px !important;}&#8221;][vc_column_inner width=&#8221;1\/5&#8243;][vc_btn title=&#8221;SRBIJA&#8221; shape=&#8221;round&#8221; color=&#8221;warning&#8221; align=&#8221;center&#8221; link=&#8221;url:http%3A%2F%2Flicnirazvoj.rs%2Fvolim-sto-sam-rodila-bas-tebe-bas-takvu-takvog-biljana-grbovic%2F|title:Volim%20%C5%A1to%20sam%20rodila%20ba%C5%A1%20tebe%2C%20ba%C5%A1%20takvu%2C%20takvog%20%E2%80%93%20Biljana%20Grbovi%C4%87&#8243;][\/vc_column_inner][vc_column_inner width=&#8221;1\/5&#8243;][vc_btn title=&#8221;BIH&#8221; shape=&#8221;round&#8221; color=&#8221;warning&#8221; align=&#8221;center&#8221; link=&#8221;url:http%3A%2F%2Flicnirazvoj.rs%2Fvolim-sto-sam-rodila-bas-tebe-bas-takvu-takvog-biljana-grbovic-bih%2F|title:Volim%20%C5%A1to%20sam%20rodila%20ba%C5%A1%20tebe%2C%20ba%C5%A1%20takvu%2C%20takvog%20%E2%80%93%20Biljana%20Grbovi%C4%87%20%E2%80%93%20BiH&#8221;][\/vc_column_inner][vc_column_inner width=&#8221;1\/5&#8243;][vc_btn title=&#8221;HRVATSKA&#8221; shape=&#8221;round&#8221; color=&#8221;warning&#8221; align=&#8221;center&#8221; link=&#8221;url:http%3A%2F%2Flicnirazvoj.rs%2Fvolim-sto-sam-rodila-bas-tebe-bas-takvu-takvog-biljana-grbovic-hr%2F|title:Volim%20%C5%A1to%20sam%20te%20rodila%2C%20ba%C5%A1%20tebe%2C%20ba%C5%A1%20takvu%2C%20ba%C5%A1%20takvog%20%E2%80%93%20Biljana%20Grbovi%C4%87%20%E2%80%93%20HR&#8221;][\/vc_column_inner][vc_column_inner width=&#8221;1\/5&#8243;][vc_btn title=&#8221;SLOVENIJA&#8221; shape=&#8221;round&#8221; color=&#8221;warning&#8221; align=&#8221;center&#8221; link=&#8221;url:http%3A%2F%2Flicnirazvoj.rs%2Fveseli-me-da-sem-rodila-ravno-tebe-ravno-taksno-taksnega-biljana-grbovic-slo%2F|title:Veseli%20me%2C%20da%20sem%20rodila%20ravno%20tebe%2C%20ravno%20tak%C5%A1no%2C%20tak%C5%A1nega%20-%20Biljana%20Grbovi%C4%87%20-%20SLO&#8221;][\/vc_column_inner][vc_column_inner width=&#8221;1\/5&#8243;][vc_btn title=&#8221;RUMUNIJA&#8221; shape=&#8221;round&#8221; color=&#8221;warning&#8221; align=&#8221;center&#8221; link=&#8221;url:https%3A%2F%2Flicnirazvoj.rs%2Fsunt-fericita-ca-te-am-nascut-pe-tine-chiar-asa-cum-esti-biljana-grbovic-ro%2F|title:Sunt%20fericit%C4%83%20c%C4%83%20te-am%20n%C4%83scut%20pe%20tine%2C%20chiar%20a%C8%99a%20cum%20e%C8%99ti%20%E2%80%93%20Biljana%20Grbovi%C4%87%20%E2%80%93%20RO&#8221;][\/vc_column_inner][\/vc_row_inner][\/vc_column][\/vc_row]<\/p>\n<\/div>","protected":false},"excerpt":{"rendered":"<p>[vc_section full_width=&#8221;stretch_row&#8221; css=&#8221;.vc_custom_1628854099783{margin-top: 0px !important;padding-bottom: 40px !important;background-color: #b16fb2 !important;}&#8221;][vc_row css=&#8221;.vc_custom_1611152746880{margin-bottom: 0px !important;padding-top: 0px !important;padding-bottom: 0px&#8230;<\/p>\n","protected":false},"author":2,"featured_media":4259,"parent":0,"menu_order":0,"comment_status":"closed","ping_status":"closed","template":"","meta":{"_monsterinsights_skip_tracking":false,"_monsterinsights_sitenote_active":false,"_monsterinsights_sitenote_note":"","_monsterinsights_sitenote_category":0,"footnotes":""},"class_list":["post-5152","page","type-page","status-publish","has-post-thumbnail","hentry"],"yoast_head":"<!-- This site is optimized with the Yoast SEO plugin v23.3 - https:\/\/yoast.com\/wordpress\/plugins\/seo\/ -->\n<title>Volim \u0161to sam rodila ba\u0161 tebe, ba\u0161 takvu, takvog<\/title>\n<meta name=\"description\" content=\"Priru\u010dnik za roditelje sa\u010dinjen isklju\u010divo od konkretnih re\u0161enja. Menjajte, preduzimajte\u2026 Poru\u010dite va\u0161 primerak priru\u010dnika za roditelje.\" \/>\n<meta name=\"robots\" content=\"index, follow, max-snippet:-1, max-image-preview:large, max-video-preview:-1\" \/>\n<link rel=\"canonical\" href=\"https:\/\/licnirazvoj.rs\/ro\/volim-sto-sam-rodila-bas-tebe-bas-takvu-takvog-biljana-grbovic-sve\/\" \/>\n<meta property=\"og:locale\" content=\"ro_RO\" \/>\n<meta property=\"og:locale:alternate\" content=\"sr_RS\" \/>\n<meta property=\"og:type\" content=\"article\" \/>\n<meta property=\"og:title\" content=\"Volim \u0161to sam rodila ba\u0161 tebe, ba\u0161 takvu, takvog\" \/>\n<meta property=\"og:description\" content=\"Priru\u010dnik za roditelje sa\u010dinjen isklju\u010divo od konkretnih re\u0161enja. Menjajte, preduzimajte\u2026 Poru\u010dite va\u0161 primerak priru\u010dnika za roditelje.\" \/>\n<meta property=\"og:url\" content=\"https:\/\/licnirazvoj.rs\/ro\/volim-sto-sam-rodila-bas-tebe-bas-takvu-takvog-biljana-grbovic-sve\/\" \/>\n<meta property=\"og:site_name\" content=\"Li\u010dni Razvoj - Biljana Grbovi\u0107\" \/>\n<meta property=\"article:publisher\" content=\"https:\/\/www.facebook.com\/maticaudruzenjeroditelja\" \/>\n<meta property=\"article:modified_time\" content=\"2024-04-22T22:21:05+00:00\" \/>\n<meta property=\"og:image\" content=\"https:\/\/licnirazvoj.rs\/wp-content\/uploads\/2021\/07\/volim-sto-sam-rodila-bas-tebe.jpeg\" \/>\n\t<meta property=\"og:image:width\" content=\"1920\" \/>\n\t<meta property=\"og:image:height\" content=\"1278\" \/>\n\t<meta property=\"og:image:type\" content=\"image\/jpeg\" \/>\n<meta name=\"twitter:card\" content=\"summary_large_image\" \/>\n<meta name=\"twitter:label1\" content=\"Timp estimat pentru citire\" \/>\n\t<meta name=\"twitter:data1\" content=\"1 minut\" \/>\n<script type=\"application\/ld+json\" class=\"yoast-schema-graph\">{\"@context\":\"https:\/\/schema.org\",\"@graph\":[{\"@type\":\"WebPage\",\"@id\":\"https:\/\/licnirazvoj.rs\/volim-sto-sam-rodila-bas-tebe-bas-takvu-takvog-biljana-grbovic-sve\/\",\"url\":\"https:\/\/licnirazvoj.rs\/volim-sto-sam-rodila-bas-tebe-bas-takvu-takvog-biljana-grbovic-sve\/\",\"name\":\"Volim \u0161to sam rodila ba\u0161 tebe, ba\u0161 takvu, takvog\",\"isPartOf\":{\"@id\":\"https:\/\/licnirazvoj.rs\/#website\"},\"primaryImageOfPage\":{\"@id\":\"https:\/\/licnirazvoj.rs\/volim-sto-sam-rodila-bas-tebe-bas-takvu-takvog-biljana-grbovic-sve\/#primaryimage\"},\"image\":{\"@id\":\"https:\/\/licnirazvoj.rs\/volim-sto-sam-rodila-bas-tebe-bas-takvu-takvog-biljana-grbovic-sve\/#primaryimage\"},\"thumbnailUrl\":\"https:\/\/licnirazvoj.rs\/wp-content\/uploads\/2021\/07\/volim-sto-sam-rodila-bas-tebe.jpeg\",\"datePublished\":\"2023-05-13T09:58:10+00:00\",\"dateModified\":\"2024-04-22T22:21:05+00:00\",\"description\":\"Priru\u010dnik za roditelje sa\u010dinjen isklju\u010divo od konkretnih re\u0161enja. Menjajte, preduzimajte\u2026 Poru\u010dite va\u0161 primerak priru\u010dnika za roditelje.\",\"breadcrumb\":{\"@id\":\"https:\/\/licnirazvoj.rs\/volim-sto-sam-rodila-bas-tebe-bas-takvu-takvog-biljana-grbovic-sve\/#breadcrumb\"},\"inLanguage\":\"ro-RO\",\"potentialAction\":[{\"@type\":\"ReadAction\",\"target\":[\"https:\/\/licnirazvoj.rs\/volim-sto-sam-rodila-bas-tebe-bas-takvu-takvog-biljana-grbovic-sve\/\"]}]},{\"@type\":\"ImageObject\",\"inLanguage\":\"ro-RO\",\"@id\":\"https:\/\/licnirazvoj.rs\/volim-sto-sam-rodila-bas-tebe-bas-takvu-takvog-biljana-grbovic-sve\/#primaryimage\",\"url\":\"https:\/\/licnirazvoj.rs\/wp-content\/uploads\/2021\/07\/volim-sto-sam-rodila-bas-tebe.jpeg\",\"contentUrl\":\"https:\/\/licnirazvoj.rs\/wp-content\/uploads\/2021\/07\/volim-sto-sam-rodila-bas-tebe.jpeg\",\"width\":1920,\"height\":1278,\"caption\":\"Priru\u010dnik za roditelje\"},{\"@type\":\"BreadcrumbList\",\"@id\":\"https:\/\/licnirazvoj.rs\/volim-sto-sam-rodila-bas-tebe-bas-takvu-takvog-biljana-grbovic-sve\/#breadcrumb\",\"itemListElement\":[{\"@type\":\"ListItem\",\"position\":1,\"name\":\"Po\u010detna\",\"item\":\"https:\/\/licnirazvoj.rs\/\"},{\"@type\":\"ListItem\",\"position\":2,\"name\":\"Volim \u0161to sam rodila ba\u0161 tebe, ba\u0161 takvu, takvog &#8211; Biljana Grbovi\u0107 &#8211; SVE\"}]},{\"@type\":\"WebSite\",\"@id\":\"https:\/\/licnirazvoj.rs\/#website\",\"url\":\"https:\/\/licnirazvoj.rs\/\",\"name\":\"Li\u010dni Razvoj - Biljana Grbovi\u0107\",\"description\":\"Udru\u017eenje roditelja Matica\",\"publisher\":{\"@id\":\"https:\/\/licnirazvoj.rs\/#\/schema\/person\/0773d084b790a9bb295bbf04f2e2fc9b\"},\"potentialAction\":[{\"@type\":\"SearchAction\",\"target\":{\"@type\":\"EntryPoint\",\"urlTemplate\":\"https:\/\/licnirazvoj.rs\/?s={search_term_string}\"},\"query-input\":\"required name=search_term_string\"}],\"inLanguage\":\"ro-RO\"},{\"@type\":[\"Person\",\"Organization\"],\"@id\":\"https:\/\/licnirazvoj.rs\/#\/schema\/person\/0773d084b790a9bb295bbf04f2e2fc9b\",\"name\":\"Biljana Grbovi\u0107\",\"image\":{\"@type\":\"ImageObject\",\"inLanguage\":\"ro-RO\",\"@id\":\"https:\/\/licnirazvoj.rs\/#\/schema\/person\/image\/\",\"url\":\"http:\/\/licnirazvoj.rs\/wp-content\/uploads\/2020\/08\/IBI_3240-795x530.jpg\",\"contentUrl\":\"http:\/\/licnirazvoj.rs\/wp-content\/uploads\/2020\/08\/IBI_3240-795x530.jpg\",\"width\":\"795\",\"height\":\"530\",\"caption\":\"Biljana Grbovi\u0107\"},\"logo\":{\"@id\":\"https:\/\/licnirazvoj.rs\/#\/schema\/person\/image\/\"},\"sameAs\":[\"http:\/\/licnirazvoj.rs\/\",\"https:\/\/www.facebook.com\/maticaudruzenjeroditelja\",\"https:\/\/www.instagram.com\/udruzenje_roditelja_matica\/\",\"https:\/\/www.youtube.com\/channel\/UCtoOPZc7FPAXLGna-JaofEQ\/\"]}]}<\/script>\n<!-- \/ Yoast SEO plugin. -->","yoast_head_json":{"title":"Volim \u0161to sam rodila ba\u0161 tebe, ba\u0161 takvu, takvog","description":"Priru\u010dnik za roditelje sa\u010dinjen isklju\u010divo od konkretnih re\u0161enja. Menjajte, preduzimajte\u2026 Poru\u010dite va\u0161 primerak priru\u010dnika za roditelje.","robots":{"index":"index","follow":"follow","max-snippet":"max-snippet:-1","max-image-preview":"max-image-preview:large","max-video-preview":"max-video-preview:-1"},"canonical":"https:\/\/licnirazvoj.rs\/ro\/volim-sto-sam-rodila-bas-tebe-bas-takvu-takvog-biljana-grbovic-sve\/","og_locale":"ro_RO","og_type":"article","og_title":"Volim \u0161to sam rodila ba\u0161 tebe, ba\u0161 takvu, takvog","og_description":"Priru\u010dnik za roditelje sa\u010dinjen isklju\u010divo od konkretnih re\u0161enja. Menjajte, preduzimajte\u2026 Poru\u010dite va\u0161 primerak priru\u010dnika za roditelje.","og_url":"https:\/\/licnirazvoj.rs\/ro\/volim-sto-sam-rodila-bas-tebe-bas-takvu-takvog-biljana-grbovic-sve\/","og_site_name":"Li\u010dni Razvoj - Biljana Grbovi\u0107","article_publisher":"https:\/\/www.facebook.com\/maticaudruzenjeroditelja","article_modified_time":"2024-04-22T22:21:05+00:00","og_image":[{"width":1920,"height":1278,"url":"https:\/\/licnirazvoj.rs\/wp-content\/uploads\/2021\/07\/volim-sto-sam-rodila-bas-tebe.jpeg","type":"image\/jpeg"}],"twitter_card":"summary_large_image","twitter_misc":{"Timp estimat pentru citire":"1 minut"},"schema":{"@context":"https:\/\/schema.org","@graph":[{"@type":"WebPage","@id":"https:\/\/licnirazvoj.rs\/volim-sto-sam-rodila-bas-tebe-bas-takvu-takvog-biljana-grbovic-sve\/","url":"https:\/\/licnirazvoj.rs\/volim-sto-sam-rodila-bas-tebe-bas-takvu-takvog-biljana-grbovic-sve\/","name":"Volim \u0161to sam rodila ba\u0161 tebe, ba\u0161 takvu, takvog","isPartOf":{"@id":"https:\/\/licnirazvoj.rs\/#website"},"primaryImageOfPage":{"@id":"https:\/\/licnirazvoj.rs\/volim-sto-sam-rodila-bas-tebe-bas-takvu-takvog-biljana-grbovic-sve\/#primaryimage"},"image":{"@id":"https:\/\/licnirazvoj.rs\/volim-sto-sam-rodila-bas-tebe-bas-takvu-takvog-biljana-grbovic-sve\/#primaryimage"},"thumbnailUrl":"https:\/\/licnirazvoj.rs\/wp-content\/uploads\/2021\/07\/volim-sto-sam-rodila-bas-tebe.jpeg","datePublished":"2023-05-13T09:58:10+00:00","dateModified":"2024-04-22T22:21:05+00:00","description":"Priru\u010dnik za roditelje sa\u010dinjen isklju\u010divo od konkretnih re\u0161enja. Menjajte, preduzimajte\u2026 Poru\u010dite va\u0161 primerak priru\u010dnika za roditelje.","breadcrumb":{"@id":"https:\/\/licnirazvoj.rs\/volim-sto-sam-rodila-bas-tebe-bas-takvu-takvog-biljana-grbovic-sve\/#breadcrumb"},"inLanguage":"ro-RO","potentialAction":[{"@type":"ReadAction","target":["https:\/\/licnirazvoj.rs\/volim-sto-sam-rodila-bas-tebe-bas-takvu-takvog-biljana-grbovic-sve\/"]}]},{"@type":"ImageObject","inLanguage":"ro-RO","@id":"https:\/\/licnirazvoj.rs\/volim-sto-sam-rodila-bas-tebe-bas-takvu-takvog-biljana-grbovic-sve\/#primaryimage","url":"https:\/\/licnirazvoj.rs\/wp-content\/uploads\/2021\/07\/volim-sto-sam-rodila-bas-tebe.jpeg","contentUrl":"https:\/\/licnirazvoj.rs\/wp-content\/uploads\/2021\/07\/volim-sto-sam-rodila-bas-tebe.jpeg","width":1920,"height":1278,"caption":"Priru\u010dnik za roditelje"},{"@type":"BreadcrumbList","@id":"https:\/\/licnirazvoj.rs\/volim-sto-sam-rodila-bas-tebe-bas-takvu-takvog-biljana-grbovic-sve\/#breadcrumb","itemListElement":[{"@type":"ListItem","position":1,"name":"Po\u010detna","item":"https:\/\/licnirazvoj.rs\/"},{"@type":"ListItem","position":2,"name":"Volim \u0161to sam rodila ba\u0161 tebe, ba\u0161 takvu, takvog &#8211; Biljana Grbovi\u0107 &#8211; SVE"}]},{"@type":"WebSite","@id":"https:\/\/licnirazvoj.rs\/#website","url":"https:\/\/licnirazvoj.rs\/","name":"Li\u010dni Razvoj - Biljana Grbovi\u0107","description":"Udru\u017eenje roditelja Matica","publisher":{"@id":"https:\/\/licnirazvoj.rs\/#\/schema\/person\/0773d084b790a9bb295bbf04f2e2fc9b"},"potentialAction":[{"@type":"SearchAction","target":{"@type":"EntryPoint","urlTemplate":"https:\/\/licnirazvoj.rs\/?s={search_term_string}"},"query-input":"required name=search_term_string"}],"inLanguage":"ro-RO"},{"@type":["Person","Organization"],"@id":"https:\/\/licnirazvoj.rs\/#\/schema\/person\/0773d084b790a9bb295bbf04f2e2fc9b","name":"Biljana Grbovi\u0107","image":{"@type":"ImageObject","inLanguage":"ro-RO","@id":"https:\/\/licnirazvoj.rs\/#\/schema\/person\/image\/","url":"http:\/\/licnirazvoj.rs\/wp-content\/uploads\/2020\/08\/IBI_3240-795x530.jpg","contentUrl":"http:\/\/licnirazvoj.rs\/wp-content\/uploads\/2020\/08\/IBI_3240-795x530.jpg","width":"795","height":"530","caption":"Biljana Grbovi\u0107"},"logo":{"@id":"https:\/\/licnirazvoj.rs\/#\/schema\/person\/image\/"},"sameAs":["http:\/\/licnirazvoj.rs\/","https:\/\/www.facebook.com\/maticaudruzenjeroditelja","https:\/\/www.instagram.com\/udruzenje_roditelja_matica\/","https:\/\/www.youtube.com\/channel\/UCtoOPZc7FPAXLGna-JaofEQ\/"]}]}},"_links":{"self":[{"href":"https:\/\/licnirazvoj.rs\/ro\/wp-json\/wp\/v2\/pages\/5152","targetHints":{"allow":["GET"]}}],"collection":[{"href":"https:\/\/licnirazvoj.rs\/ro\/wp-json\/wp\/v2\/pages"}],"about":[{"href":"https:\/\/licnirazvoj.rs\/ro\/wp-json\/wp\/v2\/types\/page"}],"author":[{"embeddable":true,"href":"https:\/\/licnirazvoj.rs\/ro\/wp-json\/wp\/v2\/users\/2"}],"replies":[{"embeddable":true,"href":"https:\/\/licnirazvoj.rs\/ro\/wp-json\/wp\/v2\/comments?post=5152"}],"version-history":[{"count":5,"href":"https:\/\/licnirazvoj.rs\/ro\/wp-json\/wp\/v2\/pages\/5152\/revisions"}],"predecessor-version":[{"id":5458,"href":"https:\/\/licnirazvoj.rs\/ro\/wp-json\/wp\/v2\/pages\/5152\/revisions\/5458"}],"wp:featuredmedia":[{"embeddable":true,"href":"https:\/\/licnirazvoj.rs\/ro\/wp-json\/wp\/v2\/media\/4259"}],"wp:attachment":[{"href":"https:\/\/licnirazvoj.rs\/ro\/wp-json\/wp\/v2\/media?parent=5152"}],"curies":[{"name":"wp","href":"https:\/\/api.w.org\/{rel}","templated":true}]}}