{"id":5217,"date":"2024-04-23T00:09:16","date_gmt":"2024-04-22T22:09:16","guid":{"rendered":"http:\/\/licnirazvoj.rs\/?page_id=5217"},"modified":"2025-04-16T19:44:30","modified_gmt":"2025-04-16T17:44:30","slug":"sunt-fericita-ca-te-am-nascut-pe-tine-chiar-asa-cum-esti-biljana-grbovic-ro","status":"publish","type":"page","link":"https:\/\/licnirazvoj.rs\/ro\/sunt-fericita-ca-te-am-nascut-pe-tine-chiar-asa-cum-esti-biljana-grbovic-ro\/","title":{"rendered":"Sunt fericit\u0103 c\u0103 te-am n\u0103scut pe tine, chiar a\u0219a cum e\u0219ti &#8211; Biljana Grbovi\u0107 &#8211; RO"},"content":{"rendered":"<div class=\"wpb-content-wrapper\"><p>[vc_section full_width=&#8221;stretch_row&#8221; css=&#8221;.vc_custom_1628854099783{margin-top: 0px !important;padding-bottom: 40px !important;background-color: #b16fb2 !important;}&#8221;][vc_row css=&#8221;.vc_custom_1611152746880{margin-bottom: 0px !important;padding-top: 0px !important;padding-bottom: 0px !important;}&#8221;][vc_column][vc_column_text]<\/p>\n<h1 style=\"text-align: center;\">Sunt fericit\u0103 c\u0103 te-am n\u0103scut pe tine, chiar a\u0219a cum e\u0219ti<\/h1>\n<p>[\/vc_column_text][\/vc_column][\/vc_row][\/vc_section][vc_row css=&#8221;.vc_custom_1619011990158{border-bottom-width: 20px !important;padding-top: 20px !important;}&#8221;][vc_column][vc_custom_heading text=&#8221;\u00cenv\u0103\u021ba\u021bi s\u0103 educa\u021bi f\u0103r\u0103 critici!&#8221; font_container=&#8221;tag:h2|text_align:center&#8221; use_theme_fonts=&#8221;yes&#8221; css=&#8221;.vc_custom_1697373567209{margin-top: 20px !important;margin-bottom: 20px !important;}&#8221; sep_position=&#8221;bottom&#8221; sep_aligment=&#8221;center&#8221; icon_hc=&#8221;hc-icon-smile&#8221; icon_size=&#8221;20px&#8221; link=&#8221;|||&#8221; sep_spacing_top=&#8221;14px&#8221; icon_color=&#8221;#ffa011&#8243;][vc_row_inner css=&#8221;.vc_custom_1647004688400{margin-bottom: 40px !important;}&#8221;][vc_column_inner width=&#8221;1\/2&#8243;][vc_raw_html css=&#8221;&#8221;]JTNDaWZyYW1lJTIwc3R5bGUlM0QlMjJ3aWR0aCUzQTEwMCUyNSUzQmFzcGVjdC1yYXRpbyUzQTE2JTJGOSUzQiUyMiUyMHNyYyUzRCUyMmh0dHBzJTNBJTJGJTJGd3d3LnlvdXR1YmUuY29tJTJGZW1iZWQlMkZ4Q2xnRDNYRTZvdyUzRmhsJTNEcm8lMjZjY19sb2FkX3BvbGljeSUzRDElMjZjY19sYW5nX3ByZWYlM0RybyUyMiUyMGFsbG93ZnVsbHNjcmVlbiUzRSUwQSUzQyUyRmlmcmFtZSUzRQ==[\/vc_raw_html][\/vc_column_inner][vc_column_inner width=&#8221;1\/2&#8243; css=&#8221;.vc_custom_1647006273640{margin-top: 30px !important;}&#8221;][vc_column_text css=&#8221;.vc_custom_1697374330700{margin-top: 30px !important;margin-left: 20px !important;}&#8221;]<\/p>\n<h4>S\u0103 \u0219ti\u021bi exact cum s\u0103 v\u0103 pozi\u021biona\u021bi \u00een situa\u021biile \u00een care copilul d-voastr\u0103 nu \u00eenva\u021b\u0103, nu \u00ee\u0219i str\u00e2nge lucrurile, c\u00e2nd st\u0103 prea mult la telefon, se culc\u0103 t\u00e2rziu, nu \u0219tie s\u0103 se descurce \u00een societate, este insolent\u2026<\/h4>\n<p>[\/vc_column_text][vc_btn title=&#8221;Comanda\u021bi exemplarul dvs.&#8221; shape=&#8221;round&#8221; color=&#8221;warning&#8221; size=&#8221;lg&#8221; align=&#8221;center&#8221; i_icon_fontawesome=&#8221;fas fa-mouse-pointer&#8221; add_icon=&#8221;true&#8221; link=&#8221;url:%23order&#8221;][\/vc_column_inner][\/vc_row_inner][\/vc_column][\/vc_row][vc_section css=&#8221;.vc_custom_1629375020158{padding-top: 20px !important;padding-bottom: 40px !important;}&#8221;][vc_row][vc_column width=&#8221;1\/6&#8243; css=&#8221;.vc_custom_1625223183067{margin-top: -10px !important;}&#8221;][\/vc_column][vc_column width=&#8221;2\/3&#8243;][vc_custom_heading text=&#8221;Face\u021bi-v\u0103 copilul s\u0103 se simt\u0103 iubit \u0219i puternic, av\u00e2nd \u00een acela\u0219i timp deprinderi de munc\u0103 \u0219i autodisciplin\u0103!&#8221; font_container=&#8221;tag:h2|text_align:center&#8221; use_theme_fonts=&#8221;yes&#8221; css=&#8221;.vc_custom_1697374752950{margin-top: 0px !important;margin-bottom: 20px !important;}&#8221; sep_position=&#8221;bottom&#8221; sep_aligment=&#8221;center&#8221; icon_hc=&#8221;hc-icon-smile&#8221; icon_size=&#8221;17px&#8221; link=&#8221;|||&#8221; sep_spacing_top=&#8221;14px&#8221; icon_color=&#8221;#ffa011&#8243;][\/vc_column][vc_column width=&#8221;1\/6&#8243;][\/vc_column][\/vc_row][vc_row][vc_column css=&#8221;.vc_custom_1618999080134{padding-top: 30px !important;}&#8221;][vc_tta_tabs shape=&#8221;round&#8221; color=&#8221;purple&#8221; spacing=&#8221;35&#8243; alignment=&#8221;center&#8221; active_section=&#8221;1&#8243;][vc_tta_section title=&#8221;Cuprins detaliat&#8221; tab_id=&#8221;1628848276233-3ff72b56-2530&#8243;][vc_row_inner][vc_column_inner width=&#8221;1\/3&#8243;][vc_column_text]<span style=\"color: #993366;\"><strong><u>\u00ceNTREB\u0102RILE ESEN\u021aIALE ALE P\u0102RIN\u021aILOR<\/u><\/strong><\/span><\/p>\n<p><strong>CUM S\u0102:<\/strong><\/p>\n<ul>\n<li>hr\u0103nesc sufletul copilului<\/li>\n<li>\u00eel educ f\u0103r\u0103 s\u0103-l critic<\/li>\n<li>fie pedeapsa un act de iubire<\/li>\n<li>dezvolt \u00eencrederea \u00een sine la copil<\/li>\n<li>\u00eenve\u021be copilul meu s\u0103 iubeasc\u0103 \u0219i s\u0103 se accepte pe sine<\/li>\n<li>cred c\u0103 e posibil\u0103 o schimbare la copilul meu<\/li>\n<li>dezvolt rela\u021bii calde \u0219i apropiate cu copiii<\/li>\n<li>adopte copilul adev\u0103ratul sistem de valori<\/li>\n<li>aib\u0103 \u00eencredere copilul meu, \u00een cel mai larg sens al cuv\u00e2ntului<\/li>\n<\/ul>\n<p>[\/vc_column_text][\/vc_column_inner][vc_column_inner width=&#8221;1\/3&#8243;][vc_column_text]<span style=\"color: #993366;\"><strong><u>SOLU\u021aII CONCRETE DE DISCIPLINARE<\/u><\/strong><\/span><\/p>\n<p><strong>CUM S\u0102:<\/strong><\/p>\n<ul>\n<li>\u00eenv\u0103\u021b copilul s\u0103 foloseasc\u0103 tehnologia cu modera\u021bie<\/li>\n<li>opresc drama dup\u0103 confiscarea telefonului<\/li>\n<li>\u00eenv\u0103\u021b copilul s\u0103 se joace singur<\/li>\n<li>fie copilul meu preg\u0103tit pentru dificult\u0103\u021bi \u0219i s\u0103 \u00eenva\u021be s\u0103 a\u0219tepte<\/li>\n<li>fie copilul meu un elev independent<\/li>\n<li>reac\u021bioneze copilul meu imediat<\/li>\n<li>m\u0103n\u00e2nce o hran\u0103 variat\u0103<\/li>\n<li>\u00eenv\u0103\u021b copilul s\u0103 fac\u0103 treburi casnice<\/li>\n<li>\u00eenv\u0103\u021b copilul s\u0103 nu r\u0103spund\u0103 ur\u00e2t \u0219i s\u0103 nu fie insolent<\/li>\n<li>\u00eenv\u0103\u021b copilul s\u0103 se trezeasc\u0103 \u0219i s\u0103 se culce la timp<\/li>\n<li>procedez atunci c\u00e2nd copilul insist\u0103 s\u0103 i se cumpere ceva<\/li>\n<li>g\u0103sesc timp pentru copilul mai mare c\u00e2nd se na\u0219te cel mic<\/li>\n<\/ul>\n<p>[\/vc_column_text][\/vc_column_inner][vc_column_inner width=&#8221;1\/3&#8243;][vc_column_text]<span style=\"color: #993366;\"><strong><u>SOCIALIZAREA COPILULUI<\/u><\/strong><\/span><\/p>\n<p><strong>CUM S\u0102:<\/strong><\/p>\n<ul>\n<li>fie copilul meu puternic din punct de vedere social<\/li>\n<li>\u00ee\u0219i aleag\u0103 o companie bun\u0103<\/li>\n<li>reac\u021bionez c\u00e2nd copiii mei, fra\u021bii \u0219i surorile, se ceart\u0103<\/li>\n<\/ul>\n<p>[\/vc_column_text][\/vc_column_inner][\/vc_row_inner][\/vc_tta_section][vc_tta_section title=&#8221;Galerie&#8221; tab_id=&#8221;1628848414071-406a35b4-4f40&#8243;][vc_row_inner][vc_column_inner width=&#8221;1\/3&#8243;][vc_single_image image=&#8221;5535&#8243; img_size=&#8221;full&#8221; css=&#8221;&#8221;][\/vc_column_inner][vc_column_inner width=&#8221;1\/3&#8243;][vc_single_image image=&#8221;5536&#8243; img_size=&#8221;full&#8221; css=&#8221;&#8221;][\/vc_column_inner][vc_column_inner width=&#8221;1\/3&#8243;][vc_single_image image=&#8221;5537&#8243; img_size=&#8221;full&#8221; css=&#8221;&#8221;][\/vc_column_inner][\/vc_row_inner][\/vc_tta_section][vc_tta_section title=&#8221;R\u0103sfoie\u0219te cartea&#8221; tab_id=&#8221;1634843645712-998d1ef6-21b5&#8243;][vc_row_inner][vc_column_inner][vc_video link=&#8221;https:\/\/www.youtube.com\/watch?v=lHD8jIiU1zw&#8221; el_width=&#8221;70&#8243; align=&#8221;center&#8221; css=&#8221;.vc_custom_1713356004323{margin-top: -20px !important;padding-top: 0px !important;}&#8221;][\/vc_column_inner][\/vc_row_inner][\/vc_tta_section][\/vc_tta_tabs][\/vc_column][\/vc_row][\/vc_section][vc_section full_width=&#8221;stretch_row&#8221; css=&#8221;.vc_custom_1628855107517{margin-right: 20px !important;margin-left: 20px !important;background-color: #b16fb2 !important;border-radius: 3px !important;}&#8221;][vc_row][vc_column][vc_custom_heading text=&#8221;Impresii \u0219i recomand\u0103ri&#8221; font_container=&#8221;tag:h2|text_align:center|color:%23ffffff&#8221; use_theme_fonts=&#8221;yes&#8221; css=&#8221;.vc_custom_1697380333643{margin-top: 25px !important;margin-bottom: 20px !important;}&#8221; sep_position=&#8221;bottom&#8221; sep_aligment=&#8221;center&#8221; icon_hc=&#8221;hc-icon-smile&#8221; icon_size=&#8221;17px&#8221; link=&#8221;|||&#8221; sep_spacing_top=&#8221;14px&#8221; icon_color=&#8221;#ffa011&#8243;][\/vc_column][\/vc_row][vc_row gap=&#8221;30&#8243;][vc_column width=&#8221;1\/3&#8243;][vc_single_image image=&#8221;5446&#8243; img_size=&#8221;full&#8221;][vc_single_image image=&#8221;5447&#8243; img_size=&#8221;full&#8221;][\/vc_column][vc_column width=&#8221;1\/3&#8243;][vc_single_image image=&#8221;5448&#8243; img_size=&#8221;full&#8221;][vc_single_image image=&#8221;5449&#8243; img_size=&#8221;full&#8221;][\/vc_column][vc_column width=&#8221;1\/3&#8243;][vc_single_image image=&#8221;5450&#8243; img_size=&#8221;full&#8221;][\/vc_column][\/vc_row][\/vc_section][vc_section full_width=&#8221;stretch_row&#8221; css=&#8221;.vc_custom_1628858645117{margin-right: 20px !important;margin-left: 20px !important;padding-top: 40px !important;padding-bottom: 40px !important;background-color: #b16fb2 !important;}&#8221; el_id=&#8221;order&#8221;][vc_row content_placement=&#8221;middle&#8221; css=&#8221;.vc_custom_1617360814224{margin-top: 0px !important;margin-bottom: 0px !important;}&#8221;][vc_column width=&#8221;2\/3&#8243;][vc_column_text css=&#8221;.vc_custom_1697382679259{margin-top: 25px !important;}&#8221;]<\/p>\n<h2 style=\"text-align: center;\"><span style=\"color: #ffffff;\">Comanda\u021bi exemplarul dvs!<\/span><\/h2>\n<p>[\/vc_column_text][vc_column_text css=&#8221;.vc_custom_1744754161476{padding-bottom: 40px !important;}&#8221;]<\/p>\n<p style=\"text-align: center;\"><span style=\"color: #ffffff;\">Completa\u021bi datele \u0219i face\u021bi comanda exemplarului dvs. al manualului pentru p\u0103rin\u021bi.<\/span><\/p>\n<p style=\"text-align: center;\"><span style=\"color: #ffffff;\">Pre\u021bul c\u0103r\u021bii + serviciile po\u0219tale, deci, total <span style=\"color: #ffffff; font-size: 22px;\"><strong>65 RON<\/strong><\/span>.<\/span><\/p>\n<p>[\/vc_column_text][vc_single_image image=&#8221;5607&#8243; img_size=&#8221;432&#215;600&#8243; alignment=&#8221;center&#8221; css=&#8221;&#8221;][vc_column_text css=&#8221;.vc_custom_1697382909848{padding-bottom: 40px !important;}&#8221;]<\/p>\n<p style=\"text-align: center;\"><span style=\"color: #ffffff;\">Plata se face la ridicare.<\/span><\/p>\n<p>[\/vc_column_text][\/vc_column][vc_column width=&#8221;1\/3&#8243; css=&#8221;.vc_custom_1628846448576{margin-top: 50px !important;padding-top: 20px !important;padding-right: 5px !important;padding-bottom: 20px !important;padding-left: 0px !important;background-color: #ffffff !important;}&#8221;][vc_raw_html css=&#8221;.vc_custom_1697383540145{margin-bottom: 5px !important;border-bottom-width: 5px !important;padding-bottom: 5px !important;padding-left: 30px !important;}&#8221;]JTVCZm9ybWluYXRvcl9mb3JtJTIwaWQlM0QlMjI1MjIxJTIyJTVE[\/vc_raw_html][\/vc_column][\/vc_row][\/vc_section][vc_section css=&#8221;.vc_custom_1628848580276{margin-top: 40px !important;margin-right: 20px !important;margin-bottom: 40px !important;margin-left: 20px !important;}&#8221;][vc_row css=&#8221;.vc_custom_1557741467954{padding-top: 10px !important;}&#8221;][vc_column width=&#8221;1\/3&#8243; css=&#8221;.vc_custom_1625221905882{margin-top: 30px !important;}&#8221;][vc_custom_heading text=&#8221;Despre autoare:&#8221; font_container=&#8221;tag:h2|text_align:center&#8221; use_theme_fonts=&#8221;yes&#8221; sep_position=&#8221;bottom&#8221; icon_hc=&#8221;hc-icon-smile&#8221; icon_color=&#8221;#ffa011&#8243; icon_size=&#8221;17px&#8221; sep_spacing_top=&#8221;14px&#8221;][vc_single_image image=&#8221;4899&#8243; img_size=&#8221;large&#8221; style=&#8221;vc_box_border_circle_2&#8243; css=&#8221;.vc_custom_1674652655417{margin-top: 30px !important;}&#8221;][\/vc_column][vc_column width=&#8221;2\/3&#8243; css=&#8221;.vc_custom_1625221940931{margin-top: 30px !important;}&#8221;][vc_column_text]Din ce cauz\u0103 am hot\u0103r\u00e2t s\u0103 m\u0103 ocup de parentalitate:<\/p>\n<ul>\n<li>pentru c\u0103 \u00eemi doresc ca, copiii mei s\u0103 tr\u0103iasc\u0103 \u00eentr-un mediu c\u00e2t mai s\u0103n\u0103tos posibil, s\u0103 aib\u0103 prieteni, colegi \u0219i parteneri buni,<\/li>\n<li>pentru c\u0103 cred c\u0103 ceea ce \u0219tiu este un dar pe care am obliga\u021bia s\u0103-l \u00eemp\u0103rt\u0103\u0219esc,<\/li>\n<li>pentru c\u0103 mi-am verificat \u00een practic\u0103 atitudinile \u0219i cuno\u0219tin\u021bele \u00een cincisprezece ani de practic\u0103 \u0219colar\u0103 \u0219i parentalitate tripl\u0103,<\/li>\n<li>pentru c\u0103 \u0219tiu c\u0103 tot ceea ce facem este \u00een zadar dac\u0103 cre\u0219tem genera\u021bii incapabile,<\/li>\n<li>jpentru c\u0103 \u00eenc\u0103 din copil\u0103rie \u0219tiam c\u0103 parentalitatea este domeniul care din punct de vedere intelectual, emo\u021bional \u0219i spiritual se potrive\u0219te cel mai mult fiin\u021bei mele,<\/li>\n<li>pentru c\u0103 \u00eemi place s\u0103 ajut \u0219i s\u0103 contribui!<\/li>\n<\/ul>\n<p>Biljana Grbovi\u0107<\/p>\n<p>Pute\u021bi afla mai multe despre autor pe site <a href=\"http:\/\/licnirazvoj.rs\/o-meni\/\" target=\"_blank\" rel=\"noopener\">licnirazvoj.rs<\/a> sau pe pagina de Facebook <a href=\"https:\/\/www.facebook.com\/maticaudruzenjeroditelja\" target=\"_blank\" rel=\"noopener\">Asocia\u021bii de p\u0103rin\u021bi Matica<\/a>.[\/vc_column_text][\/vc_column][\/vc_row][\/vc_section]<\/p>\n<\/div>","protected":false},"excerpt":{"rendered":"<p>[vc_section full_width=&#8221;stretch_row&#8221; css=&#8221;.vc_custom_1628854099783{margin-top: 0px !important;padding-bottom: 40px !important;background-color: #b16fb2 !important;}&#8221;][vc_row css=&#8221;.vc_custom_1611152746880{margin-bottom: 0px !important;padding-top: 0px !important;padding-bottom: 0px&#8230;<\/p>\n","protected":false},"author":2,"featured_media":5466,"parent":0,"menu_order":0,"comment_status":"closed","ping_status":"closed","template":"","meta":{"_monsterinsights_skip_tracking":false,"_monsterinsights_sitenote_active":false,"_monsterinsights_sitenote_note":"","_monsterinsights_sitenote_category":0,"footnotes":""},"class_list":["post-5217","page","type-page","status-publish","has-post-thumbnail","hentry"],"yoast_head":"<!-- This site is optimized with the Yoast SEO plugin v23.3 - https:\/\/yoast.com\/wordpress\/plugins\/seo\/ -->\n<title>Sunt fericit\u0103 c\u0103 te-am n\u0103scut pe tine, chiar a\u0219a cum e\u0219ti<\/title>\n<meta name=\"description\" content=\"Un manual pentru p\u0103rin\u021bi compus exclusiv din solu\u021bii concrete. Schimba\u021bi, lua\u021bi m\u0103suri... Comanda\u021bi copia manualului pentru p\u0103rin\u021bi.\" \/>\n<meta name=\"robots\" content=\"index, follow, max-snippet:-1, max-image-preview:large, max-video-preview:-1\" \/>\n<link rel=\"canonical\" href=\"https:\/\/licnirazvoj.rs\/ro\/sunt-fericita-ca-te-am-nascut-pe-tine-chiar-asa-cum-esti-biljana-grbovic-ro\/\" \/>\n<meta property=\"og:locale\" content=\"ro_RO\" \/>\n<meta property=\"og:locale:alternate\" content=\"sr_RS\" \/>\n<meta property=\"og:type\" content=\"article\" \/>\n<meta property=\"og:title\" content=\"Sunt fericit\u0103 c\u0103 te-am n\u0103scut pe tine, chiar a\u0219a cum e\u0219ti\" \/>\n<meta property=\"og:description\" content=\"Un manual pentru p\u0103rin\u021bi compus exclusiv din solu\u021bii concrete. Schimba\u021bi, lua\u021bi m\u0103suri... Comanda\u021bi copia manualului pentru p\u0103rin\u021bi.\" \/>\n<meta property=\"og:url\" content=\"https:\/\/licnirazvoj.rs\/ro\/sunt-fericita-ca-te-am-nascut-pe-tine-chiar-asa-cum-esti-biljana-grbovic-ro\/\" \/>\n<meta property=\"og:site_name\" content=\"Li\u010dni Razvoj - Biljana Grbovi\u0107\" \/>\n<meta property=\"article:publisher\" content=\"https:\/\/www.facebook.com\/maticaudruzenjeroditelja\" \/>\n<meta property=\"article:modified_time\" content=\"2025-04-16T17:44:30+00:00\" \/>\n<meta property=\"og:image\" content=\"https:\/\/licnirazvoj.rs\/wp-content\/uploads\/2024\/04\/seo-lat-ro.webp\" \/>\n\t<meta property=\"og:image:width\" content=\"1920\" \/>\n\t<meta property=\"og:image:height\" content=\"1507\" \/>\n\t<meta property=\"og:image:type\" content=\"image\/webp\" \/>\n<meta name=\"twitter:card\" content=\"summary_large_image\" \/>\n<meta name=\"twitter:label1\" content=\"Timp estimat pentru citire\" \/>\n\t<meta name=\"twitter:data1\" content=\"7 minute\" \/>\n<script type=\"application\/ld+json\" class=\"yoast-schema-graph\">{\"@context\":\"https:\/\/schema.org\",\"@graph\":[{\"@type\":\"WebPage\",\"@id\":\"https:\/\/licnirazvoj.rs\/sunt-fericita-ca-te-am-nascut-pe-tine-chiar-asa-cum-esti-biljana-grbovic-ro\/\",\"url\":\"https:\/\/licnirazvoj.rs\/sunt-fericita-ca-te-am-nascut-pe-tine-chiar-asa-cum-esti-biljana-grbovic-ro\/\",\"name\":\"Sunt fericit\u0103 c\u0103 te-am n\u0103scut pe tine, chiar a\u0219a cum e\u0219ti\",\"isPartOf\":{\"@id\":\"https:\/\/licnirazvoj.rs\/#website\"},\"primaryImageOfPage\":{\"@id\":\"https:\/\/licnirazvoj.rs\/sunt-fericita-ca-te-am-nascut-pe-tine-chiar-asa-cum-esti-biljana-grbovic-ro\/#primaryimage\"},\"image\":{\"@id\":\"https:\/\/licnirazvoj.rs\/sunt-fericita-ca-te-am-nascut-pe-tine-chiar-asa-cum-esti-biljana-grbovic-ro\/#primaryimage\"},\"thumbnailUrl\":\"https:\/\/licnirazvoj.rs\/wp-content\/uploads\/2024\/04\/seo-lat-ro.webp\",\"datePublished\":\"2024-04-22T22:09:16+00:00\",\"dateModified\":\"2025-04-16T17:44:30+00:00\",\"description\":\"Un manual pentru p\u0103rin\u021bi compus exclusiv din solu\u021bii concrete. Schimba\u021bi, lua\u021bi m\u0103suri... Comanda\u021bi copia manualului pentru p\u0103rin\u021bi.\",\"breadcrumb\":{\"@id\":\"https:\/\/licnirazvoj.rs\/sunt-fericita-ca-te-am-nascut-pe-tine-chiar-asa-cum-esti-biljana-grbovic-ro\/#breadcrumb\"},\"inLanguage\":\"ro-RO\",\"potentialAction\":[{\"@type\":\"ReadAction\",\"target\":[\"https:\/\/licnirazvoj.rs\/sunt-fericita-ca-te-am-nascut-pe-tine-chiar-asa-cum-esti-biljana-grbovic-ro\/\"]}]},{\"@type\":\"ImageObject\",\"inLanguage\":\"ro-RO\",\"@id\":\"https:\/\/licnirazvoj.rs\/sunt-fericita-ca-te-am-nascut-pe-tine-chiar-asa-cum-esti-biljana-grbovic-ro\/#primaryimage\",\"url\":\"https:\/\/licnirazvoj.rs\/wp-content\/uploads\/2024\/04\/seo-lat-ro.webp\",\"contentUrl\":\"https:\/\/licnirazvoj.rs\/wp-content\/uploads\/2024\/04\/seo-lat-ro.webp\",\"width\":1920,\"height\":1507},{\"@type\":\"BreadcrumbList\",\"@id\":\"https:\/\/licnirazvoj.rs\/sunt-fericita-ca-te-am-nascut-pe-tine-chiar-asa-cum-esti-biljana-grbovic-ro\/#breadcrumb\",\"itemListElement\":[{\"@type\":\"ListItem\",\"position\":1,\"name\":\"Po\u010detna\",\"item\":\"https:\/\/licnirazvoj.rs\/\"},{\"@type\":\"ListItem\",\"position\":2,\"name\":\"Sunt fericit\u0103 c\u0103 te-am n\u0103scut pe tine, chiar a\u0219a cum e\u0219ti &#8211; Biljana Grbovi\u0107 &#8211; RO\"}]},{\"@type\":\"WebSite\",\"@id\":\"https:\/\/licnirazvoj.rs\/#website\",\"url\":\"https:\/\/licnirazvoj.rs\/\",\"name\":\"Li\u010dni Razvoj - Biljana Grbovi\u0107\",\"description\":\"Udru\u017eenje roditelja Matica\",\"publisher\":{\"@id\":\"https:\/\/licnirazvoj.rs\/#\/schema\/person\/0773d084b790a9bb295bbf04f2e2fc9b\"},\"potentialAction\":[{\"@type\":\"SearchAction\",\"target\":{\"@type\":\"EntryPoint\",\"urlTemplate\":\"https:\/\/licnirazvoj.rs\/?s={search_term_string}\"},\"query-input\":\"required name=search_term_string\"}],\"inLanguage\":\"ro-RO\"},{\"@type\":[\"Person\",\"Organization\"],\"@id\":\"https:\/\/licnirazvoj.rs\/#\/schema\/person\/0773d084b790a9bb295bbf04f2e2fc9b\",\"name\":\"Biljana Grbovi\u0107\",\"image\":{\"@type\":\"ImageObject\",\"inLanguage\":\"ro-RO\",\"@id\":\"https:\/\/licnirazvoj.rs\/#\/schema\/person\/image\/\",\"url\":\"http:\/\/licnirazvoj.rs\/wp-content\/uploads\/2020\/08\/IBI_3240-795x530.jpg\",\"contentUrl\":\"http:\/\/licnirazvoj.rs\/wp-content\/uploads\/2020\/08\/IBI_3240-795x530.jpg\",\"width\":\"795\",\"height\":\"530\",\"caption\":\"Biljana Grbovi\u0107\"},\"logo\":{\"@id\":\"https:\/\/licnirazvoj.rs\/#\/schema\/person\/image\/\"},\"sameAs\":[\"http:\/\/licnirazvoj.rs\/\",\"https:\/\/www.facebook.com\/maticaudruzenjeroditelja\",\"https:\/\/www.instagram.com\/udruzenje_roditelja_matica\/\",\"https:\/\/www.youtube.com\/channel\/UCtoOPZc7FPAXLGna-JaofEQ\/\"]}]}<\/script>\n<!-- \/ Yoast SEO plugin. -->","yoast_head_json":{"title":"Sunt fericit\u0103 c\u0103 te-am n\u0103scut pe tine, chiar a\u0219a cum e\u0219ti","description":"Un manual pentru p\u0103rin\u021bi compus exclusiv din solu\u021bii concrete. Schimba\u021bi, lua\u021bi m\u0103suri... Comanda\u021bi copia manualului pentru p\u0103rin\u021bi.","robots":{"index":"index","follow":"follow","max-snippet":"max-snippet:-1","max-image-preview":"max-image-preview:large","max-video-preview":"max-video-preview:-1"},"canonical":"https:\/\/licnirazvoj.rs\/ro\/sunt-fericita-ca-te-am-nascut-pe-tine-chiar-asa-cum-esti-biljana-grbovic-ro\/","og_locale":"ro_RO","og_type":"article","og_title":"Sunt fericit\u0103 c\u0103 te-am n\u0103scut pe tine, chiar a\u0219a cum e\u0219ti","og_description":"Un manual pentru p\u0103rin\u021bi compus exclusiv din solu\u021bii concrete. Schimba\u021bi, lua\u021bi m\u0103suri... Comanda\u021bi copia manualului pentru p\u0103rin\u021bi.","og_url":"https:\/\/licnirazvoj.rs\/ro\/sunt-fericita-ca-te-am-nascut-pe-tine-chiar-asa-cum-esti-biljana-grbovic-ro\/","og_site_name":"Li\u010dni Razvoj - Biljana Grbovi\u0107","article_publisher":"https:\/\/www.facebook.com\/maticaudruzenjeroditelja","article_modified_time":"2025-04-16T17:44:30+00:00","og_image":[{"width":1920,"height":1507,"url":"https:\/\/licnirazvoj.rs\/wp-content\/uploads\/2024\/04\/seo-lat-ro.webp","type":"image\/webp"}],"twitter_card":"summary_large_image","twitter_misc":{"Timp estimat pentru citire":"7 minute"},"schema":{"@context":"https:\/\/schema.org","@graph":[{"@type":"WebPage","@id":"https:\/\/licnirazvoj.rs\/sunt-fericita-ca-te-am-nascut-pe-tine-chiar-asa-cum-esti-biljana-grbovic-ro\/","url":"https:\/\/licnirazvoj.rs\/sunt-fericita-ca-te-am-nascut-pe-tine-chiar-asa-cum-esti-biljana-grbovic-ro\/","name":"Sunt fericit\u0103 c\u0103 te-am n\u0103scut pe tine, chiar a\u0219a cum e\u0219ti","isPartOf":{"@id":"https:\/\/licnirazvoj.rs\/#website"},"primaryImageOfPage":{"@id":"https:\/\/licnirazvoj.rs\/sunt-fericita-ca-te-am-nascut-pe-tine-chiar-asa-cum-esti-biljana-grbovic-ro\/#primaryimage"},"image":{"@id":"https:\/\/licnirazvoj.rs\/sunt-fericita-ca-te-am-nascut-pe-tine-chiar-asa-cum-esti-biljana-grbovic-ro\/#primaryimage"},"thumbnailUrl":"https:\/\/licnirazvoj.rs\/wp-content\/uploads\/2024\/04\/seo-lat-ro.webp","datePublished":"2024-04-22T22:09:16+00:00","dateModified":"2025-04-16T17:44:30+00:00","description":"Un manual pentru p\u0103rin\u021bi compus exclusiv din solu\u021bii concrete. Schimba\u021bi, lua\u021bi m\u0103suri... Comanda\u021bi copia manualului pentru p\u0103rin\u021bi.","breadcrumb":{"@id":"https:\/\/licnirazvoj.rs\/sunt-fericita-ca-te-am-nascut-pe-tine-chiar-asa-cum-esti-biljana-grbovic-ro\/#breadcrumb"},"inLanguage":"ro-RO","potentialAction":[{"@type":"ReadAction","target":["https:\/\/licnirazvoj.rs\/sunt-fericita-ca-te-am-nascut-pe-tine-chiar-asa-cum-esti-biljana-grbovic-ro\/"]}]},{"@type":"ImageObject","inLanguage":"ro-RO","@id":"https:\/\/licnirazvoj.rs\/sunt-fericita-ca-te-am-nascut-pe-tine-chiar-asa-cum-esti-biljana-grbovic-ro\/#primaryimage","url":"https:\/\/licnirazvoj.rs\/wp-content\/uploads\/2024\/04\/seo-lat-ro.webp","contentUrl":"https:\/\/licnirazvoj.rs\/wp-content\/uploads\/2024\/04\/seo-lat-ro.webp","width":1920,"height":1507},{"@type":"BreadcrumbList","@id":"https:\/\/licnirazvoj.rs\/sunt-fericita-ca-te-am-nascut-pe-tine-chiar-asa-cum-esti-biljana-grbovic-ro\/#breadcrumb","itemListElement":[{"@type":"ListItem","position":1,"name":"Po\u010detna","item":"https:\/\/licnirazvoj.rs\/"},{"@type":"ListItem","position":2,"name":"Sunt fericit\u0103 c\u0103 te-am n\u0103scut pe tine, chiar a\u0219a cum e\u0219ti &#8211; Biljana Grbovi\u0107 &#8211; RO"}]},{"@type":"WebSite","@id":"https:\/\/licnirazvoj.rs\/#website","url":"https:\/\/licnirazvoj.rs\/","name":"Li\u010dni Razvoj - Biljana Grbovi\u0107","description":"Udru\u017eenje roditelja Matica","publisher":{"@id":"https:\/\/licnirazvoj.rs\/#\/schema\/person\/0773d084b790a9bb295bbf04f2e2fc9b"},"potentialAction":[{"@type":"SearchAction","target":{"@type":"EntryPoint","urlTemplate":"https:\/\/licnirazvoj.rs\/?s={search_term_string}"},"query-input":"required name=search_term_string"}],"inLanguage":"ro-RO"},{"@type":["Person","Organization"],"@id":"https:\/\/licnirazvoj.rs\/#\/schema\/person\/0773d084b790a9bb295bbf04f2e2fc9b","name":"Biljana Grbovi\u0107","image":{"@type":"ImageObject","inLanguage":"ro-RO","@id":"https:\/\/licnirazvoj.rs\/#\/schema\/person\/image\/","url":"http:\/\/licnirazvoj.rs\/wp-content\/uploads\/2020\/08\/IBI_3240-795x530.jpg","contentUrl":"http:\/\/licnirazvoj.rs\/wp-content\/uploads\/2020\/08\/IBI_3240-795x530.jpg","width":"795","height":"530","caption":"Biljana Grbovi\u0107"},"logo":{"@id":"https:\/\/licnirazvoj.rs\/#\/schema\/person\/image\/"},"sameAs":["http:\/\/licnirazvoj.rs\/","https:\/\/www.facebook.com\/maticaudruzenjeroditelja","https:\/\/www.instagram.com\/udruzenje_roditelja_matica\/","https:\/\/www.youtube.com\/channel\/UCtoOPZc7FPAXLGna-JaofEQ\/"]}]}},"_links":{"self":[{"href":"https:\/\/licnirazvoj.rs\/ro\/wp-json\/wp\/v2\/pages\/5217","targetHints":{"allow":["GET"]}}],"collection":[{"href":"https:\/\/licnirazvoj.rs\/ro\/wp-json\/wp\/v2\/pages"}],"about":[{"href":"https:\/\/licnirazvoj.rs\/ro\/wp-json\/wp\/v2\/types\/page"}],"author":[{"embeddable":true,"href":"https:\/\/licnirazvoj.rs\/ro\/wp-json\/wp\/v2\/users\/2"}],"replies":[{"embeddable":true,"href":"https:\/\/licnirazvoj.rs\/ro\/wp-json\/wp\/v2\/comments?post=5217"}],"version-history":[{"count":7,"href":"https:\/\/licnirazvoj.rs\/ro\/wp-json\/wp\/v2\/pages\/5217\/revisions"}],"predecessor-version":[{"id":5611,"href":"https:\/\/licnirazvoj.rs\/ro\/wp-json\/wp\/v2\/pages\/5217\/revisions\/5611"}],"wp:featuredmedia":[{"embeddable":true,"href":"https:\/\/licnirazvoj.rs\/ro\/wp-json\/wp\/v2\/media\/5466"}],"wp:attachment":[{"href":"https:\/\/licnirazvoj.rs\/ro\/wp-json\/wp\/v2\/media?parent=5217"}],"curies":[{"name":"wp","href":"https:\/\/api.w.org\/{rel}","templated":true}]}}