{"id":5333,"date":"2024-01-17T19:25:54","date_gmt":"2024-01-17T19:25:54","guid":{"rendered":"http:\/\/licnirazvoj.rs\/?page_id=5333"},"modified":"2026-03-06T03:14:26","modified_gmt":"2026-03-06T01:14:26","slug":"veseli-me-da-sem-rodila-ravno-tebe-ravno-taksno-taksnega-biljana-grbovic-slo","status":"publish","type":"page","link":"https:\/\/licnirazvoj.rs\/ro\/veseli-me-da-sem-rodila-ravno-tebe-ravno-taksno-taksnega-biljana-grbovic-slo\/","title":{"rendered":"Veseli me, da sem rodila ravno tebe, ravno tak\u0161no, tak\u0161nega &#8211; Biljana Grbovi\u0107 &#8211; SLO"},"content":{"rendered":"<div class=\"wpb-content-wrapper\"><p>[vc_section full_width=&#8221;stretch_row&#8221; css=&#8221;.vc_custom_1628854099783{margin-top: 0px !important;padding-bottom: 40px !important;background-color: #b16fb2 !important;}&#8221;][vc_row css=&#8221;.vc_custom_1611152746880{margin-bottom: 0px !important;padding-top: 0px !important;padding-bottom: 0px !important;}&#8221;][vc_column][vc_column_text]<\/p>\n<h1 style=\"text-align: center;\">Veseli me, da sem rodila ravno tebe, ravno tak\u0161no, tak\u0161nega<\/h1>\n<p>[\/vc_column_text][\/vc_column][\/vc_row][\/vc_section][vc_row css=&#8221;.vc_custom_1619011990158{border-bottom-width: 20px !important;padding-top: 20px !important;}&#8221;][vc_column][vc_custom_heading text=&#8221;Nau\u010dite se vzgajati brez kritiziranja!&#8221; font_container=&#8221;tag:h2|text_align:center&#8221; use_theme_fonts=&#8221;yes&#8221; css=&#8221;.vc_custom_1701619525569{margin-top: 20px !important;margin-bottom: 20px !important;}&#8221; sep_position=&#8221;bottom&#8221; sep_aligment=&#8221;center&#8221; icon_hc=&#8221;hc-icon-smile&#8221; icon_size=&#8221;20px&#8221; link=&#8221;|||&#8221; sep_spacing_top=&#8221;14px&#8221; icon_color=&#8221;#ffa011&#8243;][vc_row_inner css=&#8221;.vc_custom_1647004688400{margin-bottom: 40px !important;}&#8221;][vc_column_inner width=&#8221;1\/2&#8243;][vc_raw_html css=&#8221;&#8221;]JTNDaWZyYW1lJTIwc3R5bGUlM0QlMjJ3aWR0aCUzQTEwMCUyNSUzQmFzcGVjdC1yYXRpbyUzQTE2JTJGOSUzQiUyMiUyMHNyYyUzRCUyMmh0dHBzJTNBJTJGJTJGd3d3LnlvdXR1YmUuY29tJTJGZW1iZWQlMkZ4Q2xnRDNYRTZvdyUzRmNjX2xvYWRfcG9saWN5JTNEMSUyNmNjX2xhbmdfcHJlZiUzRHNsJTIyJTIwYWxsb3dmdWxsc2NyZWVuJTNFJTBBJTNDJTJGaWZyYW1lJTNF[\/vc_raw_html][\/vc_column_inner][vc_column_inner width=&#8221;1\/2&#8243; css=&#8221;.vc_custom_1647006273640{margin-top: 30px !important;}&#8221;][vc_column_text css=&#8221;.vc_custom_1701619559173{margin-top: 30px !important;margin-left: 20px !important;}&#8221;]<\/p>\n<h4>Da to\u010dno veste, kako morate ravnati v situacijah, ko se va\u0161 otrok no\u010de u\u010diti, ko no\u010de pospraviti svojih stvari, ko je predolgo na telefonu, ko gre pozno spat, ne zna se znajti v dru\u017ebi, je predrzen\u2026<\/h4>\n<p>[\/vc_column_text][vc_btn title=&#8221;Naro\u010dite svoj izvod!&#8221; shape=&#8221;round&#8221; color=&#8221;warning&#8221; size=&#8221;lg&#8221; align=&#8221;center&#8221; i_icon_fontawesome=&#8221;fas fa-mouse-pointer&#8221; add_icon=&#8221;true&#8221; link=&#8221;url:%23order&#8221;][\/vc_column_inner][\/vc_row_inner][\/vc_column][\/vc_row][vc_section css=&#8221;.vc_custom_1629375020158{padding-top: 20px !important;padding-bottom: 40px !important;}&#8221;][vc_row][vc_column width=&#8221;1\/6&#8243; css=&#8221;.vc_custom_1625223183067{margin-top: -10px !important;}&#8221;][\/vc_column][vc_column width=&#8221;2\/3&#8243;][vc_custom_heading text=&#8221;Poskrbite, da se va\u0161 otrok po\u010duti ljubljeno in trdno, da pa pri tem ima delovne navade in samodisciplino!&#8221; font_container=&#8221;tag:h2|text_align:center&#8221; use_theme_fonts=&#8221;yes&#8221; css=&#8221;.vc_custom_1701619815483{margin-top: 0px !important;margin-bottom: 20px !important;}&#8221; sep_position=&#8221;bottom&#8221; sep_aligment=&#8221;center&#8221; icon_hc=&#8221;hc-icon-smile&#8221; icon_size=&#8221;17px&#8221; link=&#8221;|||&#8221; sep_spacing_top=&#8221;14px&#8221; icon_color=&#8221;#ffa011&#8243;][\/vc_column][vc_column width=&#8221;1\/6&#8243;][\/vc_column][\/vc_row][vc_row][vc_column css=&#8221;.vc_custom_1618999080134{padding-top: 30px !important;}&#8221;][vc_tta_tabs shape=&#8221;round&#8221; color=&#8221;purple&#8221; spacing=&#8221;35&#8243; alignment=&#8221;center&#8221; active_section=&#8221;1&#8243;][vc_tta_section title=&#8221;Natan\u010dna vsebina&#8221; tab_id=&#8221;1628848276233-3ff72b56-2530&#8243;][vc_row_inner][vc_column_inner width=&#8221;1\/3&#8243;][vc_column_text]<span style=\"color: #993366;\"><strong><u>OSNOVNA VPRA\u0160ANJA STAR\u0160EV<\/u><\/strong><\/span><\/p>\n<p><strong>KAKO NAJ:<\/strong><\/p>\n<ul>\n<li>otroku nahranim du\u0161o<\/li>\n<li>vzgajam brez kritiziranja<\/li>\n<li>bo kaznovanje dejanje ljubezni<\/li>\n<li>razvijam otrokovo samozavest<\/li>\n<li>se moj otrok nau\u010di imeti rad in sprejemati sebe<\/li>\n<li>verjamem, da je sprememba pri mojem otroku mo\u017ena<\/li>\n<li>z otroki razvijem tople in tesne odnose<\/li>\n<li>otrok osvoji pravi sistem vrednosti<\/li>\n<li>moj otrok ima vero v naj\u0161ir\u0161em smislu te besede<\/li>\n<\/ul>\n<p>[\/vc_column_text][\/vc_column_inner][vc_column_inner width=&#8221;1\/3&#8243;][vc_column_text]<span style=\"color: #993366;\"><strong><u>KONKRETNE RE\u0160ITVE DISCIPLINIRANJA<\/u><\/strong><\/span><\/p>\n<p><strong>KAKO NAJ:<\/strong><\/p>\n<ul>\n<li>nau\u010dim otroka zmerno uporabljati tehnologijo<\/li>\n<li>zaustavim dramo po odvzemu telefona<\/li>\n<li>nau\u010dim otroka samostojnega igranja<\/li>\n<li>bo moj otrok pripravljen na te\u017eave in kako naj se nau\u010di po\u010dakati<\/li>\n<li>bo moj otrok samostojen u\u010denec ali dijak<\/li>\n<li>moj otrok uboga na prvo<\/li>\n<li>je raznovrstno hrano<\/li>\n<li>nau\u010dim otroka opravljati hi\u0161ne opravke<\/li>\n<li>nau\u010dim otroka, da ne odgovarja in ne bo predrzen<\/li>\n<li>nau\u010dim otroka vstajati in le\u010di pravo\u010dasno<\/li>\n<li>ravnam, ko otrok sili, da se mu nekaj kupi<\/li>\n<li>najdem \u010das za starej\u0161ega otroka, ko pride dojen\u010dek<\/li>\n<\/ul>\n<p>[\/vc_column_text][\/vc_column_inner][vc_column_inner width=&#8221;1\/3&#8243;][vc_column_text]<span style=\"color: #993366;\"><strong><u>SOCIALIZACIJA Z VRSTNIKI<\/u><\/strong><\/span><\/p>\n<p><strong>KAKO NAJ:<\/strong><\/p>\n<ul>\n<li>bo moj otrok socialno trden<\/li>\n<li>moj otrok izbere dobro dru\u017ebo<\/li>\n<li>reagiram, ko se moji otroci, bratje in sestre, prepirajo<\/li>\n<\/ul>\n<p>[\/vc_column_text][\/vc_column_inner][\/vc_row_inner][\/vc_tta_section][vc_tta_section title=&#8221;Galerija&#8221; tab_id=&#8221;1628848414071-406a35b4-4f40&#8243;][vc_row_inner][vc_column_inner width=&#8221;1\/3&#8243;][vc_single_image image=&#8221;5367&#8243; img_size=&#8221;full&#8221;][\/vc_column_inner][vc_column_inner width=&#8221;1\/3&#8243;][vc_single_image image=&#8221;5368&#8243; img_size=&#8221;full&#8221;][\/vc_column_inner][vc_column_inner width=&#8221;1\/3&#8243;][vc_single_image image=&#8221;5369&#8243; img_size=&#8221;full&#8221;][\/vc_column_inner][\/vc_row_inner][\/vc_tta_section][vc_tta_section title=&#8221;Prelistaj knjigo&#8221; tab_id=&#8221;1634843645712-998d1ef6-21b5&#8243;][vc_row_inner][vc_column_inner][vc_video link=&#8221;https:\/\/www.youtube.com\/watch?v=9nMxdH-dOQA&#8221; el_width=&#8221;70&#8243; align=&#8221;center&#8221; css=&#8221;.vc_custom_1706709924766{margin-top: -20px !important;padding-top: 0px !important;}&#8221;][\/vc_column_inner][\/vc_row_inner][\/vc_tta_section][\/vc_tta_tabs][\/vc_column][\/vc_row][\/vc_section][vc_section full_width=&#8221;stretch_row&#8221; css=&#8221;.vc_custom_1628855107517{margin-right: 20px !important;margin-left: 20px !important;background-color: #b16fb2 !important;border-radius: 3px !important;}&#8221;][vc_row][vc_column][vc_custom_heading text=&#8221;Vtisi in priporo\u010dila&#8221; font_container=&#8221;tag:h2|text_align:center|color:%23ffffff&#8221; use_theme_fonts=&#8221;yes&#8221; css=&#8221;.vc_custom_1701620735047{margin-top: 25px !important;margin-bottom: 20px !important;}&#8221; sep_position=&#8221;bottom&#8221; sep_aligment=&#8221;center&#8221; icon_hc=&#8221;hc-icon-smile&#8221; icon_size=&#8221;17px&#8221; link=&#8221;|||&#8221; sep_spacing_top=&#8221;14px&#8221; icon_color=&#8221;#ffa011&#8243;][\/vc_column][\/vc_row][vc_row gap=&#8221;30&#8243;][vc_column width=&#8221;1\/3&#8243;][vc_single_image image=&#8221;5420&#8243; img_size=&#8221;full&#8221;][vc_single_image image=&#8221;5422&#8243; img_size=&#8221;full&#8221;][\/vc_column][vc_column width=&#8221;1\/3&#8243;][vc_single_image image=&#8221;5418&#8243; img_size=&#8221;full&#8221;][vc_single_image image=&#8221;5419&#8243; img_size=&#8221;full&#8221;][\/vc_column][vc_column width=&#8221;1\/3&#8243;][vc_single_image image=&#8221;5417&#8243; img_size=&#8221;full&#8221;][vc_single_image image=&#8221;5549&#8243; img_size=&#8221;full&#8221; css=&#8221;&#8221;][\/vc_column][\/vc_row][\/vc_section][vc_section full_width=&#8221;stretch_row&#8221; css=&#8221;.vc_custom_1628858645117{margin-right: 20px !important;margin-left: 20px !important;padding-top: 40px !important;padding-bottom: 40px !important;background-color: #b16fb2 !important;}&#8221; el_id=&#8221;order&#8221;][vc_row content_placement=&#8221;middle&#8221; css=&#8221;.vc_custom_1617360814224{margin-top: 0px !important;margin-bottom: 0px !important;}&#8221;][vc_column width=&#8221;2\/3&#8243;][vc_column_text css=&#8221;.vc_custom_1701620767770{margin-top: 25px !important;}&#8221;]<\/p>\n<h2 style=\"text-align: center;\"><span style=\"color: #ffffff;\">Naro\u010dite Va\u0161 izvod!<\/span><\/h2>\n<p>[\/vc_column_text][vc_column_text css=&#8221;.vc_custom_1744796561749{padding-bottom: 40px !important;}&#8221;]<\/p>\n<p style=\"text-align: center;\"><span style=\"color: #ffffff;\">Izpolnite podatke in po\u0161ljite naro\u010dilo za va\u0161 izvod priro\u010dnika za star\u0161e.<\/span><\/p>\n<p style=\"text-align: center;\"><span style=\"color: #ffffff;\">Cena knjige je\u00a0<\/span><span style=\"color: #ffffff; font-size: 22px;\"><strong>21\u20ac<\/strong><\/span><span style=\"color: #ffffff;\"> (po\u0161tnina je vklju\u010dena v ceno).<\/span><\/p>\n<p>[\/vc_column_text][vc_single_image image=&#8221;5605&#8243; img_size=&#8221;full&#8221; alignment=&#8221;center&#8221; css=&#8221;&#8221;][vc_column_text css=&#8221;.vc_custom_1701620960020{padding-bottom: 40px !important;}&#8221;]<\/p>\n<p style=\"text-align: center;\"><span style=\"color: #ffffff;\">Pla\u010dilo po prevzemu.<\/span><\/p>\n<p>[\/vc_column_text][\/vc_column][vc_column width=&#8221;1\/3&#8243; css=&#8221;.vc_custom_1628846448576{margin-top: 50px !important;padding-top: 20px !important;padding-right: 5px !important;padding-bottom: 20px !important;padding-left: 0px !important;background-color: #ffffff !important;}&#8221;][vc_raw_html css=&#8221;.vc_custom_1712142274712{margin-bottom: 5px !important;border-bottom-width: 5px !important;padding-bottom: 5px !important;padding-left: 30px !important;}&#8221;]JTVCZm9ybWluYXRvcl9mb3JtJTIwaWQlM0QlMjI1MzM2JTIyJTVE[\/vc_raw_html][\/vc_column][\/vc_row][\/vc_section][vc_section css=&#8221;.vc_custom_1628848580276{margin-top: 40px !important;margin-right: 20px !important;margin-bottom: 40px !important;margin-left: 20px !important;}&#8221;][vc_row css=&#8221;.vc_custom_1557741467954{padding-top: 10px !important;}&#8221;][vc_column width=&#8221;1\/3&#8243; css=&#8221;.vc_custom_1625221905882{margin-top: 30px !important;}&#8221;][vc_custom_heading text=&#8221;O avtorici:&#8221; font_container=&#8221;tag:h2|text_align:center&#8221; use_theme_fonts=&#8221;yes&#8221; sep_position=&#8221;bottom&#8221; icon_hc=&#8221;hc-icon-smile&#8221; icon_color=&#8221;#ffa011&#8243; icon_size=&#8221;17px&#8221; sep_spacing_top=&#8221;14px&#8221;][vc_single_image image=&#8221;4899&#8243; img_size=&#8221;large&#8221; style=&#8221;vc_box_border_circle_2&#8243; css=&#8221;.vc_custom_1674652655417{margin-top: 30px !important;}&#8221;][\/vc_column][vc_column width=&#8221;2\/3&#8243; css=&#8221;.vc_custom_1625221940931{margin-top: 30px !important;}&#8221;][vc_column_text]Zakaj sem se odlo\u010dila ukvarjati se s star\u0161evstvom:<\/p>\n<ul>\n<li>ker si \u017eelim, da moji otroci \u017eivijo v \u010dimbolj zdravem okolju, da imajo dobre prijatelje, kolege in partnerje,<\/li>\n<li>ker menim, da je to kar vem zaklad, ki ga imam in ga moram deliti,<\/li>\n<li>ker sem preverila svoja stali\u0161\u010da in znanja prakti\u010dno v petnajstletni \u0161olski praksi in trikrat kot star\u0161,<\/li>\n<li>ker vem, da je zaman vse, kar delamo v kolikor odnegujemo nesposobne generacije,<\/li>\n<li>ker sem \u017ee kot otrok vedela, da je star\u0161evstvo podro\u010dje, ki intelektualno, emotivno in duhovno najbolj ustreza mojemu bitju,<\/li>\n<li>ker rada pomagam in doprina\u0161am!<\/li>\n<\/ul>\n<p>Biljana Grbovi\u0107<\/p>\n<p>Ve\u010d o avtorici lahko izveste na spletni strani <a href=\"http:\/\/licnirazvoj.rs\/o-meni\/\" target=\"_blank\" rel=\"noopener\">licnirazvoj.rs<\/a> ali na Facebook strani <a href=\"https:\/\/www.facebook.com\/maticaudruzenjeroditelja\" target=\"_blank\" rel=\"noopener\">Dru\u0161tva Mati star\u0161ev<\/a>.[\/vc_column_text][\/vc_column][\/vc_row][\/vc_section]<\/p>\n<\/div>","protected":false},"excerpt":{"rendered":"<p>[vc_section full_width=&#8221;stretch_row&#8221; css=&#8221;.vc_custom_1628854099783{margin-top: 0px !important;padding-bottom: 40px !important;background-color: #b16fb2 !important;}&#8221;][vc_row css=&#8221;.vc_custom_1611152746880{margin-bottom: 0px !important;padding-top: 0px !important;padding-bottom: 0px&#8230;<\/p>\n","protected":false},"author":2,"featured_media":5464,"parent":0,"menu_order":0,"comment_status":"closed","ping_status":"closed","template":"","meta":{"_monsterinsights_skip_tracking":false,"_monsterinsights_sitenote_active":false,"_monsterinsights_sitenote_note":"","_monsterinsights_sitenote_category":0,"footnotes":""},"class_list":["post-5333","page","type-page","status-publish","has-post-thumbnail","hentry"],"yoast_head":"<!-- This site is optimized with the Yoast SEO plugin v23.3 - https:\/\/yoast.com\/wordpress\/plugins\/seo\/ -->\n<title>Veseli me, da sem rodila ravno tebe, ravno tak\u0161no, tak\u0161nega<\/title>\n<meta name=\"description\" content=\"Priro\u010dnik za star\u0161e, sestavljen izklju\u010dno iz konkretnih re\u0161itev. Spremenite, ukrepajte... Naro\u010dite svoj izvod priro\u010dnika za star\u0161e.\" \/>\n<meta name=\"robots\" content=\"index, follow, max-snippet:-1, max-image-preview:large, max-video-preview:-1\" \/>\n<link rel=\"canonical\" href=\"https:\/\/licnirazvoj.rs\/ro\/veseli-me-da-sem-rodila-ravno-tebe-ravno-taksno-taksnega-biljana-grbovic-slo\/\" \/>\n<meta property=\"og:locale\" content=\"ro_RO\" \/>\n<meta property=\"og:locale:alternate\" content=\"sr_RS\" \/>\n<meta property=\"og:type\" content=\"article\" \/>\n<meta property=\"og:title\" content=\"Veseli me, da sem rodila ravno tebe, ravno tak\u0161no, tak\u0161nega\" \/>\n<meta property=\"og:description\" content=\"Priro\u010dnik za star\u0161e, sestavljen izklju\u010dno iz konkretnih re\u0161itev. Spremenite, ukrepajte... Naro\u010dite svoj izvod priro\u010dnika za star\u0161e.\" \/>\n<meta property=\"og:url\" content=\"https:\/\/licnirazvoj.rs\/ro\/veseli-me-da-sem-rodila-ravno-tebe-ravno-taksno-taksnega-biljana-grbovic-slo\/\" \/>\n<meta property=\"og:site_name\" content=\"Li\u010dni Razvoj - Biljana Grbovi\u0107\" \/>\n<meta property=\"article:publisher\" content=\"https:\/\/www.facebook.com\/maticaudruzenjeroditelja\" \/>\n<meta property=\"article:modified_time\" content=\"2026-03-06T01:14:26+00:00\" \/>\n<meta property=\"og:image\" content=\"http:\/\/licnirazvoj.rs\/wp-content\/uploads\/2024\/04\/seo-lat-slo.webp\" \/>\n\t<meta property=\"og:image:width\" content=\"1920\" \/>\n\t<meta property=\"og:image:height\" content=\"1507\" \/>\n\t<meta property=\"og:image:type\" content=\"image\/webp\" \/>\n<meta name=\"twitter:card\" content=\"summary_large_image\" \/>\n<meta name=\"twitter:label1\" content=\"Timp estimat pentru citire\" \/>\n\t<meta name=\"twitter:data1\" content=\"6 minute\" \/>\n<script type=\"application\/ld+json\" class=\"yoast-schema-graph\">{\"@context\":\"https:\/\/schema.org\",\"@graph\":[{\"@type\":\"WebPage\",\"@id\":\"https:\/\/licnirazvoj.rs\/veseli-me-da-sem-rodila-ravno-tebe-ravno-taksno-taksnega-biljana-grbovic-slo\/\",\"url\":\"https:\/\/licnirazvoj.rs\/veseli-me-da-sem-rodila-ravno-tebe-ravno-taksno-taksnega-biljana-grbovic-slo\/\",\"name\":\"Veseli me, da sem rodila ravno tebe, ravno tak\u0161no, tak\u0161nega\",\"isPartOf\":{\"@id\":\"https:\/\/licnirazvoj.rs\/#website\"},\"primaryImageOfPage\":{\"@id\":\"https:\/\/licnirazvoj.rs\/veseli-me-da-sem-rodila-ravno-tebe-ravno-taksno-taksnega-biljana-grbovic-slo\/#primaryimage\"},\"image\":{\"@id\":\"https:\/\/licnirazvoj.rs\/veseli-me-da-sem-rodila-ravno-tebe-ravno-taksno-taksnega-biljana-grbovic-slo\/#primaryimage\"},\"thumbnailUrl\":\"https:\/\/licnirazvoj.rs\/wp-content\/uploads\/2024\/04\/seo-lat-slo.webp\",\"datePublished\":\"2024-01-17T19:25:54+00:00\",\"dateModified\":\"2026-03-06T01:14:26+00:00\",\"description\":\"Priro\u010dnik za star\u0161e, sestavljen izklju\u010dno iz konkretnih re\u0161itev. Spremenite, ukrepajte... Naro\u010dite svoj izvod priro\u010dnika za star\u0161e.\",\"breadcrumb\":{\"@id\":\"https:\/\/licnirazvoj.rs\/veseli-me-da-sem-rodila-ravno-tebe-ravno-taksno-taksnega-biljana-grbovic-slo\/#breadcrumb\"},\"inLanguage\":\"ro-RO\",\"potentialAction\":[{\"@type\":\"ReadAction\",\"target\":[\"https:\/\/licnirazvoj.rs\/veseli-me-da-sem-rodila-ravno-tebe-ravno-taksno-taksnega-biljana-grbovic-slo\/\"]}]},{\"@type\":\"ImageObject\",\"inLanguage\":\"ro-RO\",\"@id\":\"https:\/\/licnirazvoj.rs\/veseli-me-da-sem-rodila-ravno-tebe-ravno-taksno-taksnega-biljana-grbovic-slo\/#primaryimage\",\"url\":\"https:\/\/licnirazvoj.rs\/wp-content\/uploads\/2024\/04\/seo-lat-slo.webp\",\"contentUrl\":\"https:\/\/licnirazvoj.rs\/wp-content\/uploads\/2024\/04\/seo-lat-slo.webp\",\"width\":1920,\"height\":1507},{\"@type\":\"BreadcrumbList\",\"@id\":\"https:\/\/licnirazvoj.rs\/veseli-me-da-sem-rodila-ravno-tebe-ravno-taksno-taksnega-biljana-grbovic-slo\/#breadcrumb\",\"itemListElement\":[{\"@type\":\"ListItem\",\"position\":1,\"name\":\"Po\u010detna\",\"item\":\"https:\/\/licnirazvoj.rs\/\"},{\"@type\":\"ListItem\",\"position\":2,\"name\":\"Veseli me, da sem rodila ravno tebe, ravno tak\u0161no, tak\u0161nega &#8211; Biljana Grbovi\u0107 &#8211; SLO\"}]},{\"@type\":\"WebSite\",\"@id\":\"https:\/\/licnirazvoj.rs\/#website\",\"url\":\"https:\/\/licnirazvoj.rs\/\",\"name\":\"Li\u010dni Razvoj - Biljana Grbovi\u0107\",\"description\":\"Udru\u017eenje roditelja Matica\",\"publisher\":{\"@id\":\"https:\/\/licnirazvoj.rs\/#\/schema\/person\/0773d084b790a9bb295bbf04f2e2fc9b\"},\"potentialAction\":[{\"@type\":\"SearchAction\",\"target\":{\"@type\":\"EntryPoint\",\"urlTemplate\":\"https:\/\/licnirazvoj.rs\/?s={search_term_string}\"},\"query-input\":\"required name=search_term_string\"}],\"inLanguage\":\"ro-RO\"},{\"@type\":[\"Person\",\"Organization\"],\"@id\":\"https:\/\/licnirazvoj.rs\/#\/schema\/person\/0773d084b790a9bb295bbf04f2e2fc9b\",\"name\":\"Biljana Grbovi\u0107\",\"image\":{\"@type\":\"ImageObject\",\"inLanguage\":\"ro-RO\",\"@id\":\"https:\/\/licnirazvoj.rs\/#\/schema\/person\/image\/\",\"url\":\"http:\/\/licnirazvoj.rs\/wp-content\/uploads\/2020\/08\/IBI_3240-795x530.jpg\",\"contentUrl\":\"http:\/\/licnirazvoj.rs\/wp-content\/uploads\/2020\/08\/IBI_3240-795x530.jpg\",\"width\":\"795\",\"height\":\"530\",\"caption\":\"Biljana Grbovi\u0107\"},\"logo\":{\"@id\":\"https:\/\/licnirazvoj.rs\/#\/schema\/person\/image\/\"},\"sameAs\":[\"http:\/\/licnirazvoj.rs\/\",\"https:\/\/www.facebook.com\/maticaudruzenjeroditelja\",\"https:\/\/www.instagram.com\/udruzenje_roditelja_matica\/\",\"https:\/\/www.youtube.com\/channel\/UCtoOPZc7FPAXLGna-JaofEQ\/\"]}]}<\/script>\n<!-- \/ Yoast SEO plugin. -->","yoast_head_json":{"title":"Veseli me, da sem rodila ravno tebe, ravno tak\u0161no, tak\u0161nega","description":"Priro\u010dnik za star\u0161e, sestavljen izklju\u010dno iz konkretnih re\u0161itev. Spremenite, ukrepajte... Naro\u010dite svoj izvod priro\u010dnika za star\u0161e.","robots":{"index":"index","follow":"follow","max-snippet":"max-snippet:-1","max-image-preview":"max-image-preview:large","max-video-preview":"max-video-preview:-1"},"canonical":"https:\/\/licnirazvoj.rs\/ro\/veseli-me-da-sem-rodila-ravno-tebe-ravno-taksno-taksnega-biljana-grbovic-slo\/","og_locale":"ro_RO","og_type":"article","og_title":"Veseli me, da sem rodila ravno tebe, ravno tak\u0161no, tak\u0161nega","og_description":"Priro\u010dnik za star\u0161e, sestavljen izklju\u010dno iz konkretnih re\u0161itev. Spremenite, ukrepajte... Naro\u010dite svoj izvod priro\u010dnika za star\u0161e.","og_url":"https:\/\/licnirazvoj.rs\/ro\/veseli-me-da-sem-rodila-ravno-tebe-ravno-taksno-taksnega-biljana-grbovic-slo\/","og_site_name":"Li\u010dni Razvoj - Biljana Grbovi\u0107","article_publisher":"https:\/\/www.facebook.com\/maticaudruzenjeroditelja","article_modified_time":"2026-03-06T01:14:26+00:00","og_image":[{"width":1920,"height":1507,"url":"http:\/\/licnirazvoj.rs\/wp-content\/uploads\/2024\/04\/seo-lat-slo.webp","type":"image\/webp"}],"twitter_card":"summary_large_image","twitter_misc":{"Timp estimat pentru citire":"6 minute"},"schema":{"@context":"https:\/\/schema.org","@graph":[{"@type":"WebPage","@id":"https:\/\/licnirazvoj.rs\/veseli-me-da-sem-rodila-ravno-tebe-ravno-taksno-taksnega-biljana-grbovic-slo\/","url":"https:\/\/licnirazvoj.rs\/veseli-me-da-sem-rodila-ravno-tebe-ravno-taksno-taksnega-biljana-grbovic-slo\/","name":"Veseli me, da sem rodila ravno tebe, ravno tak\u0161no, tak\u0161nega","isPartOf":{"@id":"https:\/\/licnirazvoj.rs\/#website"},"primaryImageOfPage":{"@id":"https:\/\/licnirazvoj.rs\/veseli-me-da-sem-rodila-ravno-tebe-ravno-taksno-taksnega-biljana-grbovic-slo\/#primaryimage"},"image":{"@id":"https:\/\/licnirazvoj.rs\/veseli-me-da-sem-rodila-ravno-tebe-ravno-taksno-taksnega-biljana-grbovic-slo\/#primaryimage"},"thumbnailUrl":"https:\/\/licnirazvoj.rs\/wp-content\/uploads\/2024\/04\/seo-lat-slo.webp","datePublished":"2024-01-17T19:25:54+00:00","dateModified":"2026-03-06T01:14:26+00:00","description":"Priro\u010dnik za star\u0161e, sestavljen izklju\u010dno iz konkretnih re\u0161itev. Spremenite, ukrepajte... Naro\u010dite svoj izvod priro\u010dnika za star\u0161e.","breadcrumb":{"@id":"https:\/\/licnirazvoj.rs\/veseli-me-da-sem-rodila-ravno-tebe-ravno-taksno-taksnega-biljana-grbovic-slo\/#breadcrumb"},"inLanguage":"ro-RO","potentialAction":[{"@type":"ReadAction","target":["https:\/\/licnirazvoj.rs\/veseli-me-da-sem-rodila-ravno-tebe-ravno-taksno-taksnega-biljana-grbovic-slo\/"]}]},{"@type":"ImageObject","inLanguage":"ro-RO","@id":"https:\/\/licnirazvoj.rs\/veseli-me-da-sem-rodila-ravno-tebe-ravno-taksno-taksnega-biljana-grbovic-slo\/#primaryimage","url":"https:\/\/licnirazvoj.rs\/wp-content\/uploads\/2024\/04\/seo-lat-slo.webp","contentUrl":"https:\/\/licnirazvoj.rs\/wp-content\/uploads\/2024\/04\/seo-lat-slo.webp","width":1920,"height":1507},{"@type":"BreadcrumbList","@id":"https:\/\/licnirazvoj.rs\/veseli-me-da-sem-rodila-ravno-tebe-ravno-taksno-taksnega-biljana-grbovic-slo\/#breadcrumb","itemListElement":[{"@type":"ListItem","position":1,"name":"Po\u010detna","item":"https:\/\/licnirazvoj.rs\/"},{"@type":"ListItem","position":2,"name":"Veseli me, da sem rodila ravno tebe, ravno tak\u0161no, tak\u0161nega &#8211; Biljana Grbovi\u0107 &#8211; SLO"}]},{"@type":"WebSite","@id":"https:\/\/licnirazvoj.rs\/#website","url":"https:\/\/licnirazvoj.rs\/","name":"Li\u010dni Razvoj - Biljana Grbovi\u0107","description":"Udru\u017eenje roditelja Matica","publisher":{"@id":"https:\/\/licnirazvoj.rs\/#\/schema\/person\/0773d084b790a9bb295bbf04f2e2fc9b"},"potentialAction":[{"@type":"SearchAction","target":{"@type":"EntryPoint","urlTemplate":"https:\/\/licnirazvoj.rs\/?s={search_term_string}"},"query-input":"required name=search_term_string"}],"inLanguage":"ro-RO"},{"@type":["Person","Organization"],"@id":"https:\/\/licnirazvoj.rs\/#\/schema\/person\/0773d084b790a9bb295bbf04f2e2fc9b","name":"Biljana Grbovi\u0107","image":{"@type":"ImageObject","inLanguage":"ro-RO","@id":"https:\/\/licnirazvoj.rs\/#\/schema\/person\/image\/","url":"http:\/\/licnirazvoj.rs\/wp-content\/uploads\/2020\/08\/IBI_3240-795x530.jpg","contentUrl":"http:\/\/licnirazvoj.rs\/wp-content\/uploads\/2020\/08\/IBI_3240-795x530.jpg","width":"795","height":"530","caption":"Biljana Grbovi\u0107"},"logo":{"@id":"https:\/\/licnirazvoj.rs\/#\/schema\/person\/image\/"},"sameAs":["http:\/\/licnirazvoj.rs\/","https:\/\/www.facebook.com\/maticaudruzenjeroditelja","https:\/\/www.instagram.com\/udruzenje_roditelja_matica\/","https:\/\/www.youtube.com\/channel\/UCtoOPZc7FPAXLGna-JaofEQ\/"]}]}},"_links":{"self":[{"href":"https:\/\/licnirazvoj.rs\/ro\/wp-json\/wp\/v2\/pages\/5333","targetHints":{"allow":["GET"]}}],"collection":[{"href":"https:\/\/licnirazvoj.rs\/ro\/wp-json\/wp\/v2\/pages"}],"about":[{"href":"https:\/\/licnirazvoj.rs\/ro\/wp-json\/wp\/v2\/types\/page"}],"author":[{"embeddable":true,"href":"https:\/\/licnirazvoj.rs\/ro\/wp-json\/wp\/v2\/users\/2"}],"replies":[{"embeddable":true,"href":"https:\/\/licnirazvoj.rs\/ro\/wp-json\/wp\/v2\/comments?post=5333"}],"version-history":[{"count":6,"href":"https:\/\/licnirazvoj.rs\/ro\/wp-json\/wp\/v2\/pages\/5333\/revisions"}],"predecessor-version":[{"id":5532,"href":"https:\/\/licnirazvoj.rs\/ro\/wp-json\/wp\/v2\/pages\/5333\/revisions\/5532"}],"wp:featuredmedia":[{"embeddable":true,"href":"https:\/\/licnirazvoj.rs\/ro\/wp-json\/wp\/v2\/media\/5464"}],"wp:attachment":[{"href":"https:\/\/licnirazvoj.rs\/ro\/wp-json\/wp\/v2\/media?parent=5333"}],"curies":[{"name":"wp","href":"https:\/\/api.w.org\/{rel}","templated":true}]}}